{"id":1005,"date":"2025-11-11T12:47:30","date_gmt":"2025-11-11T10:47:30","guid":{"rendered":"https:\/\/norgcore.com\/?page_id=1005"},"modified":"2025-12-15T13:19:41","modified_gmt":"2025-12-15T11:19:41","slug":"drutex-garantinis-lapas","status":"publish","type":"page","link":"https:\/\/norgcore.com\/en\/drutex-garantinis-lapas\/","title":{"rendered":"Drutex product guarantee"},"content":{"rendered":"<div data-elementor-type=\"wp-page\" data-elementor-id=\"1005\" class=\"elementor elementor-1005\" data-elementor-post-type=\"page\">\n\t\t\t\t\t\t<section class=\"elementor-section elementor-top-section elementor-element elementor-element-6642098c elementor-reverse-mobile elementor-section-boxed elementor-section-height-default elementor-section-height-default\" data-id=\"6642098c\" data-element_type=\"section\" data-settings=\"{&quot;background_background&quot;:&quot;classic&quot;}\">\n\t\t\t\t\t\t\t<div class=\"elementor-background-overlay\"><\/div>\n\t\t\t\t\t\t\t<div class=\"elementor-container elementor-column-gap-default\">\n\t\t\t\t\t<div class=\"elementor-column elementor-col-50 elementor-top-column elementor-element elementor-element-dc10987 elementor-invisible\" data-id=\"dc10987\" data-element_type=\"column\" data-settings=\"{&quot;background_background&quot;:&quot;classic&quot;,&quot;animation&quot;:&quot;slideInUp&quot;}\">\n\t\t\t<div class=\"elementor-widget-wrap\">\n\t\t\t\t\t\t\t<\/div>\n\t\t<\/div>\n\t\t\t\t<div class=\"elementor-column elementor-col-50 elementor-top-column elementor-element elementor-element-4b458fad\" data-id=\"4b458fad\" data-element_type=\"column\">\n\t\t\t<div class=\"elementor-widget-wrap elementor-element-populated\">\n\t\t\t\t\t\t<section class=\"elementor-section elementor-inner-section elementor-element elementor-element-461a43ca elementor-section-boxed elementor-section-height-default elementor-section-height-default\" data-id=\"461a43ca\" data-element_type=\"section\">\n\t\t\t\t\t\t<div class=\"elementor-container elementor-column-gap-default\">\n\t\t\t\t\t<div class=\"elementor-column elementor-col-100 elementor-inner-column elementor-element elementor-element-5c75b23a\" data-id=\"5c75b23a\" data-element_type=\"column\">\n\t\t\t<div class=\"elementor-widget-wrap elementor-element-populated\">\n\t\t\t\t\t\t<div class=\"elementor-element elementor-element-217f0607 elementor-invisible elementor-widget elementor-widget-heading\" data-id=\"217f0607\" data-element_type=\"widget\" data-settings=\"{&quot;_animation&quot;:&quot;fadeInRight&quot;}\" data-widget_type=\"heading.default\">\n\t\t\t\t\t<h1 class=\"elementor-heading-title elementor-size-default\">Drutex product guarantee<\/h1>\t\t\t\t<\/div>\n\t\t\t\t\t<\/div>\n\t\t<\/div>\n\t\t\t\t\t<\/div>\n\t\t<\/section>\n\t\t\t\t\t<\/div>\n\t\t<\/div>\n\t\t\t\t\t<\/div>\n\t\t<\/section>\n\t\t<div class=\"elementor-element elementor-element-c112c7b e-flex e-con-boxed e-con e-parent\" data-id=\"c112c7b\" data-element_type=\"container\">\n\t\t\t\t\t<div class=\"e-con-inner\">\n\t\t\t\t<div class=\"elementor-element elementor-element-c8c9c80 elementor-widget elementor-widget-text-editor\" data-id=\"c8c9c80\" data-element_type=\"widget\" data-widget_type=\"text-editor.default\">\n\t\t\t\t\t\t\t\t\t<h3>I. GENERAL PROVISIONS<\/h3><p><strong>1. For the purposes of this Warranty Card, the terms:<\/strong><\/p><p>(a) Guarantor - means DRUTEX Sp\u00f3\u0142ka Akcyjna (joint stock company), registered in Byt\u00f3w,<br \/>L\u0119borska g. 31, 77-100 Byt\u00f3w, registered in the National Court Register under number 0000140428, VAT<br \/>Code: 842-16-22-720, REGON: 771564493, authorised capital - 21.690.000,00 PLN, fully paid up.<br \/>b) Warranty - shall be understood as a right of the Purchaser arising from the statement of the Warrantor in this Warranty Card.<br \/>(c) Installation Manual - understood as the document \u201eInstallation and<br \/>Admissions Handbook\u201c (PDF available at:<br \/>https:\/\/e-portal.drutex.pl\/pl\/document\/assembly_and_acceptance_guide, and in paper form on request).<\/p><p>d) Guarantee Sheet - this document containing the Guarantor's statement of guarantee, available at www.e-<br \/>portal.drutex.pl or in paper form at the Buyer's request.<\/p><p>(e) \"Consumer\" means a person referred to in Article 221 of the Civil Code of 23 April 1964 (1964 Laws<br \/>Handbook, No. 16, item 93, as amended).<br \/>f) \"Buyer\" means a professional entity or consumer who purchases a Product.<br \/>g) Manufacturer - shall be understood to mean the Warrantor.<br \/>(h) Product - PVC, ALUMINUM and WOOD window and door products offered in the Manufacturer's trade<br \/>as well as additional products such as external roller blinds (PVC), adaptive roller blinds<br \/>(ALUMINUM), external roller shutters RS, system accessories (handrails, handles, air vent openers, fans, door<br \/>attractants, fittings and patent lock cylinders, electric motors for roller shutters, electric locks) - for which<br \/>Warranty.<br \/>i) Service - the Guarantor's employees and partners who carry out activities to assess or implement the Buyer's<br \/>rights under the Guarantee.<br \/>j) \"Vendor\" means a natural or legal person who, in the course of business, offers the Guarantor's products on the market,<br \/>covered by the Warranty.<br \/>k) Warranty claim or complaint - information about a defect in the product with a claim for enforcement,<br \/>arising from the Guarantee.<\/p><p><strong>2. The warranty does not exclude, limit or suspend the Buyer's rights in the event that the product supplied does not conform to the contract.<\/strong><\/p><p><strong>3. Complaints under the Guarantee that the Guarantor considers justified will be resolved in one of the following ways:<\/strong><\/p><p>(a) the Product is repaired (i.e. the defect is rectified), or<br \/>(b) if repair is not possible, the Product will be replaced with a new Product free from defects.<\/p><p><strong>4. The Warrantor shall decide in each case how to remedy defects covered by the warranty.<\/strong><\/p><p><strong>5. The warranty shall only be granted to the owner of the product who submits a warranty claim in accordance with the procedure set out in this sheet and<\/strong><br \/><strong>terms.<\/strong><\/p><p><strong>6. If the item sold is not in conformity with the contract, the buyer, who is a Consumer, has the right to a legal remedy against the seller<\/strong><br \/><strong>account. The guarantee does not limit these rights.<\/strong><\/p><p><strong>7. Before buying a product, the buyer must check that it meets the required standards for tightness, conductivity, etc.<\/strong><br \/><strong>Classes according to site conditions.<\/strong><\/p><h3>II. WARRANTY PERIOD<\/h3><p><strong>1. The Warrantor warrants, unless otherwise stated, its own Products:<\/strong><\/p><p>(a) for windows and balcony doors in PVC systems, for 5 (five) years;<br \/>b) ALUMINUM windows, glass partitions and balcony doors - for 3 (three) years;<br \/>c) for internal and external doors in PVC and ALUMINUM systems - for 2 (two) years;<br \/>(d) external roller blinds (PVC), external RS roller blinds and adaptive blinds (ALUMINUM),<br \/>4 (four) years for blinds and electric roller shutter motors and 3 (three) years for roller shutter armour,<br \/>2 (two) years for external blinds;<br \/>(e) accessories for the above systems (handrails, handles, air vents, fans, door<br \/>for attractants, non-standard fittings, patent locks) - for 1 (one) year; for electro-handles - for<br \/>2 (two) years;<br \/>(f) for wooden windows and balcony doors - for 3 (three) years;<br \/>(g) for wooden external doors, for 2 (two) years;<br \/>(h) HS for lift-and-slide doors (wood, PVC, aluminium), PSC for hinged-sliding doors<br \/>doors (wood, PVC, aluminium), folding doors (aluminium), sliding systems (PVC, aluminium)<br \/>- 2 (two) years;<br \/>(i) for framed and pleated insect nets, for 2 (two) years;<br \/>j) facades (facade structures, columns and traverses) - for 5 (five) years;<br \/>(k) for facade inserts (windows or doors), the guarantee period shall be the same as the period specified for these products;<br \/>(l) for pergolas (including TS50 conservatory and WG60 conservatory) for 2 (two) years;<br \/>m) garage doors - for 2 (two) years.<\/p><p><strong>2. The Warranty Period shall commence from the moment the Guarantor sells the Product to the first<\/strong><br \/><strong>For the buyer (regardless of the status of the buyer).<\/strong><\/p><p><strong>3. The product or part of the product for which a warranty claim has been made is guaranteed for 12 (twelve) months<\/strong><br \/><strong>from the date of replacement. This period may not be shorter than that laid down in point 1 of Section II.<\/strong><\/p><p><strong>4. Removal or replacement of a defective product with a new, defect-free product does not trigger a new warranty period<\/strong><br \/><strong>the beginning of the warranty period and shall not extend the applicable warranty period, except as provided for in point 3.<\/strong><\/p>\t\t\t\t\t\t\t\t<\/div>\n\t\t\t\t\t<\/div>\n\t\t\t\t<\/div>\n\t\t\t\t<\/div>","protected":false},"excerpt":{"rendered":"<p>I. BENDROSIOS NUOSTATOS 1. \u0160iame garantiniame lape vartojamos s\u0105vokos rei\u0161kia: a) Garantuotojas \u2013 suprantama kaip bendrov\u0117 DRUTEX Sp\u00f3\u0142ka Akcyjna (akcin\u0117 bendrov\u0117), registruota Bytowe,adresu L\u0119borska g. 31, 77-100 Byt\u00f3w, \u012fregistruota Nacionaliniame Teism\u0173 Registre numeriu 0000140428, PVMkodas: 842-16-22-720, REGON: 771564493, \u012fstatinis kapitalas \u2013 21.690.000,00 PLN, visas apmok\u0117tas.b) Garantija \u2013 suprantama kaip pirk\u0117jo teis\u0117, kylanti i\u0161 Garantuotojo parei\u0161kimo, [&hellip;]<\/p>","protected":false},"author":2,"featured_media":0,"parent":0,"menu_order":0,"comment_status":"closed","ping_status":"closed","template":"","meta":{"footnotes":""},"class_list":["post-1005","page","type-page","status-publish","hentry"],"yoast_head":"<!-- This site is optimized with the Yoast SEO plugin v26.2 - https:\/\/yoast.com\/wordpress\/plugins\/seo\/ -->\n<title>Drutex gamini\u0173 garantija - Norgcore - Virtuviniai baldai pagal u\u017esakym\u0105<\/title>\n<meta name=\"robots\" content=\"noindex, nofollow\" \/>\n<meta property=\"og:locale\" content=\"en_US\" \/>\n<meta property=\"og:type\" content=\"article\" \/>\n<meta property=\"og:title\" content=\"Drutex gamini\u0173 garantija - Norgcore - Virtuviniai baldai pagal u\u017esakym\u0105\" \/>\n<meta property=\"og:description\" content=\"I. BENDROSIOS NUOSTATOS 1. \u0160iame garantiniame lape vartojamos s\u0105vokos rei\u0161kia: a) Garantuotojas \u2013 suprantama kaip bendrov\u0117 DRUTEX Sp\u00f3\u0142ka Akcyjna (akcin\u0117 bendrov\u0117), registruota Bytowe,adresu L\u0119borska g. 31, 77-100 Byt\u00f3w, \u012fregistruota Nacionaliniame Teism\u0173 Registre numeriu 0000140428, PVMkodas: 842-16-22-720, REGON: 771564493, \u012fstatinis kapitalas \u2013 21.690.000,00 PLN, visas apmok\u0117tas.b) Garantija \u2013 suprantama kaip pirk\u0117jo teis\u0117, kylanti i\u0161 Garantuotojo parei\u0161kimo, [&hellip;]\" \/>\n<meta property=\"og:url\" content=\"https:\/\/norgcore.com\/en\/drutex-garantinis-lapas\/\" \/>\n<meta property=\"og:site_name\" content=\"Norgcore - Virtuviniai baldai pagal u\u017esakym\u0105\" \/>\n<meta property=\"article:publisher\" content=\"https:\/\/www.facebook.com\/profile.php?id=61582276862439\" \/>\n<meta property=\"article:modified_time\" content=\"2025-12-15T11:19:41+00:00\" \/>\n<meta name=\"twitter:card\" content=\"summary_large_image\" \/>\n<meta name=\"twitter:label1\" content=\"Est. reading time\" \/>\n\t<meta name=\"twitter:data1\" content=\"4 minutes\" \/>\n<script type=\"application\/ld+json\" class=\"yoast-schema-graph\">{\"@context\":\"https:\/\/schema.org\",\"@graph\":[{\"@type\":\"WebPage\",\"@id\":\"https:\/\/norgcore.com\/drutex-garantinis-lapas\/\",\"url\":\"https:\/\/norgcore.com\/drutex-garantinis-lapas\/\",\"name\":\"Drutex gamini\u0173 garantija - Norgcore - Virtuviniai baldai pagal u\u017esakym\u0105\",\"isPartOf\":{\"@id\":\"https:\/\/norgcore.com\/#website\"},\"datePublished\":\"2025-11-11T10:47:30+00:00\",\"dateModified\":\"2025-12-15T11:19:41+00:00\",\"breadcrumb\":{\"@id\":\"https:\/\/norgcore.com\/drutex-garantinis-lapas\/#breadcrumb\"},\"inLanguage\":\"en-US\",\"potentialAction\":[{\"@type\":\"ReadAction\",\"target\":[\"https:\/\/norgcore.com\/drutex-garantinis-lapas\/\"]}]},{\"@type\":\"BreadcrumbList\",\"@id\":\"https:\/\/norgcore.com\/drutex-garantinis-lapas\/#breadcrumb\",\"itemListElement\":[{\"@type\":\"ListItem\",\"position\":1,\"name\":\"Home\",\"item\":\"https:\/\/norgcore.com\/\"},{\"@type\":\"ListItem\",\"position\":2,\"name\":\"Drutex gamini\u0173 garantija\"}]},{\"@type\":\"WebSite\",\"@id\":\"https:\/\/norgcore.com\/#website\",\"url\":\"https:\/\/norgcore.com\/\",\"name\":\"Norgcore - Virtuviniai baldai jaukiems namams\",\"description\":\"U\u017esakomieji moduliniai virtuviniai baldai ir rank\u0173 darbo virtuviniai baldai - kiekvienam siekian\u010diam kokyb\u0117s\",\"publisher\":{\"@id\":\"https:\/\/norgcore.com\/#organization\"},\"potentialAction\":[{\"@type\":\"SearchAction\",\"target\":{\"@type\":\"EntryPoint\",\"urlTemplate\":\"https:\/\/norgcore.com\/?s={search_term_string}\"},\"query-input\":{\"@type\":\"PropertyValueSpecification\",\"valueRequired\":true,\"valueName\":\"search_term_string\"}}],\"inLanguage\":\"en-US\"},{\"@type\":\"Organization\",\"@id\":\"https:\/\/norgcore.com\/#organization\",\"name\":\"Norgcore MB\",\"url\":\"https:\/\/norgcore.com\/\",\"logo\":{\"@type\":\"ImageObject\",\"inLanguage\":\"en-US\",\"@id\":\"https:\/\/norgcore.com\/#\/schema\/logo\/image\/\",\"url\":\"https:\/\/norgcore.com\/wp-content\/uploads\/2025\/10\/NORGCORE-virtuves-logotipas-juodas.png\",\"contentUrl\":\"https:\/\/norgcore.com\/wp-content\/uploads\/2025\/10\/NORGCORE-virtuves-logotipas-juodas.png\",\"width\":417,\"height\":107,\"caption\":\"Norgcore MB\"},\"image\":{\"@id\":\"https:\/\/norgcore.com\/#\/schema\/logo\/image\/\"},\"sameAs\":[\"https:\/\/www.facebook.com\/profile.php?id=61582276862439\"]}]}<\/script>\n<!-- \/ Yoast SEO plugin. -->","yoast_head_json":{"title":"Drutex gamini\u0173 garantija - Norgcore - Virtuviniai baldai pagal u\u017esakym\u0105","robots":{"index":"noindex","follow":"nofollow"},"og_locale":"en_US","og_type":"article","og_title":"Drutex gamini\u0173 garantija - Norgcore - Virtuviniai baldai pagal u\u017esakym\u0105","og_description":"I. BENDROSIOS NUOSTATOS 1. \u0160iame garantiniame lape vartojamos s\u0105vokos rei\u0161kia: a) Garantuotojas \u2013 suprantama kaip bendrov\u0117 DRUTEX Sp\u00f3\u0142ka Akcyjna (akcin\u0117 bendrov\u0117), registruota Bytowe,adresu L\u0119borska g. 31, 77-100 Byt\u00f3w, \u012fregistruota Nacionaliniame Teism\u0173 Registre numeriu 0000140428, PVMkodas: 842-16-22-720, REGON: 771564493, \u012fstatinis kapitalas \u2013 21.690.000,00 PLN, visas apmok\u0117tas.b) Garantija \u2013 suprantama kaip pirk\u0117jo teis\u0117, kylanti i\u0161 Garantuotojo parei\u0161kimo, [&hellip;]","og_url":"https:\/\/norgcore.com\/en\/drutex-garantinis-lapas\/","og_site_name":"Norgcore - Virtuviniai baldai pagal u\u017esakym\u0105","article_publisher":"https:\/\/www.facebook.com\/profile.php?id=61582276862439","article_modified_time":"2025-12-15T11:19:41+00:00","twitter_card":"summary_large_image","twitter_misc":{"Est. reading time":"4 minutes"},"schema":{"@context":"https:\/\/schema.org","@graph":[{"@type":"WebPage","@id":"https:\/\/norgcore.com\/drutex-garantinis-lapas\/","url":"https:\/\/norgcore.com\/drutex-garantinis-lapas\/","name":"Drutex gamini\u0173 garantija - Norgcore - Virtuviniai baldai pagal u\u017esakym\u0105","isPartOf":{"@id":"https:\/\/norgcore.com\/#website"},"datePublished":"2025-11-11T10:47:30+00:00","dateModified":"2025-12-15T11:19:41+00:00","breadcrumb":{"@id":"https:\/\/norgcore.com\/drutex-garantinis-lapas\/#breadcrumb"},"inLanguage":"en-US","potentialAction":[{"@type":"ReadAction","target":["https:\/\/norgcore.com\/drutex-garantinis-lapas\/"]}]},{"@type":"BreadcrumbList","@id":"https:\/\/norgcore.com\/drutex-garantinis-lapas\/#breadcrumb","itemListElement":[{"@type":"ListItem","position":1,"name":"Home","item":"https:\/\/norgcore.com\/"},{"@type":"ListItem","position":2,"name":"Drutex gamini\u0173 garantija"}]},{"@type":"WebSite","@id":"https:\/\/norgcore.com\/#website","url":"https:\/\/norgcore.com\/","name":"Norgcore - Virtuviniai baldai jaukiems namams","description":"U\u017esakomieji moduliniai virtuviniai baldai ir rank\u0173 darbo virtuviniai baldai - kiekvienam siekian\u010diam kokyb\u0117s","publisher":{"@id":"https:\/\/norgcore.com\/#organization"},"potentialAction":[{"@type":"SearchAction","target":{"@type":"EntryPoint","urlTemplate":"https:\/\/norgcore.com\/?s={search_term_string}"},"query-input":{"@type":"PropertyValueSpecification","valueRequired":true,"valueName":"search_term_string"}}],"inLanguage":"en-US"},{"@type":"Organization","@id":"https:\/\/norgcore.com\/#organization","name":"Norgcore MB","url":"https:\/\/norgcore.com\/","logo":{"@type":"ImageObject","inLanguage":"en-US","@id":"https:\/\/norgcore.com\/#\/schema\/logo\/image\/","url":"https:\/\/norgcore.com\/wp-content\/uploads\/2025\/10\/NORGCORE-virtuves-logotipas-juodas.png","contentUrl":"https:\/\/norgcore.com\/wp-content\/uploads\/2025\/10\/NORGCORE-virtuves-logotipas-juodas.png","width":417,"height":107,"caption":"Norgcore MB"},"image":{"@id":"https:\/\/norgcore.com\/#\/schema\/logo\/image\/"},"sameAs":["https:\/\/www.facebook.com\/profile.php?id=61582276862439"]}]}},"_links":{"self":[{"href":"https:\/\/norgcore.com\/en\/wp-json\/wp\/v2\/pages\/1005","targetHints":{"allow":["GET"]}}],"collection":[{"href":"https:\/\/norgcore.com\/en\/wp-json\/wp\/v2\/pages"}],"about":[{"href":"https:\/\/norgcore.com\/en\/wp-json\/wp\/v2\/types\/page"}],"author":[{"embeddable":true,"href":"https:\/\/norgcore.com\/en\/wp-json\/wp\/v2\/users\/2"}],"replies":[{"embeddable":true,"href":"https:\/\/norgcore.com\/en\/wp-json\/wp\/v2\/comments?post=1005"}],"version-history":[{"count":14,"href":"https:\/\/norgcore.com\/en\/wp-json\/wp\/v2\/pages\/1005\/revisions"}],"predecessor-version":[{"id":1056,"href":"https:\/\/norgcore.com\/en\/wp-json\/wp\/v2\/pages\/1005\/revisions\/1056"}],"wp:attachment":[{"href":"https:\/\/norgcore.com\/en\/wp-json\/wp\/v2\/media?parent=1005"}],"curies":[{"name":"wp","href":"https:\/\/api.w.org\/{rel}","templated":true}]}}