{"id":1019,"date":"2025-11-11T13:07:15","date_gmt":"2025-11-11T11:07:15","guid":{"rendered":"https:\/\/norgcore.com\/?page_id=1019"},"modified":"2025-11-25T12:19:36","modified_gmt":"2025-11-25T10:19:36","slug":"garantinio-aptarnavimo-taisykles","status":"publish","type":"page","link":"https:\/\/norgcore.com\/en\/garantinio-aptarnavimo-taisykles\/","title":{"rendered":"Warranty service rules"},"content":{"rendered":"<div data-elementor-type=\"wp-page\" data-elementor-id=\"1019\" class=\"elementor elementor-1019\" data-elementor-post-type=\"page\">\n\t\t\t\t\t\t<section class=\"elementor-section elementor-top-section elementor-element elementor-element-65d0435c elementor-reverse-mobile elementor-section-boxed elementor-section-height-default elementor-section-height-default\" data-id=\"65d0435c\" data-element_type=\"section\" data-settings=\"{&quot;background_background&quot;:&quot;classic&quot;}\">\n\t\t\t\t\t\t\t<div class=\"elementor-background-overlay\"><\/div>\n\t\t\t\t\t\t\t<div class=\"elementor-container elementor-column-gap-default\">\n\t\t\t\t\t<div class=\"elementor-column elementor-col-50 elementor-top-column elementor-element elementor-element-66a2e666 elementor-invisible\" data-id=\"66a2e666\" data-element_type=\"column\" data-settings=\"{&quot;background_background&quot;:&quot;classic&quot;,&quot;animation&quot;:&quot;slideInUp&quot;}\">\n\t\t\t<div class=\"elementor-widget-wrap\">\n\t\t\t\t\t\t\t<\/div>\n\t\t<\/div>\n\t\t\t\t<div class=\"elementor-column elementor-col-50 elementor-top-column elementor-element elementor-element-1a580e0e\" data-id=\"1a580e0e\" data-element_type=\"column\">\n\t\t\t<div class=\"elementor-widget-wrap elementor-element-populated\">\n\t\t\t\t\t\t<section class=\"elementor-section elementor-inner-section elementor-element elementor-element-30806efa elementor-section-boxed elementor-section-height-default elementor-section-height-default\" data-id=\"30806efa\" data-element_type=\"section\">\n\t\t\t\t\t\t<div class=\"elementor-container elementor-column-gap-default\">\n\t\t\t\t\t<div class=\"elementor-column elementor-col-100 elementor-inner-column elementor-element elementor-element-266d7735\" data-id=\"266d7735\" data-element_type=\"column\">\n\t\t\t<div class=\"elementor-widget-wrap elementor-element-populated\">\n\t\t\t\t\t\t<div class=\"elementor-element elementor-element-63e4da2 elementor-invisible elementor-widget elementor-widget-heading\" data-id=\"63e4da2\" data-element_type=\"widget\" data-settings=\"{&quot;_animation&quot;:&quot;fadeInRight&quot;}\" data-widget_type=\"heading.default\">\n\t\t\t\t\t<h1 class=\"elementor-heading-title elementor-size-default\">Warranty service rules<\/h1>\t\t\t\t<\/div>\n\t\t\t\t\t<\/div>\n\t\t<\/div>\n\t\t\t\t\t<\/div>\n\t\t<\/section>\n\t\t\t\t\t<\/div>\n\t\t<\/div>\n\t\t\t\t\t<\/div>\n\t\t<\/section>\n\t\t<div class=\"elementor-element elementor-element-ab21683 e-flex e-con-boxed e-con e-parent\" data-id=\"ab21683\" data-element_type=\"container\">\n\t\t\t\t\t<div class=\"e-con-inner\">\n\t\t\t\t<div class=\"elementor-element elementor-element-5fb5ddc elementor-widget elementor-widget-text-editor\" data-id=\"5fb5ddc\" data-element_type=\"widget\" data-widget_type=\"text-editor.default\">\n\t\t\t\t\t\t\t\t\t<h3>WARRANTY OBLIGATIONS AND AFTER-SALES SERVICE RULES<\/h3><h4>I. Guarantee<\/h4><h4><span style=\"font-weight: 400;\">Keeping furniture <\/span><b>rules for use and maintenance<\/b><span style=\"font-weight: 400;\">, the guarantee period is <\/span><b>12 months from the date of dispatch<\/b><span style=\"font-weight: 400;\">.<\/span><\/h4><p><span style=\"font-weight: 400;\">Upon receipt of the furniture, the buyer must check the integrity of the glass and mirrors (if ordered), as well as the condition of the packaging and fittings.<\/span><span style=\"font-weight: 400;\"><br \/><\/span><span style=\"font-weight: 400;\">Before assembly, the buyer must check the parts for defects. If a defect is found, assembly must be stopped as parts with assembly marks <\/span><b>unchangeable<\/b><span style=\"font-weight: 400;\">.<\/span><\/p><p><span style=\"font-weight: 400;\">The manufacturer's packaging must be retained until the end of the guarantee period, as <\/span><b>replacement of parts is only carried out in the factory packaging<\/b><span style=\"font-weight: 400;\">.<\/span><span style=\"font-weight: 400;\"><br \/><\/span><span style=\"font-weight: 400;\">The warranty does not apply and parts will not be replaced if they have already been installed or if they show clear signs of use (e.g. drilled holes, cut holes etc.).<\/span><\/p><p><span style=\"font-weight: 400;\">Save the furniture after assembly <\/span><b>purchase receipt<\/b><span style=\"font-weight: 400;\"> and <\/span><b>marks on packaging labels<\/b><span style=\"font-weight: 400;\"> until the end of the guarantee period.<\/span><\/p><h4>II. Acceptance of claims<\/h4><p><span style=\"font-weight: 400;\">Quality claims accepted <\/span><b>only on presentation of a purchase receipt (or invoice)<\/b><span style=\"font-weight: 400;\"> and the product itself or parts thereof <\/span><b>in factory packaging<\/b><span style=\"font-weight: 400;\">.<\/span><span style=\"font-weight: 400;\"><br \/><\/span><span style=\"font-weight: 400;\">Apply at <\/span><b>it is necessary to specify<\/b><span style=\"font-weight: 400;\">the date of purchase, the product, the nature of the claim, photos of the defect, photos of the purchase documents and packaging labels.<\/span><\/p><p><span style=\"font-weight: 400;\">In the event of non-compliance with the requirements set out in points I and II, claims shall <\/span><b>not accepted<\/b><span style=\"font-weight: 400;\">.<\/span><span style=\"font-weight: 400;\"><br \/><\/span><span style=\"font-weight: 400;\">Upon receipt of the furniture, the buyer must check the integrity of the glass and mirrors, the condition of the packaging and the condition of the parts, as <\/span><b>after adoption<\/b><span style=\"font-weight: 400;\"> claims for broken or scratched glass, mirrors or mechanically damaged parts <\/span><b>not accepted<\/b><span style=\"font-weight: 400;\">.<\/span><\/p><p><span style=\"font-weight: 400;\">Defects caused by incorrect assembly (by the buyer), damage during transport or misuse, <\/span><b>disposed of at the buyer's expense<\/b><span style=\"font-weight: 400;\">.<\/span><\/p><p><b>Tolerances:<\/b><\/p><ul><li style=\"font-weight: 400;\" aria-level=\"1\"><span style=\"font-weight: 400;\">Uniform grain size of the PVC film on the surface and on the edges.<\/span><\/li><li style=\"font-weight: 400;\" aria-level=\"1\"><span style=\"font-weight: 400;\">Barely visible micro-scratches on PVC MDF facades.<\/span><\/li><li style=\"font-weight: 400;\" aria-level=\"1\"><span style=\"font-weight: 400;\">Microscopic strips (on PVC \u201emetalik\u201c facades).<\/span><\/li><li style=\"font-weight: 400;\" aria-level=\"1\"><span style=\"font-weight: 400;\">Darker or lighter bands, stains (on PVC \u201emetalik\u201c facades).<\/span><\/li><\/ul><p><span style=\"font-weight: 400;\">PVC \u201emetalik\u201c facades may show microscopic stripes, streaks or micro-scratches that resemble cracks in a lacquered coating, as well as lighter or darker areas that change shade depending on the viewing angle.<\/span><span style=\"font-weight: 400;\"><br \/><\/span><span style=\"font-weight: 400;\">This is <\/span><b>no defects<\/b><span style=\"font-weight: 400;\">, and considered to be <\/span><b>the inevitable individual characteristics of metallized films<\/b><span style=\"font-weight: 400;\">, arising from specific features of the production technology (e.g. uneven distribution of special effects).<\/span><span style=\"font-weight: 400;\"><br \/><\/span><span style=\"font-weight: 400;\">Such differences are random and unpredictable, so <\/span><b>no claims relating to the above aesthetic features will be accepted<\/b><span style=\"font-weight: 400;\">.<\/span><\/p><h4>III. Loss of warranty<\/h4><p><span style=\"font-weight: 400;\">Warranty <\/span><b>Not applicable<\/b><span style=\"font-weight: 400;\">, if:<\/span><\/p><ul><li style=\"font-weight: 400;\" aria-level=\"1\"><span style=\"font-weight: 400;\">Rules on the storage and use of furniture have not been respected;<\/span><\/li><li style=\"font-weight: 400;\" aria-level=\"1\"><span style=\"font-weight: 400;\">The buyer repaired or refurbished the furniture himself;<\/span><\/li><li style=\"font-weight: 400;\" aria-level=\"1\"><span style=\"font-weight: 400;\">The furniture has been damaged by pets, exposed to high temperatures, aggressive liquids or covered in water;<\/span><\/li><li style=\"font-weight: 400;\" aria-level=\"1\"><span style=\"font-weight: 400;\">Visible signs of careless use;<\/span><\/li><li style=\"font-weight: 400;\" aria-level=\"1\"><span style=\"font-weight: 400;\">The buyer has changed the design of the product or parts of it;<\/span><\/li><li style=\"font-weight: 400;\" aria-level=\"1\"><span style=\"font-weight: 400;\">The warranty period has expired;<\/span><\/li><li style=\"font-weight: 400;\" aria-level=\"1\"><span style=\"font-weight: 400;\">There is no document confirming the purchase;\u00a0\u00a0\u00a0\u00a0\u00a0\u00a0\u00a0\u00a0\u00a0\u00a0\u00a0\u00a0\u00a0\u00a0\u00a0\u00a0\u00a0\u00a0\u00a0\u00a0\u00a0\u00a0\u00a0\u00a0\u00a0\u00a0\u00a0\u00a0\u00a0\u00a0\u00a0\u00a0\u00a0\u00a0\u00a0\u00a0\u00a0\u00a0\u00a0\u00a0\u00a0\u00a0\u00a0\u00a0\u00a0\u00a0\u00a0\u00a0\u00a0\u00a0\u00a0\u00a0\u00a0\u00a0\u00a0\u00a0\u00a0\u00a0\u00a0\u00a0\u00a0\u00a0\u00a0\u00a0\u00a0\u00a0\u00a0\u00a0\u00a0\u00a0\u00a0\u00a0\u00a0\u00a0\u00a0\u00a0\u00a0\u00a0\u00a0\u00a0\u00a0\u00a0\u00a0\u00a0\u00a0\u00a0\u00a0\u00a0\u00a0\u00a0\u00a0\u00a0\u00a0\u00a0\u00a0\u00a0\u00a0\u00a0\u00a0\u00a0\u00a0\u00a0\u00a0\u00a0\u00a0\u00a0\u00a0\u00a0\u00a0\u00a0\u00a0\u00a0\u00a0\u00a0\u00a0\u00a0\u00a0\u00a0\u00a0\u00a0\u00a0\u00a0\u00a0\u00a0<\/span><\/li><li style=\"font-weight: 400;\" aria-level=\"1\"><span style=\"font-weight: 400;\">There are no product-specific packaging labels or markings.<\/span><\/li><\/ul>\t\t\t\t\t\t\t\t<\/div>\n\t\t\t\t\t<\/div>\n\t\t\t\t<\/div>\n\t\t\t\t<\/div>","protected":false},"excerpt":{"rendered":"<p>GARANTINIAI \u012eSIPAREIGOJIMAI IR GARANTINIO APTARNAVIMO TAISYKL\u0116S I. Garantija Laikantis bald\u0173 naudojimo ir prie\u017ei\u016bros taisykli\u0173, garantinis laikotarpis yra 12 m\u0117nesi\u0173 nuo i\u0161siuntimo datos. Gav\u0119s baldus, pirk\u0117jas privalo patikrinti stiklo ir veidrod\u017ei\u0173 (jei buvo u\u017esakyti) vientisum\u0105, taip pat pakuot\u0117s ir detali\u0173 b\u016bkl\u0119.Prie\u0161 surinkim\u0105 pirk\u0117jas turi patikrinti, ar detal\u0117s neturi defekt\u0173. Nusta\u010dius brok\u0105, surinkim\u0105 b\u016btina sustabdyti, nes detal\u0117s [&hellip;]<\/p>","protected":false},"author":2,"featured_media":0,"parent":0,"menu_order":0,"comment_status":"closed","ping_status":"closed","template":"","meta":{"footnotes":""},"class_list":["post-1019","page","type-page","status-publish","hentry"],"yoast_head":"<!-- This site is optimized with the Yoast SEO plugin v26.2 - https:\/\/yoast.com\/wordpress\/plugins\/seo\/ -->\n<title>Garantinio aptarnavimo taisykl\u0117s - Norgcore - Virtuviniai baldai pagal u\u017esakym\u0105<\/title>\n<meta name=\"robots\" content=\"noindex, nofollow\" \/>\n<meta property=\"og:locale\" content=\"en_US\" \/>\n<meta property=\"og:type\" content=\"article\" \/>\n<meta property=\"og:title\" content=\"Garantinio aptarnavimo taisykl\u0117s - Norgcore - Virtuviniai baldai pagal u\u017esakym\u0105\" \/>\n<meta property=\"og:description\" content=\"GARANTINIAI \u012eSIPAREIGOJIMAI IR GARANTINIO APTARNAVIMO TAISYKL\u0116S I. Garantija Laikantis bald\u0173 naudojimo ir prie\u017ei\u016bros taisykli\u0173, garantinis laikotarpis yra 12 m\u0117nesi\u0173 nuo i\u0161siuntimo datos. Gav\u0119s baldus, pirk\u0117jas privalo patikrinti stiklo ir veidrod\u017ei\u0173 (jei buvo u\u017esakyti) vientisum\u0105, taip pat pakuot\u0117s ir detali\u0173 b\u016bkl\u0119.Prie\u0161 surinkim\u0105 pirk\u0117jas turi patikrinti, ar detal\u0117s neturi defekt\u0173. Nusta\u010dius brok\u0105, surinkim\u0105 b\u016btina sustabdyti, nes detal\u0117s [&hellip;]\" \/>\n<meta property=\"og:url\" content=\"https:\/\/norgcore.com\/en\/garantinio-aptarnavimo-taisykles\/\" \/>\n<meta property=\"og:site_name\" content=\"Norgcore - Virtuviniai baldai pagal u\u017esakym\u0105\" \/>\n<meta property=\"article:publisher\" content=\"https:\/\/www.facebook.com\/profile.php?id=61582276862439\" \/>\n<meta property=\"article:modified_time\" content=\"2025-11-25T10:19:36+00:00\" \/>\n<meta name=\"twitter:card\" content=\"summary_large_image\" \/>\n<meta name=\"twitter:label1\" content=\"Est. reading time\" \/>\n\t<meta name=\"twitter:data1\" content=\"2 minutes\" \/>\n<script type=\"application\/ld+json\" class=\"yoast-schema-graph\">{\"@context\":\"https:\/\/schema.org\",\"@graph\":[{\"@type\":\"WebPage\",\"@id\":\"https:\/\/norgcore.com\/garantinio-aptarnavimo-taisykles\/\",\"url\":\"https:\/\/norgcore.com\/garantinio-aptarnavimo-taisykles\/\",\"name\":\"Garantinio aptarnavimo taisykl\u0117s - Norgcore - Virtuviniai baldai pagal u\u017esakym\u0105\",\"isPartOf\":{\"@id\":\"https:\/\/norgcore.com\/#website\"},\"datePublished\":\"2025-11-11T11:07:15+00:00\",\"dateModified\":\"2025-11-25T10:19:36+00:00\",\"breadcrumb\":{\"@id\":\"https:\/\/norgcore.com\/garantinio-aptarnavimo-taisykles\/#breadcrumb\"},\"inLanguage\":\"en-US\",\"potentialAction\":[{\"@type\":\"ReadAction\",\"target\":[\"https:\/\/norgcore.com\/garantinio-aptarnavimo-taisykles\/\"]}]},{\"@type\":\"BreadcrumbList\",\"@id\":\"https:\/\/norgcore.com\/garantinio-aptarnavimo-taisykles\/#breadcrumb\",\"itemListElement\":[{\"@type\":\"ListItem\",\"position\":1,\"name\":\"Home\",\"item\":\"https:\/\/norgcore.com\/\"},{\"@type\":\"ListItem\",\"position\":2,\"name\":\"Garantinio aptarnavimo taisykl\u0117s\"}]},{\"@type\":\"WebSite\",\"@id\":\"https:\/\/norgcore.com\/#website\",\"url\":\"https:\/\/norgcore.com\/\",\"name\":\"Norgcore - Virtuviniai baldai jaukiems namams\",\"description\":\"U\u017esakomieji moduliniai virtuviniai baldai ir rank\u0173 darbo virtuviniai baldai - kiekvienam siekian\u010diam kokyb\u0117s\",\"publisher\":{\"@id\":\"https:\/\/norgcore.com\/#organization\"},\"potentialAction\":[{\"@type\":\"SearchAction\",\"target\":{\"@type\":\"EntryPoint\",\"urlTemplate\":\"https:\/\/norgcore.com\/?s={search_term_string}\"},\"query-input\":{\"@type\":\"PropertyValueSpecification\",\"valueRequired\":true,\"valueName\":\"search_term_string\"}}],\"inLanguage\":\"en-US\"},{\"@type\":\"Organization\",\"@id\":\"https:\/\/norgcore.com\/#organization\",\"name\":\"Norgcore MB\",\"url\":\"https:\/\/norgcore.com\/\",\"logo\":{\"@type\":\"ImageObject\",\"inLanguage\":\"en-US\",\"@id\":\"https:\/\/norgcore.com\/#\/schema\/logo\/image\/\",\"url\":\"https:\/\/norgcore.com\/wp-content\/uploads\/2025\/10\/NORGCORE-virtuves-logotipas-juodas.png\",\"contentUrl\":\"https:\/\/norgcore.com\/wp-content\/uploads\/2025\/10\/NORGCORE-virtuves-logotipas-juodas.png\",\"width\":417,\"height\":107,\"caption\":\"Norgcore MB\"},\"image\":{\"@id\":\"https:\/\/norgcore.com\/#\/schema\/logo\/image\/\"},\"sameAs\":[\"https:\/\/www.facebook.com\/profile.php?id=61582276862439\"]}]}<\/script>\n<!-- \/ Yoast SEO plugin. -->","yoast_head_json":{"title":"Garantinio aptarnavimo taisykl\u0117s - Norgcore - Virtuviniai baldai pagal u\u017esakym\u0105","robots":{"index":"noindex","follow":"nofollow"},"og_locale":"en_US","og_type":"article","og_title":"Garantinio aptarnavimo taisykl\u0117s - Norgcore - Virtuviniai baldai pagal u\u017esakym\u0105","og_description":"GARANTINIAI \u012eSIPAREIGOJIMAI IR GARANTINIO APTARNAVIMO TAISYKL\u0116S I. Garantija Laikantis bald\u0173 naudojimo ir prie\u017ei\u016bros taisykli\u0173, garantinis laikotarpis yra 12 m\u0117nesi\u0173 nuo i\u0161siuntimo datos. Gav\u0119s baldus, pirk\u0117jas privalo patikrinti stiklo ir veidrod\u017ei\u0173 (jei buvo u\u017esakyti) vientisum\u0105, taip pat pakuot\u0117s ir detali\u0173 b\u016bkl\u0119.Prie\u0161 surinkim\u0105 pirk\u0117jas turi patikrinti, ar detal\u0117s neturi defekt\u0173. Nusta\u010dius brok\u0105, surinkim\u0105 b\u016btina sustabdyti, nes detal\u0117s [&hellip;]","og_url":"https:\/\/norgcore.com\/en\/garantinio-aptarnavimo-taisykles\/","og_site_name":"Norgcore - Virtuviniai baldai pagal u\u017esakym\u0105","article_publisher":"https:\/\/www.facebook.com\/profile.php?id=61582276862439","article_modified_time":"2025-11-25T10:19:36+00:00","twitter_card":"summary_large_image","twitter_misc":{"Est. reading time":"2 minutes"},"schema":{"@context":"https:\/\/schema.org","@graph":[{"@type":"WebPage","@id":"https:\/\/norgcore.com\/garantinio-aptarnavimo-taisykles\/","url":"https:\/\/norgcore.com\/garantinio-aptarnavimo-taisykles\/","name":"Garantinio aptarnavimo taisykl\u0117s - Norgcore - Virtuviniai baldai pagal u\u017esakym\u0105","isPartOf":{"@id":"https:\/\/norgcore.com\/#website"},"datePublished":"2025-11-11T11:07:15+00:00","dateModified":"2025-11-25T10:19:36+00:00","breadcrumb":{"@id":"https:\/\/norgcore.com\/garantinio-aptarnavimo-taisykles\/#breadcrumb"},"inLanguage":"en-US","potentialAction":[{"@type":"ReadAction","target":["https:\/\/norgcore.com\/garantinio-aptarnavimo-taisykles\/"]}]},{"@type":"BreadcrumbList","@id":"https:\/\/norgcore.com\/garantinio-aptarnavimo-taisykles\/#breadcrumb","itemListElement":[{"@type":"ListItem","position":1,"name":"Home","item":"https:\/\/norgcore.com\/"},{"@type":"ListItem","position":2,"name":"Garantinio aptarnavimo taisykl\u0117s"}]},{"@type":"WebSite","@id":"https:\/\/norgcore.com\/#website","url":"https:\/\/norgcore.com\/","name":"Norgcore - Virtuviniai baldai jaukiems namams","description":"U\u017esakomieji moduliniai virtuviniai baldai ir rank\u0173 darbo virtuviniai baldai - kiekvienam siekian\u010diam kokyb\u0117s","publisher":{"@id":"https:\/\/norgcore.com\/#organization"},"potentialAction":[{"@type":"SearchAction","target":{"@type":"EntryPoint","urlTemplate":"https:\/\/norgcore.com\/?s={search_term_string}"},"query-input":{"@type":"PropertyValueSpecification","valueRequired":true,"valueName":"search_term_string"}}],"inLanguage":"en-US"},{"@type":"Organization","@id":"https:\/\/norgcore.com\/#organization","name":"Norgcore MB","url":"https:\/\/norgcore.com\/","logo":{"@type":"ImageObject","inLanguage":"en-US","@id":"https:\/\/norgcore.com\/#\/schema\/logo\/image\/","url":"https:\/\/norgcore.com\/wp-content\/uploads\/2025\/10\/NORGCORE-virtuves-logotipas-juodas.png","contentUrl":"https:\/\/norgcore.com\/wp-content\/uploads\/2025\/10\/NORGCORE-virtuves-logotipas-juodas.png","width":417,"height":107,"caption":"Norgcore MB"},"image":{"@id":"https:\/\/norgcore.com\/#\/schema\/logo\/image\/"},"sameAs":["https:\/\/www.facebook.com\/profile.php?id=61582276862439"]}]}},"_links":{"self":[{"href":"https:\/\/norgcore.com\/en\/wp-json\/wp\/v2\/pages\/1019","targetHints":{"allow":["GET"]}}],"collection":[{"href":"https:\/\/norgcore.com\/en\/wp-json\/wp\/v2\/pages"}],"about":[{"href":"https:\/\/norgcore.com\/en\/wp-json\/wp\/v2\/types\/page"}],"author":[{"embeddable":true,"href":"https:\/\/norgcore.com\/en\/wp-json\/wp\/v2\/users\/2"}],"replies":[{"embeddable":true,"href":"https:\/\/norgcore.com\/en\/wp-json\/wp\/v2\/comments?post=1019"}],"version-history":[{"count":13,"href":"https:\/\/norgcore.com\/en\/wp-json\/wp\/v2\/pages\/1019\/revisions"}],"predecessor-version":[{"id":1050,"href":"https:\/\/norgcore.com\/en\/wp-json\/wp\/v2\/pages\/1019\/revisions\/1050"}],"wp:attachment":[{"href":"https:\/\/norgcore.com\/en\/wp-json\/wp\/v2\/media?parent=1019"}],"curies":[{"name":"wp","href":"https:\/\/api.w.org\/{rel}","templated":true}]}}