{"id":1028,"date":"2025-11-11T13:32:24","date_gmt":"2025-11-11T11:32:24","guid":{"rendered":"https:\/\/norgcore.com\/?page_id=1028"},"modified":"2025-11-11T13:34:24","modified_gmt":"2025-11-11T11:34:24","slug":"baldu-priemimo-reikalavimai","status":"publish","type":"page","link":"https:\/\/norgcore.com\/en\/baldu-priemimo-reikalavimai\/","title":{"rendered":"Requirements for the acceptance of furniture"},"content":{"rendered":"<div data-elementor-type=\"wp-page\" data-elementor-id=\"1028\" class=\"elementor elementor-1028\" data-elementor-post-type=\"page\">\n\t\t\t\t\t\t<section class=\"elementor-section elementor-top-section elementor-element elementor-element-2491ad1c elementor-reverse-mobile elementor-section-boxed elementor-section-height-default elementor-section-height-default\" data-id=\"2491ad1c\" data-element_type=\"section\" data-settings=\"{&quot;background_background&quot;:&quot;classic&quot;}\">\n\t\t\t\t\t\t\t<div class=\"elementor-background-overlay\"><\/div>\n\t\t\t\t\t\t\t<div class=\"elementor-container elementor-column-gap-default\">\n\t\t\t\t\t<div class=\"elementor-column elementor-col-50 elementor-top-column elementor-element elementor-element-271c4fbb elementor-invisible\" data-id=\"271c4fbb\" data-element_type=\"column\" data-settings=\"{&quot;background_background&quot;:&quot;classic&quot;,&quot;animation&quot;:&quot;slideInUp&quot;}\">\n\t\t\t<div class=\"elementor-widget-wrap\">\n\t\t\t\t\t\t\t<\/div>\n\t\t<\/div>\n\t\t\t\t<div class=\"elementor-column elementor-col-50 elementor-top-column elementor-element elementor-element-4a2f9307\" data-id=\"4a2f9307\" data-element_type=\"column\">\n\t\t\t<div class=\"elementor-widget-wrap elementor-element-populated\">\n\t\t\t\t\t\t<section class=\"elementor-section elementor-inner-section elementor-element elementor-element-60919418 elementor-section-boxed elementor-section-height-default elementor-section-height-default\" data-id=\"60919418\" data-element_type=\"section\">\n\t\t\t\t\t\t<div class=\"elementor-container elementor-column-gap-default\">\n\t\t\t\t\t<div class=\"elementor-column elementor-col-100 elementor-inner-column elementor-element elementor-element-49ac5e2\" data-id=\"49ac5e2\" data-element_type=\"column\">\n\t\t\t<div class=\"elementor-widget-wrap elementor-element-populated\">\n\t\t\t\t\t\t<div class=\"elementor-element elementor-element-67805f9f elementor-invisible elementor-widget elementor-widget-heading\" data-id=\"67805f9f\" data-element_type=\"widget\" data-settings=\"{&quot;_animation&quot;:&quot;fadeInRight&quot;}\" data-widget_type=\"heading.default\">\n\t\t\t\t\t<h1 class=\"elementor-heading-title elementor-size-default\">Requirements for the acceptance of furniture<\/h1>\t\t\t\t<\/div>\n\t\t\t\t\t<\/div>\n\t\t<\/div>\n\t\t\t\t\t<\/div>\n\t\t<\/section>\n\t\t\t\t\t<\/div>\n\t\t<\/div>\n\t\t\t\t\t<\/div>\n\t\t<\/section>\n\t\t<div class=\"elementor-element elementor-element-698834d e-flex e-con-boxed e-con e-parent\" data-id=\"698834d\" data-element_type=\"container\">\n\t\t\t\t\t<div class=\"e-con-inner\">\n\t\t\t\t<div class=\"elementor-element elementor-element-aa08cd7 elementor-widget elementor-widget-text-editor\" data-id=\"aa08cd7\" data-element_type=\"widget\" data-widget_type=\"text-editor.default\">\n\t\t\t\t\t\t\t\t\t<p><span style=\"font-weight: 400;\">Please read these instructions carefully to avoid unpleasant consequences due to incorrect use of the furniture.<\/span><\/p><h4>1. ADMISSION REQUIREMENTS<\/h4><p><b>1.1.<\/b><span style=\"font-weight: 400;\"> Check the completeness and integrity of the parts when unpacking. No comments on completeness or damage after assembly will be accepted. If the packaging is damaged and the parts are damaged, they will not be replaced free of charge.<\/span><span style=\"font-weight: 400;\"><br \/><\/span><b>1.2.<\/b><span style=\"font-weight: 400;\"> After removing the packaging, you may smell the odour for a while - this is not harmful to health. The materials used in the furniture are certified according to international eco-safety standards.<\/span><span style=\"font-weight: 400;\"><br \/><\/span><b>1.3.<\/b><span style=\"font-weight: 400;\"> If the furniture was delivered in sub-zero temperatures, it must be allowed to warm up indoors before use.<\/span><\/p><h4>2. ENVIRONMENTAL CONDITIONS FOR FURNITURE<\/h4><p><b>2.1 Light:<\/b><span style=\"font-weight: 400;\"> Avoid exposure to direct sunlight. Prolonged direct light can change the colour of certain parts of the furniture. Visible colour differences may occur when replacing or adding to a set - this is not considered to be a defect in quality and becomes less noticeable over time.<\/span><span style=\"font-weight: 400;\"><br \/><\/span><b>2.2. Moisture:<\/b><span style=\"font-weight: 400;\"> recommended relative humidity - <\/span><b>45-70 %<\/b><span style=\"font-weight: 400;\">. Increased humidity can damage the structure of the furniture or individual parts over time. If moisture gets on the furniture, it should be wiped off immediately. The surface must always be dry.<\/span><span style=\"font-weight: 400;\"><br \/><\/span><span style=\"font-weight: 400;\">The use of a cooker hood during cooking is essential to maintain optimum humidity levels and to avoid direct exposure to steam on furniture bodies and facades, which can cause deformation, delamination of the laminate or swelling of the material.<\/span><span style=\"font-weight: 400;\"><br \/><\/span><b>2.3 Temperature:<\/b><span style=\"font-weight: 400;\"> recommended air temperature - <\/span><b>+10 \u00b0C to +35 \u00b0C<\/b><span style=\"font-weight: 400;\">. Avoid contact with hot objects (irons, pots, etc.) and exposure to strong light or heat sources. The cooker hood must operate every time the cooker is switched on. Furniture items adjacent to the oven or cooker should be protected by heat insulating strips.<\/span><\/p><h4>3. USE AND MAINTENANCE OF WORKTOPS<\/h4><p><b>3.1.<\/b><span style=\"font-weight: 400;\"> To avoid swelling of the worktop and delamination of the plastic edge, do not allow water to collect on the surface.<\/span><span style=\"font-weight: 400;\"><br \/><\/span><b>3.2.<\/b><span style=\"font-weight: 400;\"> Don't place hot items, irons, pans or dishes from the oven on the worktop - use heat-resistant trays.<\/span><span style=\"font-weight: 400;\"><br \/><\/span><b>3.3.<\/b><span style=\"font-weight: 400;\"> Do not allow frozen products to sit on the worktop for long periods of time - a sudden change in temperature can damage the base material.<\/span><span style=\"font-weight: 400;\"><br \/><\/span><b>3.4.<\/b><span style=\"font-weight: 400;\"> If beetroot juice, concentrates, paints, chemicals or bleaches get on the surface, wipe them off immediately and rinse the surface thoroughly.<\/span><\/p><h4>4. MAINTENANCE OF HULLS AND FACADES (LMDP, VARNISHED, MDF WITH PVC FILM)<\/h4><p><b>4.1.<\/b><span style=\"font-weight: 400;\"> Protect surfaces from aggressive liquids (solvents, petrol, acids, acetone, strong cleaners) and natural or chemical dyes (coffee, juice, etc.).<\/span><span style=\"font-weight: 400;\"><br \/><\/span><b>4.2.<\/b><span style=\"font-weight: 400;\"> Clean surfaces regularly with a damp, soft cloth. The material used must not contain abrasive particles or aggressive chemical compounds.<\/span><span style=\"font-weight: 400;\"><br \/><\/span><b>4.3.<\/b><span style=\"font-weight: 400;\"> Slight colour variations may occur when furniture items are replaced or added at different times or from different batches - this is not a quality defect and becomes less visible over time.<\/span><\/p><h4>5. MAINTENANCE OF GLASS AND MIRROR SURFACES<\/h4><p><b>5.1.<\/b><span style=\"font-weight: 400;\"> Do not use metal objects or strike heavy objects. Do not overload glass shelves.<\/span><span style=\"font-weight: 400;\"><br \/><\/span><b>5.2.<\/b><span style=\"font-weight: 400;\"> Clean only with products specifically designed for glass and ceramics. Do not use abrasive cleaners or metal sponges. Clean glass and mirrors with a soft cloth.<\/span><span style=\"font-weight: 400;\"><br \/><\/span><b>5.3.<\/b><span style=\"font-weight: 400;\"> It is not recommended to wash mirrors with water or normal window cleaners, which can cause stains and cloudiness. It is best to use an ammonia solution or a special mirror cleaner.<\/span><span style=\"font-weight: 400;\"><br \/><\/span><b>5.4.<\/b><span style=\"font-weight: 400;\"> Be careful not to get water on the edges and back of the mirror, as the silver layer can darken on contact with water.<\/span><\/p><p><br \/><br \/><\/p>\t\t\t\t\t\t\t\t<\/div>\n\t\t\t\t\t<\/div>\n\t\t\t\t<\/div>\n\t\t\t\t<\/div>","protected":false},"excerpt":{"rendered":"<p>Perskaitykite \u0161i\u0105 instrukcij\u0105 atid\u017eiai \u2013 tai pad\u0117s Jums i\u0161vengti nemaloni\u0173 pasekmi\u0173 d\u0117l netinkamo bald\u0173 naudojimo. 1. PRI\u0116MIMO REIKALAVIMAI 1.1. I\u0161pakuojant patikrinkite komplektacij\u0105 ir detali\u0173 vientisum\u0105. Po surinkimo pastabos d\u0117l komplektacijos ar pa\u017eeidim\u0173 nepriimamos. Jei pakuot\u0117 pa\u017eeista ir detal\u0117s sugadintos, jos nemokamai nekei\u010diamos.1.2. Pa\u0161alinus pakuot\u0119, kur\u012f laik\u0105 gali b\u016bti juntamas kvapas \u2013 tai nekenksminga sveikatai. Bald\u0173 [&hellip;]<\/p>","protected":false},"author":2,"featured_media":0,"parent":0,"menu_order":0,"comment_status":"closed","ping_status":"closed","template":"","meta":{"footnotes":""},"class_list":["post-1028","page","type-page","status-publish","hentry"],"yoast_head":"<!-- This site is optimized with the Yoast SEO plugin v26.2 - https:\/\/yoast.com\/wordpress\/plugins\/seo\/ -->\n<title>Bald\u0173 pri\u0117mimo reikalavimai - Norgcore - Virtuviniai baldai pagal u\u017esakym\u0105<\/title>\n<meta name=\"robots\" content=\"noindex, nofollow\" \/>\n<meta property=\"og:locale\" content=\"en_US\" \/>\n<meta property=\"og:type\" content=\"article\" \/>\n<meta property=\"og:title\" content=\"Bald\u0173 pri\u0117mimo reikalavimai - Norgcore - Virtuviniai baldai pagal u\u017esakym\u0105\" \/>\n<meta property=\"og:description\" content=\"Perskaitykite \u0161i\u0105 instrukcij\u0105 atid\u017eiai \u2013 tai pad\u0117s Jums i\u0161vengti nemaloni\u0173 pasekmi\u0173 d\u0117l netinkamo bald\u0173 naudojimo. 1. PRI\u0116MIMO REIKALAVIMAI 1.1. I\u0161pakuojant patikrinkite komplektacij\u0105 ir detali\u0173 vientisum\u0105. Po surinkimo pastabos d\u0117l komplektacijos ar pa\u017eeidim\u0173 nepriimamos. Jei pakuot\u0117 pa\u017eeista ir detal\u0117s sugadintos, jos nemokamai nekei\u010diamos.1.2. Pa\u0161alinus pakuot\u0119, kur\u012f laik\u0105 gali b\u016bti juntamas kvapas \u2013 tai nekenksminga sveikatai. Bald\u0173 [&hellip;]\" \/>\n<meta property=\"og:url\" content=\"https:\/\/norgcore.com\/en\/baldu-priemimo-reikalavimai\/\" \/>\n<meta property=\"og:site_name\" content=\"Norgcore - Virtuviniai baldai pagal u\u017esakym\u0105\" \/>\n<meta property=\"article:publisher\" content=\"https:\/\/www.facebook.com\/profile.php?id=61582276862439\" \/>\n<meta property=\"article:modified_time\" content=\"2025-11-11T11:34:24+00:00\" \/>\n<meta name=\"twitter:card\" content=\"summary_large_image\" \/>\n<meta name=\"twitter:label1\" content=\"Est. reading time\" \/>\n\t<meta name=\"twitter:data1\" content=\"3 minutes\" \/>\n<script type=\"application\/ld+json\" class=\"yoast-schema-graph\">{\"@context\":\"https:\/\/schema.org\",\"@graph\":[{\"@type\":\"WebPage\",\"@id\":\"https:\/\/norgcore.com\/baldu-priemimo-reikalavimai\/\",\"url\":\"https:\/\/norgcore.com\/baldu-priemimo-reikalavimai\/\",\"name\":\"Bald\u0173 pri\u0117mimo reikalavimai - Norgcore - Virtuviniai baldai pagal u\u017esakym\u0105\",\"isPartOf\":{\"@id\":\"https:\/\/norgcore.com\/#website\"},\"datePublished\":\"2025-11-11T11:32:24+00:00\",\"dateModified\":\"2025-11-11T11:34:24+00:00\",\"breadcrumb\":{\"@id\":\"https:\/\/norgcore.com\/baldu-priemimo-reikalavimai\/#breadcrumb\"},\"inLanguage\":\"en-US\",\"potentialAction\":[{\"@type\":\"ReadAction\",\"target\":[\"https:\/\/norgcore.com\/baldu-priemimo-reikalavimai\/\"]}]},{\"@type\":\"BreadcrumbList\",\"@id\":\"https:\/\/norgcore.com\/baldu-priemimo-reikalavimai\/#breadcrumb\",\"itemListElement\":[{\"@type\":\"ListItem\",\"position\":1,\"name\":\"Home\",\"item\":\"https:\/\/norgcore.com\/\"},{\"@type\":\"ListItem\",\"position\":2,\"name\":\"Bald\u0173 pri\u0117mimo reikalavimai\"}]},{\"@type\":\"WebSite\",\"@id\":\"https:\/\/norgcore.com\/#website\",\"url\":\"https:\/\/norgcore.com\/\",\"name\":\"Norgcore - Virtuviniai baldai jaukiems namams\",\"description\":\"U\u017esakomieji moduliniai virtuviniai baldai ir rank\u0173 darbo virtuviniai baldai - kiekvienam siekian\u010diam kokyb\u0117s\",\"publisher\":{\"@id\":\"https:\/\/norgcore.com\/#organization\"},\"potentialAction\":[{\"@type\":\"SearchAction\",\"target\":{\"@type\":\"EntryPoint\",\"urlTemplate\":\"https:\/\/norgcore.com\/?s={search_term_string}\"},\"query-input\":{\"@type\":\"PropertyValueSpecification\",\"valueRequired\":true,\"valueName\":\"search_term_string\"}}],\"inLanguage\":\"en-US\"},{\"@type\":\"Organization\",\"@id\":\"https:\/\/norgcore.com\/#organization\",\"name\":\"Norgcore MB\",\"url\":\"https:\/\/norgcore.com\/\",\"logo\":{\"@type\":\"ImageObject\",\"inLanguage\":\"en-US\",\"@id\":\"https:\/\/norgcore.com\/#\/schema\/logo\/image\/\",\"url\":\"https:\/\/norgcore.com\/wp-content\/uploads\/2025\/10\/NORGCORE-virtuves-logotipas-juodas.png\",\"contentUrl\":\"https:\/\/norgcore.com\/wp-content\/uploads\/2025\/10\/NORGCORE-virtuves-logotipas-juodas.png\",\"width\":417,\"height\":107,\"caption\":\"Norgcore MB\"},\"image\":{\"@id\":\"https:\/\/norgcore.com\/#\/schema\/logo\/image\/\"},\"sameAs\":[\"https:\/\/www.facebook.com\/profile.php?id=61582276862439\"]}]}<\/script>\n<!-- \/ Yoast SEO plugin. -->","yoast_head_json":{"title":"Bald\u0173 pri\u0117mimo reikalavimai - Norgcore - Virtuviniai baldai pagal u\u017esakym\u0105","robots":{"index":"noindex","follow":"nofollow"},"og_locale":"en_US","og_type":"article","og_title":"Bald\u0173 pri\u0117mimo reikalavimai - Norgcore - Virtuviniai baldai pagal u\u017esakym\u0105","og_description":"Perskaitykite \u0161i\u0105 instrukcij\u0105 atid\u017eiai \u2013 tai pad\u0117s Jums i\u0161vengti nemaloni\u0173 pasekmi\u0173 d\u0117l netinkamo bald\u0173 naudojimo. 1. PRI\u0116MIMO REIKALAVIMAI 1.1. I\u0161pakuojant patikrinkite komplektacij\u0105 ir detali\u0173 vientisum\u0105. Po surinkimo pastabos d\u0117l komplektacijos ar pa\u017eeidim\u0173 nepriimamos. Jei pakuot\u0117 pa\u017eeista ir detal\u0117s sugadintos, jos nemokamai nekei\u010diamos.1.2. Pa\u0161alinus pakuot\u0119, kur\u012f laik\u0105 gali b\u016bti juntamas kvapas \u2013 tai nekenksminga sveikatai. Bald\u0173 [&hellip;]","og_url":"https:\/\/norgcore.com\/en\/baldu-priemimo-reikalavimai\/","og_site_name":"Norgcore - Virtuviniai baldai pagal u\u017esakym\u0105","article_publisher":"https:\/\/www.facebook.com\/profile.php?id=61582276862439","article_modified_time":"2025-11-11T11:34:24+00:00","twitter_card":"summary_large_image","twitter_misc":{"Est. reading time":"3 minutes"},"schema":{"@context":"https:\/\/schema.org","@graph":[{"@type":"WebPage","@id":"https:\/\/norgcore.com\/baldu-priemimo-reikalavimai\/","url":"https:\/\/norgcore.com\/baldu-priemimo-reikalavimai\/","name":"Bald\u0173 pri\u0117mimo reikalavimai - Norgcore - Virtuviniai baldai pagal u\u017esakym\u0105","isPartOf":{"@id":"https:\/\/norgcore.com\/#website"},"datePublished":"2025-11-11T11:32:24+00:00","dateModified":"2025-11-11T11:34:24+00:00","breadcrumb":{"@id":"https:\/\/norgcore.com\/baldu-priemimo-reikalavimai\/#breadcrumb"},"inLanguage":"en-US","potentialAction":[{"@type":"ReadAction","target":["https:\/\/norgcore.com\/baldu-priemimo-reikalavimai\/"]}]},{"@type":"BreadcrumbList","@id":"https:\/\/norgcore.com\/baldu-priemimo-reikalavimai\/#breadcrumb","itemListElement":[{"@type":"ListItem","position":1,"name":"Home","item":"https:\/\/norgcore.com\/"},{"@type":"ListItem","position":2,"name":"Bald\u0173 pri\u0117mimo reikalavimai"}]},{"@type":"WebSite","@id":"https:\/\/norgcore.com\/#website","url":"https:\/\/norgcore.com\/","name":"Norgcore - Virtuviniai baldai jaukiems namams","description":"U\u017esakomieji moduliniai virtuviniai baldai ir rank\u0173 darbo virtuviniai baldai - kiekvienam siekian\u010diam kokyb\u0117s","publisher":{"@id":"https:\/\/norgcore.com\/#organization"},"potentialAction":[{"@type":"SearchAction","target":{"@type":"EntryPoint","urlTemplate":"https:\/\/norgcore.com\/?s={search_term_string}"},"query-input":{"@type":"PropertyValueSpecification","valueRequired":true,"valueName":"search_term_string"}}],"inLanguage":"en-US"},{"@type":"Organization","@id":"https:\/\/norgcore.com\/#organization","name":"Norgcore MB","url":"https:\/\/norgcore.com\/","logo":{"@type":"ImageObject","inLanguage":"en-US","@id":"https:\/\/norgcore.com\/#\/schema\/logo\/image\/","url":"https:\/\/norgcore.com\/wp-content\/uploads\/2025\/10\/NORGCORE-virtuves-logotipas-juodas.png","contentUrl":"https:\/\/norgcore.com\/wp-content\/uploads\/2025\/10\/NORGCORE-virtuves-logotipas-juodas.png","width":417,"height":107,"caption":"Norgcore MB"},"image":{"@id":"https:\/\/norgcore.com\/#\/schema\/logo\/image\/"},"sameAs":["https:\/\/www.facebook.com\/profile.php?id=61582276862439"]}]}},"_links":{"self":[{"href":"https:\/\/norgcore.com\/en\/wp-json\/wp\/v2\/pages\/1028","targetHints":{"allow":["GET"]}}],"collection":[{"href":"https:\/\/norgcore.com\/en\/wp-json\/wp\/v2\/pages"}],"about":[{"href":"https:\/\/norgcore.com\/en\/wp-json\/wp\/v2\/types\/page"}],"author":[{"embeddable":true,"href":"https:\/\/norgcore.com\/en\/wp-json\/wp\/v2\/users\/2"}],"replies":[{"embeddable":true,"href":"https:\/\/norgcore.com\/en\/wp-json\/wp\/v2\/comments?post=1028"}],"version-history":[{"count":7,"href":"https:\/\/norgcore.com\/en\/wp-json\/wp\/v2\/pages\/1028\/revisions"}],"predecessor-version":[{"id":1036,"href":"https:\/\/norgcore.com\/en\/wp-json\/wp\/v2\/pages\/1028\/revisions\/1036"}],"wp:attachment":[{"href":"https:\/\/norgcore.com\/en\/wp-json\/wp\/v2\/media?parent=1028"}],"curies":[{"name":"wp","href":"https:\/\/api.w.org\/{rel}","templated":true}]}}