{"id":604,"date":"2025-10-20T15:15:44","date_gmt":"2025-10-20T13:15:44","guid":{"rendered":"https:\/\/norgcore.com\/?page_id=604"},"modified":"2025-10-22T08:04:47","modified_gmt":"2025-10-22T06:04:47","slug":"bendradarbiaukime","status":"publish","type":"page","link":"https:\/\/norgcore.com\/en\/bendradarbiaukime\/","title":{"rendered":"Let's collaborate"},"content":{"rendered":"<div data-elementor-type=\"wp-page\" data-elementor-id=\"604\" class=\"elementor elementor-604\" data-elementor-post-type=\"page\">\n\t\t\t\t\t\t<section class=\"elementor-section elementor-top-section elementor-element elementor-element-4edafd92 elementor-reverse-mobile elementor-section-boxed elementor-section-height-default elementor-section-height-default\" data-id=\"4edafd92\" data-element_type=\"section\" data-settings=\"{&quot;background_background&quot;:&quot;classic&quot;}\">\n\t\t\t\t\t\t\t<div class=\"elementor-background-overlay\"><\/div>\n\t\t\t\t\t\t\t<div class=\"elementor-container elementor-column-gap-default\">\n\t\t\t\t\t<div class=\"elementor-column elementor-col-50 elementor-top-column elementor-element elementor-element-6381fabc elementor-invisible\" data-id=\"6381fabc\" data-element_type=\"column\" data-settings=\"{&quot;background_background&quot;:&quot;classic&quot;,&quot;animation&quot;:&quot;slideInUp&quot;}\">\n\t\t\t<div class=\"elementor-widget-wrap\">\n\t\t\t\t\t\t\t<\/div>\n\t\t<\/div>\n\t\t\t\t<div class=\"elementor-column elementor-col-50 elementor-top-column elementor-element elementor-element-9d2c1f9\" data-id=\"9d2c1f9\" data-element_type=\"column\">\n\t\t\t<div class=\"elementor-widget-wrap elementor-element-populated\">\n\t\t\t\t\t\t<section class=\"elementor-section elementor-inner-section elementor-element elementor-element-4c603689 elementor-section-boxed elementor-section-height-default elementor-section-height-default\" data-id=\"4c603689\" data-element_type=\"section\">\n\t\t\t\t\t\t<div class=\"elementor-container elementor-column-gap-default\">\n\t\t\t\t\t<div class=\"elementor-column elementor-col-100 elementor-inner-column elementor-element elementor-element-f021744\" data-id=\"f021744\" data-element_type=\"column\">\n\t\t\t<div class=\"elementor-widget-wrap elementor-element-populated\">\n\t\t\t\t\t\t<div class=\"elementor-element elementor-element-3c58ecd9 elementor-invisible elementor-widget elementor-widget-heading\" data-id=\"3c58ecd9\" data-element_type=\"widget\" data-settings=\"{&quot;_animation&quot;:&quot;fadeInRight&quot;}\" data-widget_type=\"heading.default\">\n\t\t\t\t\t<h1 class=\"elementor-heading-title elementor-size-default\">Let's collaborate<\/h1>\t\t\t\t<\/div>\n\t\t\t\t\t<\/div>\n\t\t<\/div>\n\t\t\t\t\t<\/div>\n\t\t<\/section>\n\t\t\t\t\t<\/div>\n\t\t<\/div>\n\t\t\t\t\t<\/div>\n\t\t<\/section>\n\t\t\t\t<section class=\"elementor-section elementor-top-section elementor-element elementor-element-2380676a elementor-section-boxed elementor-section-height-default elementor-section-height-default\" data-id=\"2380676a\" data-element_type=\"section\" data-settings=\"{&quot;background_background&quot;:&quot;classic&quot;}\">\n\t\t\t\t\t\t<div class=\"elementor-container elementor-column-gap-default\">\n\t\t\t\t\t<div class=\"elementor-column elementor-col-50 elementor-top-column elementor-element elementor-element-3cce09d6\" data-id=\"3cce09d6\" data-element_type=\"column\">\n\t\t\t<div class=\"elementor-widget-wrap elementor-element-populated\">\n\t\t\t\t\t\t<div class=\"elementor-element elementor-element-356220d6 elementor-widget-divider--view-line elementor-widget elementor-widget-divider\" data-id=\"356220d6\" data-element_type=\"widget\" data-widget_type=\"divider.default\">\n\t\t\t\t\t\t\t<div class=\"elementor-divider\">\n\t\t\t<span class=\"elementor-divider-separator\">\n\t\t\t\t\t\t<\/span>\n\t\t<\/div>\n\t\t\t\t\t\t<\/div>\n\t\t\t\t<div class=\"elementor-element elementor-element-4920bef6 elementor-invisible elementor-widget elementor-widget-heading\" data-id=\"4920bef6\" data-element_type=\"widget\" data-settings=\"{&quot;_animation&quot;:&quot;fadeInLeft&quot;}\" data-widget_type=\"heading.default\">\n\t\t\t\t\t<h2 class=\"elementor-heading-title elementor-size-default\">Join our team<\/h2>\t\t\t\t<\/div>\n\t\t\t\t<div class=\"elementor-element elementor-element-210394e4 elementor-widget elementor-widget-text-editor\" data-id=\"210394e4\" data-element_type=\"widget\" data-widget_type=\"text-editor.default\">\n\t\t\t\t\t\t\t\t\t<p>Building a good reputation is important to you, which is why our trading accounts and services offer access to commodities at confidential trading prices, flexible payment methods and time-saving services that allow you to focus on your client and the work you do.\u00a0<\/p><p>Contact us to find out how to open a trading account with us and how having one can help your business.<\/p>\t\t\t\t\t\t\t\t<\/div>\n\t\t\t\t\t<\/div>\n\t\t<\/div>\n\t\t\t\t<div class=\"elementor-column elementor-col-50 elementor-top-column elementor-element elementor-element-6badafdc elementor-invisible\" data-id=\"6badafdc\" data-element_type=\"column\" data-settings=\"{&quot;background_background&quot;:&quot;classic&quot;,&quot;animation&quot;:&quot;fadeInUp&quot;}\">\n\t\t\t<div class=\"elementor-widget-wrap elementor-element-populated\">\n\t\t\t\t\t\t<div class=\"elementor-element elementor-element-c932c46 elementor-widget elementor-widget-heading\" data-id=\"c932c46\" data-element_type=\"widget\" data-widget_type=\"heading.default\">\n\t\t\t\t\t<h3 class=\"elementor-heading-title elementor-size-default\">Submit an application<\/h3>\t\t\t\t<\/div>\n\t\t\t\t<div class=\"elementor-element elementor-element-4fd7408d elementor-button-align-stretch elementor-widget elementor-widget-form\" data-id=\"4fd7408d\" data-element_type=\"widget\" data-settings=\"{&quot;step_next_label&quot;:&quot;Next&quot;,&quot;step_previous_label&quot;:&quot;Previous&quot;,&quot;button_width&quot;:&quot;100&quot;,&quot;step_type&quot;:&quot;number_text&quot;,&quot;step_icon_shape&quot;:&quot;circle&quot;}\" data-widget_type=\"form.default\">\n\t\t\t\t\t\t\t<form class=\"elementor-form\" method=\"post\" name=\"Bendradarbiavimo forma\" aria-label=\"Form of cooperation\" action=\"\">\n\t\t\t<input type=\"hidden\" name=\"post_id\" value=\"604\"\/>\n\t\t\t<input type=\"hidden\" name=\"form_id\" value=\"4fd7408d\"\/>\n\t\t\t<input type=\"hidden\" name=\"referer_title\" value=\"Bendradarbiaukime - Norgcore - Virtuviniai baldai pagal u\u017esakym\u0105\" \/>\n\n\t\t\t\t\t\t\t<input type=\"hidden\" name=\"queried_id\" value=\"604\"\/>\n\t\t\t\n\t\t\t<div class=\"elementor-form-fields-wrapper elementor-labels-\">\n\t\t\t\t\t\t\t\t<div class=\"elementor-field-type-select elementor-field-group elementor-column elementor-field-group-field_e61089c elementor-col-100 elementor-field-required\">\n\t\t\t\t\t\t\t\t\t\t\t\t<label for=\"form-field-field_e61089c\" class=\"elementor-field-label elementor-screen-only\">\n\t\t\t\t\t\t\t\tChoose a contact\t\t\t\t\t\t\t<\/label>\n\t\t\t\t\t\t\t\t<div class=\"elementor-field elementor-select-wrapper remove-before\">\n\t\t\t<div class=\"select-caret-down-wrapper\">\n\t\t\t\t<svg aria-hidden=\"true\" class=\"e-font-icon-svg e-eicon-caret-down\" viewbox=\"0 0 571.4 571.4\" xmlns=\"http:\/\/www.w3.org\/2000\/svg\"><path d=\"M571 393Q571 407 561 418L311 668Q300 679 286 679T261 668L11 418Q0 407 0 393T11 368 36 357H536Q550 357 561 368T571 393Z\"><\/path><\/svg>\t\t\t<\/div>\n\t\t\t<select name=\"form_fields[field_e61089c]\" id=\"form-field-field_e61089c\" class=\"elementor-field-textual elementor-size-md\" required=\"required\">\n\t\t\t\t\t\t\t\t\t<option value=\"Pasirinkti adresat\u0105\">Choose a contact<\/option>\n\t\t\t\t\t\t\t\t\t<option value=\" info@norgcore.com\">Lithuania <\/option>\n\t\t\t\t\t\t\t\t\t<option value=\" info@norgcore.com\">In England <\/option>\n\t\t\t\t\t\t\t\t\t<option value=\" info@norgcore.com\">In Norway <\/option>\n\t\t\t\t\t\t\t<\/select>\n\t\t<\/div>\n\t\t\t\t\t\t<\/div>\n\t\t\t\t\t\t\t\t<div class=\"elementor-field-type-text\">\n\t\t\t\t\t<input size=\"1\" type=\"text\" name=\"form_fields[field_f83fbed]\" id=\"form-field-field_f83fbed\" class=\"elementor-field elementor-size-md\" style=\"display:none !important;\">\t\t\t\t<\/div>\n\t\t\t\t\t\t\t\t<div class=\"elementor-field-type-text elementor-field-group elementor-column elementor-field-group-name elementor-col-100 elementor-field-required\">\n\t\t\t\t\t\t\t\t\t\t\t\t<label for=\"form-field-name\" class=\"elementor-field-label elementor-screen-only\">\n\t\t\t\t\t\t\t\tName\t\t\t\t\t\t\t<\/label>\n\t\t\t\t\t\t\t\t\t\t\t\t\t\t<input size=\"1\" type=\"text\" name=\"form_fields[name]\" id=\"form-field-name\" class=\"elementor-field elementor-size-md  elementor-field-textual\" placeholder=\"Name \/ Business name\" required=\"required\">\n\t\t\t\t\t\t\t\t\t\t\t<\/div>\n\t\t\t\t\t\t\t\t<div class=\"elementor-field-type-text elementor-field-group elementor-column elementor-field-group-field_61f59ef elementor-col-100 elementor-field-required\">\n\t\t\t\t\t\t\t\t\t\t\t\t<label for=\"form-field-field_61f59ef\" class=\"elementor-field-label elementor-screen-only\">\n\t\t\t\t\t\t\t\tPhone\t\t\t\t\t\t\t<\/label>\n\t\t\t\t\t\t\t\t\t\t\t\t\t\t<input size=\"1\" type=\"text\" name=\"form_fields[field_61f59ef]\" id=\"form-field-field_61f59ef\" class=\"elementor-field elementor-size-md  elementor-field-textual\" placeholder=\"Phone\" required=\"required\">\n\t\t\t\t\t\t\t\t\t\t\t<\/div>\n\t\t\t\t\t\t\t\t<div class=\"elementor-field-type-email elementor-field-group elementor-column elementor-field-group-email elementor-col-50 elementor-field-required\">\n\t\t\t\t\t\t\t\t\t\t\t\t<label for=\"form-field-email\" class=\"elementor-field-label elementor-screen-only\">\n\t\t\t\t\t\t\t\tEmail\t\t\t\t\t\t\t<\/label>\n\t\t\t\t\t\t\t\t\t\t\t\t\t\t<input size=\"1\" type=\"email\" name=\"form_fields[email]\" id=\"form-field-email\" class=\"elementor-field elementor-size-md  elementor-field-textual\" placeholder=\"Email\" required=\"required\">\n\t\t\t\t\t\t\t\t\t\t\t<\/div>\n\t\t\t\t\t\t\t\t<div class=\"elementor-field-type-text elementor-field-group elementor-column elementor-field-group-field_eae40d9 elementor-col-50 elementor-field-required\">\n\t\t\t\t\t\t\t\t\t\t\t\t<label for=\"form-field-field_eae40d9\" class=\"elementor-field-label elementor-screen-only\">\n\t\t\t\t\t\t\t\tSubject\t\t\t\t\t\t\t<\/label>\n\t\t\t\t\t\t\t\t\t\t\t\t\t\t<input size=\"1\" type=\"text\" name=\"form_fields[field_eae40d9]\" id=\"form-field-field_eae40d9\" class=\"elementor-field elementor-size-md  elementor-field-textual\" placeholder=\"Subject\" required=\"required\">\n\t\t\t\t\t\t\t\t\t\t\t<\/div>\n\t\t\t\t\t\t\t\t<div class=\"elementor-field-type-textarea elementor-field-group elementor-column elementor-field-group-message elementor-col-100 elementor-field-required\">\n\t\t\t\t\t\t\t\t\t\t\t\t<label for=\"form-field-message\" class=\"elementor-field-label elementor-screen-only\">\n\t\t\t\t\t\t\t\tMessage to\t\t\t\t\t\t\t<\/label>\n\t\t\t\t\t\t<textarea class=\"elementor-field-textual elementor-field  elementor-size-md\" name=\"form_fields[message]\" id=\"form-field-message\" rows=\"5\" placeholder=\"Message to\" required=\"required\"><\/textarea>\t\t\t\t<\/div>\n\t\t\t\t\t\t\t\t<div class=\"elementor-field-group elementor-column elementor-field-type-submit elementor-col-100 e-form__buttons\">\n\t\t\t\t\t<button class=\"elementor-button elementor-size-md\" type=\"submit\">\n\t\t\t\t\t\t<span class=\"elementor-button-content-wrapper\">\n\t\t\t\t\t\t\t\t\t\t\t\t\t\t\t\t\t\t\t\t\t\t<span class=\"elementor-button-text\">Contact<\/span>\n\t\t\t\t\t\t\t\t\t\t\t\t\t<\/span>\n\t\t\t\t\t<\/button>\n\t\t\t\t<\/div>\n\t\t\t<\/div>\n\t\t<input type=\"hidden\" name=\"trp-form-language\" value=\"en\"\/><\/form>\n\t\t\t\t\t\t<\/div>\n\t\t\t\t\t<\/div>\n\t\t<\/div>\n\t\t\t\t\t<\/div>\n\t\t<\/section>\n\t\t\t\t<\/div>","protected":false},"excerpt":{"rendered":"<p>Prisijunkite prie m\u016bs\u0173 komandos Jums svarbu susikurti ger\u0105 reputacij\u0105, tod\u0117l m\u016bs\u0173 prekybos s\u0105skaitos ir paslaugos suteikia prieig\u0105 prie preki\u0173 u\u017e konfidencialias prekybos kainas, lanks\u010dius mok\u0117jimo b\u016bdus ir paslaugas, kurios taupo laik\u0105, kad gal\u0117tum\u0117te sutelkti d\u0117mes\u012f \u012f savo klient\u0105 ir atliekam\u0105 darb\u0105.\u00a0 Susisiekite su su\u017einokite, kaip atidaryti prekybos s\u0105skait\u0105 pas mus ir kaip jos tur\u0117jimas gali [&hellip;]<\/p>","protected":false},"author":2,"featured_media":0,"parent":0,"menu_order":0,"comment_status":"closed","ping_status":"closed","template":"elementor_header_footer","meta":{"footnotes":""},"class_list":["post-604","page","type-page","status-publish","hentry"],"yoast_head":"<!-- This site is optimized with the Yoast SEO plugin v26.2 - https:\/\/yoast.com\/wordpress\/plugins\/seo\/ -->\n<title>Bendradarbiaukime - Norgcore - Virtuviniai baldai pagal u\u017esakym\u0105<\/title>\n<meta name=\"robots\" content=\"index, follow, max-snippet:-1, max-image-preview:large, max-video-preview:-1\" \/>\n<link rel=\"canonical\" href=\"https:\/\/norgcore.com\/en\/bendradarbiaukime\/\" \/>\n<meta property=\"og:locale\" content=\"en_US\" \/>\n<meta property=\"og:type\" content=\"article\" \/>\n<meta property=\"og:title\" content=\"Bendradarbiaukime - Norgcore - Virtuviniai baldai pagal u\u017esakym\u0105\" \/>\n<meta property=\"og:description\" content=\"Prisijunkite prie m\u016bs\u0173 komandos Jums svarbu susikurti ger\u0105 reputacij\u0105, tod\u0117l m\u016bs\u0173 prekybos s\u0105skaitos ir paslaugos suteikia prieig\u0105 prie preki\u0173 u\u017e konfidencialias prekybos kainas, lanks\u010dius mok\u0117jimo b\u016bdus ir paslaugas, kurios taupo laik\u0105, kad gal\u0117tum\u0117te sutelkti d\u0117mes\u012f \u012f savo klient\u0105 ir atliekam\u0105 darb\u0105.\u00a0 Susisiekite su su\u017einokite, kaip atidaryti prekybos s\u0105skait\u0105 pas mus ir kaip jos tur\u0117jimas gali [&hellip;]\" \/>\n<meta property=\"og:url\" content=\"https:\/\/norgcore.com\/en\/bendradarbiaukime\/\" \/>\n<meta property=\"og:site_name\" content=\"Norgcore - Virtuviniai baldai pagal u\u017esakym\u0105\" \/>\n<meta property=\"article:publisher\" content=\"https:\/\/www.facebook.com\/profile.php?id=61582276862439\" \/>\n<meta property=\"article:modified_time\" content=\"2025-10-22T06:04:47+00:00\" \/>\n<meta name=\"twitter:card\" content=\"summary_large_image\" \/>\n<script type=\"application\/ld+json\" class=\"yoast-schema-graph\">{\"@context\":\"https:\/\/schema.org\",\"@graph\":[{\"@type\":\"WebPage\",\"@id\":\"https:\/\/norgcore.com\/bendradarbiaukime\/\",\"url\":\"https:\/\/norgcore.com\/bendradarbiaukime\/\",\"name\":\"Bendradarbiaukime - Norgcore - Virtuviniai baldai pagal u\u017esakym\u0105\",\"isPartOf\":{\"@id\":\"https:\/\/norgcore.com\/#website\"},\"datePublished\":\"2025-10-20T13:15:44+00:00\",\"dateModified\":\"2025-10-22T06:04:47+00:00\",\"breadcrumb\":{\"@id\":\"https:\/\/norgcore.com\/bendradarbiaukime\/#breadcrumb\"},\"inLanguage\":\"en-US\",\"potentialAction\":[{\"@type\":\"ReadAction\",\"target\":[\"https:\/\/norgcore.com\/bendradarbiaukime\/\"]}]},{\"@type\":\"BreadcrumbList\",\"@id\":\"https:\/\/norgcore.com\/bendradarbiaukime\/#breadcrumb\",\"itemListElement\":[{\"@type\":\"ListItem\",\"position\":1,\"name\":\"Home\",\"item\":\"https:\/\/norgcore.com\/\"},{\"@type\":\"ListItem\",\"position\":2,\"name\":\"Bendradarbiaukime\"}]},{\"@type\":\"WebSite\",\"@id\":\"https:\/\/norgcore.com\/#website\",\"url\":\"https:\/\/norgcore.com\/\",\"name\":\"Norgcore - Virtuviniai baldai jaukiems namams\",\"description\":\"U\u017esakomieji moduliniai virtuviniai baldai ir rank\u0173 darbo virtuviniai baldai - kiekvienam siekian\u010diam kokyb\u0117s\",\"publisher\":{\"@id\":\"https:\/\/norgcore.com\/#organization\"},\"potentialAction\":[{\"@type\":\"SearchAction\",\"target\":{\"@type\":\"EntryPoint\",\"urlTemplate\":\"https:\/\/norgcore.com\/?s={search_term_string}\"},\"query-input\":{\"@type\":\"PropertyValueSpecification\",\"valueRequired\":true,\"valueName\":\"search_term_string\"}}],\"inLanguage\":\"en-US\"},{\"@type\":\"Organization\",\"@id\":\"https:\/\/norgcore.com\/#organization\",\"name\":\"Norgcore MB\",\"url\":\"https:\/\/norgcore.com\/\",\"logo\":{\"@type\":\"ImageObject\",\"inLanguage\":\"en-US\",\"@id\":\"https:\/\/norgcore.com\/#\/schema\/logo\/image\/\",\"url\":\"https:\/\/norgcore.com\/wp-content\/uploads\/2025\/10\/NORGCORE-virtuves-logotipas-juodas.png\",\"contentUrl\":\"https:\/\/norgcore.com\/wp-content\/uploads\/2025\/10\/NORGCORE-virtuves-logotipas-juodas.png\",\"width\":417,\"height\":107,\"caption\":\"Norgcore MB\"},\"image\":{\"@id\":\"https:\/\/norgcore.com\/#\/schema\/logo\/image\/\"},\"sameAs\":[\"https:\/\/www.facebook.com\/profile.php?id=61582276862439\"]}]}<\/script>\n<!-- \/ Yoast SEO plugin. -->","yoast_head_json":{"title":"Bendradarbiaukime - Norgcore - Virtuviniai baldai pagal u\u017esakym\u0105","robots":{"index":"index","follow":"follow","max-snippet":"max-snippet:-1","max-image-preview":"max-image-preview:large","max-video-preview":"max-video-preview:-1"},"canonical":"https:\/\/norgcore.com\/en\/bendradarbiaukime\/","og_locale":"en_US","og_type":"article","og_title":"Bendradarbiaukime - Norgcore - Virtuviniai baldai pagal u\u017esakym\u0105","og_description":"Prisijunkite prie m\u016bs\u0173 komandos Jums svarbu susikurti ger\u0105 reputacij\u0105, tod\u0117l m\u016bs\u0173 prekybos s\u0105skaitos ir paslaugos suteikia prieig\u0105 prie preki\u0173 u\u017e konfidencialias prekybos kainas, lanks\u010dius mok\u0117jimo b\u016bdus ir paslaugas, kurios taupo laik\u0105, kad gal\u0117tum\u0117te sutelkti d\u0117mes\u012f \u012f savo klient\u0105 ir atliekam\u0105 darb\u0105.\u00a0 Susisiekite su su\u017einokite, kaip atidaryti prekybos s\u0105skait\u0105 pas mus ir kaip jos tur\u0117jimas gali [&hellip;]","og_url":"https:\/\/norgcore.com\/en\/bendradarbiaukime\/","og_site_name":"Norgcore - Virtuviniai baldai pagal u\u017esakym\u0105","article_publisher":"https:\/\/www.facebook.com\/profile.php?id=61582276862439","article_modified_time":"2025-10-22T06:04:47+00:00","twitter_card":"summary_large_image","schema":{"@context":"https:\/\/schema.org","@graph":[{"@type":"WebPage","@id":"https:\/\/norgcore.com\/bendradarbiaukime\/","url":"https:\/\/norgcore.com\/bendradarbiaukime\/","name":"Bendradarbiaukime - Norgcore - Virtuviniai baldai pagal u\u017esakym\u0105","isPartOf":{"@id":"https:\/\/norgcore.com\/#website"},"datePublished":"2025-10-20T13:15:44+00:00","dateModified":"2025-10-22T06:04:47+00:00","breadcrumb":{"@id":"https:\/\/norgcore.com\/bendradarbiaukime\/#breadcrumb"},"inLanguage":"en-US","potentialAction":[{"@type":"ReadAction","target":["https:\/\/norgcore.com\/bendradarbiaukime\/"]}]},{"@type":"BreadcrumbList","@id":"https:\/\/norgcore.com\/bendradarbiaukime\/#breadcrumb","itemListElement":[{"@type":"ListItem","position":1,"name":"Home","item":"https:\/\/norgcore.com\/"},{"@type":"ListItem","position":2,"name":"Bendradarbiaukime"}]},{"@type":"WebSite","@id":"https:\/\/norgcore.com\/#website","url":"https:\/\/norgcore.com\/","name":"Norgcore - Virtuviniai baldai jaukiems namams","description":"U\u017esakomieji moduliniai virtuviniai baldai ir rank\u0173 darbo virtuviniai baldai - kiekvienam siekian\u010diam kokyb\u0117s","publisher":{"@id":"https:\/\/norgcore.com\/#organization"},"potentialAction":[{"@type":"SearchAction","target":{"@type":"EntryPoint","urlTemplate":"https:\/\/norgcore.com\/?s={search_term_string}"},"query-input":{"@type":"PropertyValueSpecification","valueRequired":true,"valueName":"search_term_string"}}],"inLanguage":"en-US"},{"@type":"Organization","@id":"https:\/\/norgcore.com\/#organization","name":"Norgcore MB","url":"https:\/\/norgcore.com\/","logo":{"@type":"ImageObject","inLanguage":"en-US","@id":"https:\/\/norgcore.com\/#\/schema\/logo\/image\/","url":"https:\/\/norgcore.com\/wp-content\/uploads\/2025\/10\/NORGCORE-virtuves-logotipas-juodas.png","contentUrl":"https:\/\/norgcore.com\/wp-content\/uploads\/2025\/10\/NORGCORE-virtuves-logotipas-juodas.png","width":417,"height":107,"caption":"Norgcore MB"},"image":{"@id":"https:\/\/norgcore.com\/#\/schema\/logo\/image\/"},"sameAs":["https:\/\/www.facebook.com\/profile.php?id=61582276862439"]}]}},"_links":{"self":[{"href":"https:\/\/norgcore.com\/en\/wp-json\/wp\/v2\/pages\/604","targetHints":{"allow":["GET"]}}],"collection":[{"href":"https:\/\/norgcore.com\/en\/wp-json\/wp\/v2\/pages"}],"about":[{"href":"https:\/\/norgcore.com\/en\/wp-json\/wp\/v2\/types\/page"}],"author":[{"embeddable":true,"href":"https:\/\/norgcore.com\/en\/wp-json\/wp\/v2\/users\/2"}],"replies":[{"embeddable":true,"href":"https:\/\/norgcore.com\/en\/wp-json\/wp\/v2\/comments?post=604"}],"version-history":[{"count":13,"href":"https:\/\/norgcore.com\/en\/wp-json\/wp\/v2\/pages\/604\/revisions"}],"predecessor-version":[{"id":808,"href":"https:\/\/norgcore.com\/en\/wp-json\/wp\/v2\/pages\/604\/revisions\/808"}],"wp:attachment":[{"href":"https:\/\/norgcore.com\/en\/wp-json\/wp\/v2\/media?parent=604"}],"curies":[{"name":"wp","href":"https:\/\/api.w.org\/{rel}","templated":true}]}}