{"id":1005,"date":"2025-11-11T12:47:30","date_gmt":"2025-11-11T10:47:30","guid":{"rendered":"https:\/\/norgcore.com\/?page_id=1005"},"modified":"2025-12-15T13:19:41","modified_gmt":"2025-12-15T11:19:41","slug":"drutex-garantinis-lapas","status":"publish","type":"page","link":"https:\/\/norgcore.com\/no\/drutex-garantinis-lapas\/","title":{"rendered":"Drutex produktgaranti"},"content":{"rendered":"<div data-elementor-type=\"wp-page\" data-elementor-id=\"1005\" class=\"elementor elementor-1005\" data-elementor-post-type=\"page\">\n\t\t\t\t\t\t<section class=\"elementor-section elementor-top-section elementor-element elementor-element-6642098c elementor-reverse-mobile elementor-section-boxed elementor-section-height-default elementor-section-height-default\" data-id=\"6642098c\" data-element_type=\"section\" data-settings=\"{&quot;background_background&quot;:&quot;classic&quot;}\">\n\t\t\t\t\t\t\t<div class=\"elementor-background-overlay\"><\/div>\n\t\t\t\t\t\t\t<div class=\"elementor-container elementor-column-gap-default\">\n\t\t\t\t\t<div class=\"elementor-column elementor-col-50 elementor-top-column elementor-element elementor-element-dc10987 elementor-invisible\" data-id=\"dc10987\" data-element_type=\"column\" data-settings=\"{&quot;background_background&quot;:&quot;classic&quot;,&quot;animation&quot;:&quot;slideInUp&quot;}\">\n\t\t\t<div class=\"elementor-widget-wrap\">\n\t\t\t\t\t\t\t<\/div>\n\t\t<\/div>\n\t\t\t\t<div class=\"elementor-column elementor-col-50 elementor-top-column elementor-element elementor-element-4b458fad\" data-id=\"4b458fad\" data-element_type=\"column\">\n\t\t\t<div class=\"elementor-widget-wrap elementor-element-populated\">\n\t\t\t\t\t\t<section class=\"elementor-section elementor-inner-section elementor-element elementor-element-461a43ca elementor-section-boxed elementor-section-height-default elementor-section-height-default\" data-id=\"461a43ca\" data-element_type=\"section\">\n\t\t\t\t\t\t<div class=\"elementor-container elementor-column-gap-default\">\n\t\t\t\t\t<div class=\"elementor-column elementor-col-100 elementor-inner-column elementor-element elementor-element-5c75b23a\" data-id=\"5c75b23a\" data-element_type=\"column\">\n\t\t\t<div class=\"elementor-widget-wrap elementor-element-populated\">\n\t\t\t\t\t\t<div class=\"elementor-element elementor-element-217f0607 elementor-invisible elementor-widget elementor-widget-heading\" data-id=\"217f0607\" data-element_type=\"widget\" data-settings=\"{&quot;_animation&quot;:&quot;fadeInRight&quot;}\" data-widget_type=\"heading.default\">\n\t\t\t\t\t<h1 class=\"elementor-heading-title elementor-size-default\">Drutex produktgaranti<\/h1>\t\t\t\t<\/div>\n\t\t\t\t\t<\/div>\n\t\t<\/div>\n\t\t\t\t\t<\/div>\n\t\t<\/section>\n\t\t\t\t\t<\/div>\n\t\t<\/div>\n\t\t\t\t\t<\/div>\n\t\t<\/section>\n\t\t<div class=\"elementor-element elementor-element-c112c7b e-flex e-con-boxed e-con e-parent\" data-id=\"c112c7b\" data-element_type=\"container\">\n\t\t\t\t\t<div class=\"e-con-inner\">\n\t\t\t\t<div class=\"elementor-element elementor-element-c8c9c80 elementor-widget elementor-widget-text-editor\" data-id=\"c8c9c80\" data-element_type=\"widget\" data-widget_type=\"text-editor.default\">\n\t\t\t\t\t\t\t\t\t<h3>I. GENERELLE BESTEMMELSER<\/h3><p><strong>1. I forbindelse med dette garantikortet er begrepene:<\/strong><\/p><p>(a) Garantist - betyr DRUTEX Sp\u00f3\u0142ka Akcyjna (aksjeselskap), registrert i Byt\u00f3w,<br \/>L\u0119borska g. 31, 77-100 Byt\u00f3w, registrert i det nasjonale domstolsregisteret under nummer 0000140428, mva.<br \/>Kode: 842-16-22-720, REGON: 771564493, autorisert kapital - 21.690.000,00 PLN, fullt innbetalt.<br \/>b) Garanti - skal forst\u00e5s som en rettighet for kj\u00f8peren som f\u00f8lger av garantistens erkl\u00e6ring i dette garantikortet.<br \/>(c) Installasjonsh\u00e5ndbok - forst\u00e5tt som dokumentet \u201eInstallasjon og<br \/>Opptaksh\u00e5ndbok\u201c (PDF tilgjengelig p\u00e5:<br \/>https:\/\/e-portal.drutex.pl\/pl\/document\/assembly_and_acceptance_guide, og i papirform p\u00e5 foresp\u00f8rsel).<\/p><p>d) Garantiskjema - dette dokumentet inneholder garantistens garantierkl\u00e6ring, tilgjengelig p\u00e5 www.e-<br \/>portal.drutex.pl eller i papirform p\u00e5 kj\u00f8perens foresp\u00f8rsel.<\/p><p>(e) \"Forbruker\" betyr en person som nevnt i artikkel 221 i borgerloven av 23. april 1964 (1964-lovene)<br \/>H\u00e5ndboken, nr. 16, punkt 93, med endringer).<br \/>f) \"Kj\u00f8per\" betyr en profesjonell enhet eller forbruker som kj\u00f8per et Produkt.<br \/>g) Produsent - skal forst\u00e5s som garantisten.<br \/>(h) Produkt - vindus- og d\u00f8rprodukter i PVC, ALUMINIUM og TRE som tilbys i produsentens handel<br \/>samt tilleggsprodukter som utvendige rullegardiner (PVC), adaptive rullegardiner<br \/>(ALUMINUM), utvendige rulleskodder RS, systemtilbeh\u00f8r (rekkverk, h\u00e5ndtak, ventilasjons\u00e5pnere, vifter, d\u00f8r\u00e5pnere, d\u00f8r<br \/>lokkemidler, beslag og patenterte l\u00e5ssylindere, elektriske motorer for rulleskodder, elektriske l\u00e5ser) - for hvilke<br \/>Garanti.<br \/>i) Service - Garantistens ansatte og samarbeidspartnere som utf\u00f8rer aktiviteter for \u00e5 vurdere eller implementere Kj\u00f8perens<br \/>rettigheter under garantien.<br \/>j) \"Selger\" betyr en fysisk eller juridisk person som, i forbindelse med sin virksomhet, tilbyr Garantistens produkter p\u00e5 markedet,<br \/>dekkes av garantien.<br \/>k) Garantikrav eller reklamasjon - informasjon om en mangel ved produktet med krav om h\u00e5ndhevelse,<br \/>som f\u00f8lge av garantien.<\/p><p><strong>2. Garantien utelukker, begrenser eller suspenderer ikke kj\u00f8perens rettigheter i tilfelle det leverte produktet ikke er i samsvar med kontrakten.<\/strong><\/p><p><strong>3. Klager under Garantien som Garantisten anser som berettiget, vil bli l\u00f8st p\u00e5 en av f\u00f8lgende m\u00e5ter:<\/strong><\/p><p>(a) Produktet er reparert (dvs. at mangelen er utbedret), eller<br \/>(b) hvis reparasjon ikke er mulig, vil Produktet bli erstattet med et nytt Produkt uten defekter.<\/p><p><strong>4. Garantigiveren skal i hvert enkelt tilfelle avgj\u00f8re hvordan mangler som dekkes av garantien skal utbedres.<\/strong><\/p><p><strong>5. Garantien skal kun gis til eieren av produktet som sender inn et garantikrav i samsvar med prosedyren som er beskrevet i dette arket, og<\/strong><br \/><strong>vilk\u00e5r.<\/strong><\/p><p><strong>6. Dersom salgsgjenstanden ikke er i samsvar med avtalen, har kj\u00f8peren, som er forbruker, rett til rettsmidler mot selgeren<\/strong><br \/><strong>konto. Garantien begrenser ikke disse rettighetene.<\/strong><\/p><p><strong>7. F\u00f8r du kj\u00f8per et produkt, m\u00e5 kj\u00f8peren kontrollere at det oppfyller de n\u00f8dvendige standardene for tetthet, ledningsevne osv.<\/strong><br \/><strong>Klasser i henhold til forholdene p\u00e5 stedet.<\/strong><\/p><h3>II. GARANTIPERIODE<\/h3><p><strong>1. Garantigiver garanterer, med mindre annet er angitt, for sine egne Produkter:<\/strong><\/p><p>(a) for vinduer og balkongd\u00f8rer i PVC-systemer, i 5 (fem) \u00e5r;<br \/>b) ALUMINIUM-vinduer, glasspartier og balkongd\u00f8rer - i 3 (tre) \u00e5r;<br \/>c) for innvendige og utvendige d\u00f8rer i PVC- og ALUMINUM-systemer - i 2 (to) \u00e5r;<br \/>(d) utvendige rullegardiner (PVC), utvendige RS-rullegardiner og adaptive persienner (ALUMINUM),<br \/>4 (fire) \u00e5r for persienner og elektriske motorer til rulleskodder og 3 (tre) \u00e5r for panser til rulleskodder,<br \/>2 (to) \u00e5r for utvendige persienner;<br \/>(e) tilbeh\u00f8r til ovennevnte systemer (rekkverk, h\u00e5ndtak, luftventiler, vifter, d\u00f8r<br \/>for lokkemidler, ikke-standard beslag, patentl\u00e5ser) - i 1 (ett) \u00e5r; for elektroh\u00e5ndtak - i<br \/>2 (to) \u00e5r;<br \/>(f) for trevinduer og balkongd\u00f8rer - i 3 (tre) \u00e5r;<br \/>(g) for ytterd\u00f8rer av tre, i 2 (to) \u00e5r;<br \/>(h) HS for heve-skyved\u00f8rer (tre, PVC, aluminium), PSC for hengslede skyved\u00f8rer<br \/>d\u00f8rer (tre, PVC, aluminium), folded\u00f8rer (aluminium), skyvesystemer (PVC, aluminium)<br \/>- 2 (to) \u00e5r;<br \/>(i) for innrammede og plisserte insektnett, i 2 (to) \u00e5r;<br \/>j) fasader (fasadekonstruksjoner, s\u00f8yler og traverser) - 5 (fem) \u00e5r;<br \/>(k) for fasadeinnsatser (vinduer eller d\u00f8rer) skal garantiperioden v\u00e6re den samme som den perioden som er angitt for disse produktene;<br \/>(l) for pergolaer (inkludert TS50 vinterhage og WG60 vinterhage) i 2 (to) \u00e5r;<br \/>m) garasjeporter - i 2 (to) \u00e5r.<\/p><p><strong>2. Garantiperioden begynner \u00e5 l\u00f8pe fra det \u00f8yeblikket Garantisten selger Produktet til den f\u00f8rste<\/strong><br \/><strong>For kj\u00f8peren (uavhengig av kj\u00f8perens status).<\/strong><\/p><p><strong>3. Produktet eller den delen av produktet som det er fremsatt garantikrav for, er garantert i 12 (tolv) m\u00e5neder<\/strong><br \/><strong>fra datoen for utskiftningen. Denne perioden kan ikke v\u00e6re kortere enn den som er fastsatt i punkt 1 i avsnitt II.<\/strong><\/p><p><strong>4. Fjerning eller utskifting av et defekt produkt med et nytt, feilfritt produkt utl\u00f8ser ikke en ny garantiperiode<\/strong><br \/><strong>begynnelsen av garantiperioden og skal ikke forlenge den gjeldende garantiperioden, med unntak av det som er fastsatt i punkt 3.<\/strong><\/p>\t\t\t\t\t\t\t\t<\/div>\n\t\t\t\t\t<\/div>\n\t\t\t\t<\/div>\n\t\t\t\t<\/div>","protected":false},"excerpt":{"rendered":"<p>I. BENDROSIOS NUOSTATOS 1. \u0160iame garantiniame lape vartojamos s\u0105vokos rei\u0161kia: a) Garantuotojas \u2013 suprantama kaip bendrov\u0117 DRUTEX Sp\u00f3\u0142ka Akcyjna (akcin\u0117 bendrov\u0117), registruota Bytowe,adresu L\u0119borska g. 31, 77-100 Byt\u00f3w, \u012fregistruota Nacionaliniame Teism\u0173 Registre numeriu 0000140428, PVMkodas: 842-16-22-720, REGON: 771564493, \u012fstatinis kapitalas \u2013 21.690.000,00 PLN, visas apmok\u0117tas.b) Garantija \u2013 suprantama kaip pirk\u0117jo teis\u0117, kylanti i\u0161 Garantuotojo parei\u0161kimo, [&hellip;]<\/p>","protected":false},"author":2,"featured_media":0,"parent":0,"menu_order":0,"comment_status":"closed","ping_status":"closed","template":"","meta":{"footnotes":""},"class_list":["post-1005","page","type-page","status-publish","hentry"],"yoast_head":"<!-- This site is optimized with the Yoast SEO plugin v26.2 - https:\/\/yoast.com\/wordpress\/plugins\/seo\/ -->\n<title>Drutex gamini\u0173 garantija - Norgcore - Virtuviniai baldai pagal u\u017esakym\u0105<\/title>\n<meta name=\"robots\" content=\"noindex, nofollow\" \/>\n<meta property=\"og:locale\" content=\"nb_NO\" \/>\n<meta property=\"og:type\" content=\"article\" \/>\n<meta property=\"og:title\" content=\"Drutex gamini\u0173 garantija - Norgcore - Virtuviniai baldai pagal u\u017esakym\u0105\" \/>\n<meta property=\"og:description\" content=\"I. BENDROSIOS NUOSTATOS 1. \u0160iame garantiniame lape vartojamos s\u0105vokos rei\u0161kia: a) Garantuotojas \u2013 suprantama kaip bendrov\u0117 DRUTEX Sp\u00f3\u0142ka Akcyjna (akcin\u0117 bendrov\u0117), registruota Bytowe,adresu L\u0119borska g. 31, 77-100 Byt\u00f3w, \u012fregistruota Nacionaliniame Teism\u0173 Registre numeriu 0000140428, PVMkodas: 842-16-22-720, REGON: 771564493, \u012fstatinis kapitalas \u2013 21.690.000,00 PLN, visas apmok\u0117tas.b) Garantija \u2013 suprantama kaip pirk\u0117jo teis\u0117, kylanti i\u0161 Garantuotojo parei\u0161kimo, [&hellip;]\" \/>\n<meta property=\"og:url\" content=\"https:\/\/norgcore.com\/no\/drutex-garantinis-lapas\/\" \/>\n<meta property=\"og:site_name\" content=\"Norgcore - Virtuviniai baldai pagal u\u017esakym\u0105\" \/>\n<meta property=\"article:publisher\" content=\"https:\/\/www.facebook.com\/profile.php?id=61582276862439\" \/>\n<meta property=\"article:modified_time\" content=\"2025-12-15T11:19:41+00:00\" \/>\n<meta name=\"twitter:card\" content=\"summary_large_image\" \/>\n<meta name=\"twitter:label1\" content=\"Ansl. lesetid\" \/>\n\t<meta name=\"twitter:data1\" content=\"4 minutter\" \/>\n<script type=\"application\/ld+json\" class=\"yoast-schema-graph\">{\"@context\":\"https:\/\/schema.org\",\"@graph\":[{\"@type\":\"WebPage\",\"@id\":\"https:\/\/norgcore.com\/drutex-garantinis-lapas\/\",\"url\":\"https:\/\/norgcore.com\/drutex-garantinis-lapas\/\",\"name\":\"Drutex gamini\u0173 garantija - Norgcore - Virtuviniai baldai pagal u\u017esakym\u0105\",\"isPartOf\":{\"@id\":\"https:\/\/norgcore.com\/#website\"},\"datePublished\":\"2025-11-11T10:47:30+00:00\",\"dateModified\":\"2025-12-15T11:19:41+00:00\",\"breadcrumb\":{\"@id\":\"https:\/\/norgcore.com\/drutex-garantinis-lapas\/#breadcrumb\"},\"inLanguage\":\"nb-NO\",\"potentialAction\":[{\"@type\":\"ReadAction\",\"target\":[\"https:\/\/norgcore.com\/drutex-garantinis-lapas\/\"]}]},{\"@type\":\"BreadcrumbList\",\"@id\":\"https:\/\/norgcore.com\/drutex-garantinis-lapas\/#breadcrumb\",\"itemListElement\":[{\"@type\":\"ListItem\",\"position\":1,\"name\":\"Home\",\"item\":\"https:\/\/norgcore.com\/\"},{\"@type\":\"ListItem\",\"position\":2,\"name\":\"Drutex gamini\u0173 garantija\"}]},{\"@type\":\"WebSite\",\"@id\":\"https:\/\/norgcore.com\/#website\",\"url\":\"https:\/\/norgcore.com\/\",\"name\":\"Norgcore - Virtuviniai baldai jaukiems namams\",\"description\":\"U\u017esakomieji moduliniai virtuviniai baldai ir rank\u0173 darbo virtuviniai baldai - kiekvienam siekian\u010diam kokyb\u0117s\",\"publisher\":{\"@id\":\"https:\/\/norgcore.com\/#organization\"},\"potentialAction\":[{\"@type\":\"SearchAction\",\"target\":{\"@type\":\"EntryPoint\",\"urlTemplate\":\"https:\/\/norgcore.com\/?s={search_term_string}\"},\"query-input\":{\"@type\":\"PropertyValueSpecification\",\"valueRequired\":true,\"valueName\":\"search_term_string\"}}],\"inLanguage\":\"nb-NO\"},{\"@type\":\"Organization\",\"@id\":\"https:\/\/norgcore.com\/#organization\",\"name\":\"Norgcore MB\",\"url\":\"https:\/\/norgcore.com\/\",\"logo\":{\"@type\":\"ImageObject\",\"inLanguage\":\"nb-NO\",\"@id\":\"https:\/\/norgcore.com\/#\/schema\/logo\/image\/\",\"url\":\"https:\/\/norgcore.com\/wp-content\/uploads\/2025\/10\/NORGCORE-virtuves-logotipas-juodas.png\",\"contentUrl\":\"https:\/\/norgcore.com\/wp-content\/uploads\/2025\/10\/NORGCORE-virtuves-logotipas-juodas.png\",\"width\":417,\"height\":107,\"caption\":\"Norgcore MB\"},\"image\":{\"@id\":\"https:\/\/norgcore.com\/#\/schema\/logo\/image\/\"},\"sameAs\":[\"https:\/\/www.facebook.com\/profile.php?id=61582276862439\"]}]}<\/script>\n<!-- \/ Yoast SEO plugin. -->","yoast_head_json":{"title":"Drutex gamini\u0173 garantija - Norgcore - Virtuviniai baldai pagal u\u017esakym\u0105","robots":{"index":"noindex","follow":"nofollow"},"og_locale":"nb_NO","og_type":"article","og_title":"Drutex gamini\u0173 garantija - Norgcore - Virtuviniai baldai pagal u\u017esakym\u0105","og_description":"I. BENDROSIOS NUOSTATOS 1. \u0160iame garantiniame lape vartojamos s\u0105vokos rei\u0161kia: a) Garantuotojas \u2013 suprantama kaip bendrov\u0117 DRUTEX Sp\u00f3\u0142ka Akcyjna (akcin\u0117 bendrov\u0117), registruota Bytowe,adresu L\u0119borska g. 31, 77-100 Byt\u00f3w, \u012fregistruota Nacionaliniame Teism\u0173 Registre numeriu 0000140428, PVMkodas: 842-16-22-720, REGON: 771564493, \u012fstatinis kapitalas \u2013 21.690.000,00 PLN, visas apmok\u0117tas.b) Garantija \u2013 suprantama kaip pirk\u0117jo teis\u0117, kylanti i\u0161 Garantuotojo parei\u0161kimo, [&hellip;]","og_url":"https:\/\/norgcore.com\/no\/drutex-garantinis-lapas\/","og_site_name":"Norgcore - Virtuviniai baldai pagal u\u017esakym\u0105","article_publisher":"https:\/\/www.facebook.com\/profile.php?id=61582276862439","article_modified_time":"2025-12-15T11:19:41+00:00","twitter_card":"summary_large_image","twitter_misc":{"Ansl. lesetid":"4 minutter"},"schema":{"@context":"https:\/\/schema.org","@graph":[{"@type":"WebPage","@id":"https:\/\/norgcore.com\/drutex-garantinis-lapas\/","url":"https:\/\/norgcore.com\/drutex-garantinis-lapas\/","name":"Drutex gamini\u0173 garantija - Norgcore - Virtuviniai baldai pagal u\u017esakym\u0105","isPartOf":{"@id":"https:\/\/norgcore.com\/#website"},"datePublished":"2025-11-11T10:47:30+00:00","dateModified":"2025-12-15T11:19:41+00:00","breadcrumb":{"@id":"https:\/\/norgcore.com\/drutex-garantinis-lapas\/#breadcrumb"},"inLanguage":"nb-NO","potentialAction":[{"@type":"ReadAction","target":["https:\/\/norgcore.com\/drutex-garantinis-lapas\/"]}]},{"@type":"BreadcrumbList","@id":"https:\/\/norgcore.com\/drutex-garantinis-lapas\/#breadcrumb","itemListElement":[{"@type":"ListItem","position":1,"name":"Home","item":"https:\/\/norgcore.com\/"},{"@type":"ListItem","position":2,"name":"Drutex gamini\u0173 garantija"}]},{"@type":"WebSite","@id":"https:\/\/norgcore.com\/#website","url":"https:\/\/norgcore.com\/","name":"Norgcore - Virtuviniai baldai jaukiems namams","description":"U\u017esakomieji moduliniai virtuviniai baldai ir rank\u0173 darbo virtuviniai baldai - kiekvienam siekian\u010diam kokyb\u0117s","publisher":{"@id":"https:\/\/norgcore.com\/#organization"},"potentialAction":[{"@type":"SearchAction","target":{"@type":"EntryPoint","urlTemplate":"https:\/\/norgcore.com\/?s={search_term_string}"},"query-input":{"@type":"PropertyValueSpecification","valueRequired":true,"valueName":"search_term_string"}}],"inLanguage":"nb-NO"},{"@type":"Organization","@id":"https:\/\/norgcore.com\/#organization","name":"Norgcore MB","url":"https:\/\/norgcore.com\/","logo":{"@type":"ImageObject","inLanguage":"nb-NO","@id":"https:\/\/norgcore.com\/#\/schema\/logo\/image\/","url":"https:\/\/norgcore.com\/wp-content\/uploads\/2025\/10\/NORGCORE-virtuves-logotipas-juodas.png","contentUrl":"https:\/\/norgcore.com\/wp-content\/uploads\/2025\/10\/NORGCORE-virtuves-logotipas-juodas.png","width":417,"height":107,"caption":"Norgcore MB"},"image":{"@id":"https:\/\/norgcore.com\/#\/schema\/logo\/image\/"},"sameAs":["https:\/\/www.facebook.com\/profile.php?id=61582276862439"]}]}},"_links":{"self":[{"href":"https:\/\/norgcore.com\/no\/wp-json\/wp\/v2\/pages\/1005","targetHints":{"allow":["GET"]}}],"collection":[{"href":"https:\/\/norgcore.com\/no\/wp-json\/wp\/v2\/pages"}],"about":[{"href":"https:\/\/norgcore.com\/no\/wp-json\/wp\/v2\/types\/page"}],"author":[{"embeddable":true,"href":"https:\/\/norgcore.com\/no\/wp-json\/wp\/v2\/users\/2"}],"replies":[{"embeddable":true,"href":"https:\/\/norgcore.com\/no\/wp-json\/wp\/v2\/comments?post=1005"}],"version-history":[{"count":14,"href":"https:\/\/norgcore.com\/no\/wp-json\/wp\/v2\/pages\/1005\/revisions"}],"predecessor-version":[{"id":1056,"href":"https:\/\/norgcore.com\/no\/wp-json\/wp\/v2\/pages\/1005\/revisions\/1056"}],"wp:attachment":[{"href":"https:\/\/norgcore.com\/no\/wp-json\/wp\/v2\/media?parent=1005"}],"curies":[{"name":"wp","href":"https:\/\/api.w.org\/{rel}","templated":true}]}}