{"id":1019,"date":"2025-11-11T13:07:15","date_gmt":"2025-11-11T11:07:15","guid":{"rendered":"https:\/\/norgcore.com\/?page_id=1019"},"modified":"2025-11-25T12:19:36","modified_gmt":"2025-11-25T10:19:36","slug":"garantinio-aptarnavimo-taisykles","status":"publish","type":"page","link":"https:\/\/norgcore.com\/no\/garantinio-aptarnavimo-taisykles\/","title":{"rendered":"Regler for garantiservice"},"content":{"rendered":"<div data-elementor-type=\"wp-page\" data-elementor-id=\"1019\" class=\"elementor elementor-1019\" data-elementor-post-type=\"page\">\n\t\t\t\t\t\t<section class=\"elementor-section elementor-top-section elementor-element elementor-element-65d0435c elementor-reverse-mobile elementor-section-boxed elementor-section-height-default elementor-section-height-default\" data-id=\"65d0435c\" data-element_type=\"section\" data-settings=\"{&quot;background_background&quot;:&quot;classic&quot;}\">\n\t\t\t\t\t\t\t<div class=\"elementor-background-overlay\"><\/div>\n\t\t\t\t\t\t\t<div class=\"elementor-container elementor-column-gap-default\">\n\t\t\t\t\t<div class=\"elementor-column elementor-col-50 elementor-top-column elementor-element elementor-element-66a2e666 elementor-invisible\" data-id=\"66a2e666\" data-element_type=\"column\" data-settings=\"{&quot;background_background&quot;:&quot;classic&quot;,&quot;animation&quot;:&quot;slideInUp&quot;}\">\n\t\t\t<div class=\"elementor-widget-wrap\">\n\t\t\t\t\t\t\t<\/div>\n\t\t<\/div>\n\t\t\t\t<div class=\"elementor-column elementor-col-50 elementor-top-column elementor-element elementor-element-1a580e0e\" data-id=\"1a580e0e\" data-element_type=\"column\">\n\t\t\t<div class=\"elementor-widget-wrap elementor-element-populated\">\n\t\t\t\t\t\t<section class=\"elementor-section elementor-inner-section elementor-element elementor-element-30806efa elementor-section-boxed elementor-section-height-default elementor-section-height-default\" data-id=\"30806efa\" data-element_type=\"section\">\n\t\t\t\t\t\t<div class=\"elementor-container elementor-column-gap-default\">\n\t\t\t\t\t<div class=\"elementor-column elementor-col-100 elementor-inner-column elementor-element elementor-element-266d7735\" data-id=\"266d7735\" data-element_type=\"column\">\n\t\t\t<div class=\"elementor-widget-wrap elementor-element-populated\">\n\t\t\t\t\t\t<div class=\"elementor-element elementor-element-63e4da2 elementor-invisible elementor-widget elementor-widget-heading\" data-id=\"63e4da2\" data-element_type=\"widget\" data-settings=\"{&quot;_animation&quot;:&quot;fadeInRight&quot;}\" data-widget_type=\"heading.default\">\n\t\t\t\t\t<h1 class=\"elementor-heading-title elementor-size-default\">Regler for garantiservice<\/h1>\t\t\t\t<\/div>\n\t\t\t\t\t<\/div>\n\t\t<\/div>\n\t\t\t\t\t<\/div>\n\t\t<\/section>\n\t\t\t\t\t<\/div>\n\t\t<\/div>\n\t\t\t\t\t<\/div>\n\t\t<\/section>\n\t\t<div class=\"elementor-element elementor-element-ab21683 e-flex e-con-boxed e-con e-parent\" data-id=\"ab21683\" data-element_type=\"container\">\n\t\t\t\t\t<div class=\"e-con-inner\">\n\t\t\t\t<div class=\"elementor-element elementor-element-5fb5ddc elementor-widget elementor-widget-text-editor\" data-id=\"5fb5ddc\" data-element_type=\"widget\" data-widget_type=\"text-editor.default\">\n\t\t\t\t\t\t\t\t\t<h3>GARANTIFORPLIKTELSER OG REGLER FOR ETTERSALGSSERVICE<\/h3><h4>I. Garanti<\/h4><h4><span style=\"font-weight: 400;\">I tr\u00e5d med m\u00f8blene <\/span><b>regler for bruk og vedlikehold<\/b><span style=\"font-weight: 400;\">, er garantiperioden <\/span><b>12 m\u00e5neder fra forsendelsesdatoen<\/b><span style=\"font-weight: 400;\">.<\/span><\/h4><p><span style=\"font-weight: 400;\">Ved mottak av m\u00f8belet m\u00e5 kj\u00f8peren kontrollere at glass og speil (hvis bestilt) er intakte, samt emballasjens og beslagets tilstand.<\/span><span style=\"font-weight: 400;\"><br \/><\/span><span style=\"font-weight: 400;\">F\u00f8r montering m\u00e5 kj\u00f8peren kontrollere delene for defekter. Hvis det oppdages en defekt, m\u00e5 monteringen stoppes, da deler med monteringsmerker <\/span><b>ikke modifiserbar<\/b><span style=\"font-weight: 400;\">.<\/span><\/p><p><span style=\"font-weight: 400;\">Produsentens emballasje m\u00e5 oppbevares til garantiperiodens utl\u00f8p, da <\/span><b>utskifting av deler utf\u00f8res kun i fabrikkemballasjen<\/b><span style=\"font-weight: 400;\">.<\/span><span style=\"font-weight: 400;\"><br \/><\/span><span style=\"font-weight: 400;\">Garantien gjelder ikke, og deler vil ikke bli erstattet hvis de allerede er montert eller hvis de viser tydelige tegn p\u00e5 bruk (f.eks. borede hull, kuttede hull osv.).<\/span><\/p><p><span style=\"font-weight: 400;\">Lagre m\u00f8blene etter montering <\/span><b>kj\u00f8pskvittering<\/b><span style=\"font-weight: 400;\"> og <\/span><b>merker p\u00e5 emballasjeetiketter<\/b><span style=\"font-weight: 400;\"> frem til utl\u00f8pet av garantiperioden.<\/span><\/p><h4>II. Godkjennelse av krav<\/h4><p><span style=\"font-weight: 400;\">Godkjente kvalitetskrav <\/span><b>kun mot fremvisning av kj\u00f8pskvittering (eller faktura)<\/b><span style=\"font-weight: 400;\"> og selve produktet eller deler av det <\/span><b>i fabrikkemballasje<\/b><span style=\"font-weight: 400;\">.<\/span><span style=\"font-weight: 400;\"><br \/><\/span><span style=\"font-weight: 400;\">S\u00f8k p\u00e5 <\/span><b>er det n\u00f8dvendig \u00e5 spesifisere<\/b><span style=\"font-weight: 400;\">kj\u00f8psdato, produkt, reklamasjonens art, bilder av mangelen, bilder av kj\u00f8psdokumenter og emballasjeetiketter.<\/span><\/p><p><span style=\"font-weight: 400;\">Dersom kravene i punkt I og II ikke oppfylles, skal det fremsettes krav om <\/span><b>ikke akseptert<\/b><span style=\"font-weight: 400;\">.<\/span><span style=\"font-weight: 400;\"><br \/><\/span><span style=\"font-weight: 400;\">Ved mottak av m\u00f8belet m\u00e5 kj\u00f8peren kontrollere glassets og speilenes integritet, emballasjens tilstand og delenes tilstand, som <\/span><b>etter adopsjon<\/b><span style=\"font-weight: 400;\"> erstatningskrav for knuste eller ripete glass, speil eller mekanisk skadde deler <\/span><b>ikke akseptert<\/b><span style=\"font-weight: 400;\">.<\/span><\/p><p><span style=\"font-weight: 400;\">Mangler som skyldes feil montering (av kj\u00f8peren), skader under transport eller feil bruk, <\/span><b>avhendes p\u00e5 kj\u00f8perens bekostning<\/b><span style=\"font-weight: 400;\">.<\/span><\/p><p><b>Toleranser:<\/b><\/p><ul><li style=\"font-weight: 400;\" aria-level=\"1\"><span style=\"font-weight: 400;\">Jevn kornst\u00f8rrelse p\u00e5 PVC-filmen p\u00e5 overflaten og p\u00e5 kantene.<\/span><\/li><li style=\"font-weight: 400;\" aria-level=\"1\"><span style=\"font-weight: 400;\">Knapt synlige mikroskrammer p\u00e5 PVC MDF-fasader.<\/span><\/li><li style=\"font-weight: 400;\" aria-level=\"1\"><span style=\"font-weight: 400;\">Mikroskopiske strimler (p\u00e5 PVC \u201emetalik\u201c fasader).<\/span><\/li><li style=\"font-weight: 400;\" aria-level=\"1\"><span style=\"font-weight: 400;\">M\u00f8rkere eller lysere b\u00e5nd, flekker (p\u00e5 PVC \u201emetalik\u201c fasader).<\/span><\/li><\/ul><p><span style=\"font-weight: 400;\">Metalliske PVC-fasader kan vise mikroskopiske striper, striper eller mikroskraper som ligner sprekker i et lakkert belegg, samt lysere eller m\u00f8rkere omr\u00e5der som skifter nyanse avhengig av synsvinkelen.<\/span><span style=\"font-weight: 400;\"><br \/><\/span><span style=\"font-weight: 400;\">Dette er <\/span><b>ingen feil<\/b><span style=\"font-weight: 400;\">, og anses for \u00e5 v\u00e6re <\/span><b>de uunng\u00e5elige individuelle egenskapene til metalliserte filmer<\/b><span style=\"font-weight: 400;\">, som f\u00f8lge av spesifikke trekk ved produksjonsteknologien (f.eks. ujevn fordeling av spesialeffekter).<\/span><span style=\"font-weight: 400;\"><br \/><\/span><span style=\"font-weight: 400;\">Slike forskjeller er tilfeldige og uforutsigbare, s\u00e5 <\/span><b>ingen krav knyttet til ovennevnte estetiske egenskaper vil bli akseptert<\/b><span style=\"font-weight: 400;\">.<\/span><\/p><h4>III. Tap av garanti<\/h4><p><span style=\"font-weight: 400;\">Garanti <\/span><b>Ikke aktuelt<\/b><span style=\"font-weight: 400;\">, hvis:<\/span><\/p><ul><li style=\"font-weight: 400;\" aria-level=\"1\"><span style=\"font-weight: 400;\">Regler for oppbevaring og bruk av m\u00f8bler har ikke blitt respektert;<\/span><\/li><li style=\"font-weight: 400;\" aria-level=\"1\"><span style=\"font-weight: 400;\">Kj\u00f8peren har selv reparert eller pusset opp m\u00f8blene;<\/span><\/li><li style=\"font-weight: 400;\" aria-level=\"1\"><span style=\"font-weight: 400;\">M\u00f8belet har blitt skadet av kj\u00e6ledyr, utsatt for h\u00f8ye temperaturer, aggressive v\u00e6sker eller dekket av vann;<\/span><\/li><li style=\"font-weight: 400;\" aria-level=\"1\"><span style=\"font-weight: 400;\">Synlige tegn p\u00e5 skj\u00f8desl\u00f8s bruk;<\/span><\/li><li style=\"font-weight: 400;\" aria-level=\"1\"><span style=\"font-weight: 400;\">Kj\u00f8peren har endret utformingen av produktet eller deler av det;<\/span><\/li><li style=\"font-weight: 400;\" aria-level=\"1\"><span style=\"font-weight: 400;\">Garantiperioden er utl\u00f8pt;<\/span><\/li><li style=\"font-weight: 400;\" aria-level=\"1\"><span style=\"font-weight: 400;\">Det finnes ikke noe dokument som bekrefter kj\u00f8pet;\u00a0\u00a0\u00a0\u00a0\u00a0\u00a0\u00a0\u00a0\u00a0\u00a0\u00a0\u00a0\u00a0\u00a0\u00a0\u00a0\u00a0\u00a0\u00a0\u00a0\u00a0\u00a0\u00a0\u00a0\u00a0\u00a0\u00a0\u00a0\u00a0\u00a0\u00a0\u00a0\u00a0\u00a0\u00a0\u00a0\u00a0\u00a0\u00a0\u00a0\u00a0\u00a0\u00a0\u00a0\u00a0\u00a0\u00a0\u00a0\u00a0\u00a0\u00a0\u00a0\u00a0\u00a0\u00a0\u00a0\u00a0\u00a0\u00a0\u00a0\u00a0\u00a0\u00a0\u00a0\u00a0\u00a0\u00a0\u00a0\u00a0\u00a0\u00a0\u00a0\u00a0\u00a0\u00a0\u00a0\u00a0\u00a0\u00a0\u00a0\u00a0\u00a0\u00a0\u00a0\u00a0\u00a0\u00a0\u00a0\u00a0\u00a0\u00a0\u00a0\u00a0\u00a0\u00a0\u00a0\u00a0\u00a0\u00a0\u00a0\u00a0\u00a0\u00a0\u00a0\u00a0\u00a0\u00a0\u00a0\u00a0\u00a0\u00a0\u00a0\u00a0\u00a0\u00a0\u00a0\u00a0\u00a0\u00a0\u00a0\u00a0\u00a0\u00a0\u00a0<\/span><\/li><li style=\"font-weight: 400;\" aria-level=\"1\"><span style=\"font-weight: 400;\">Det finnes ingen produktspesifikke etiketter eller merking p\u00e5 emballasjen.<\/span><\/li><\/ul>\t\t\t\t\t\t\t\t<\/div>\n\t\t\t\t\t<\/div>\n\t\t\t\t<\/div>\n\t\t\t\t<\/div>","protected":false},"excerpt":{"rendered":"<p>GARANTINIAI \u012eSIPAREIGOJIMAI IR GARANTINIO APTARNAVIMO TAISYKL\u0116S I. Garantija Laikantis bald\u0173 naudojimo ir prie\u017ei\u016bros taisykli\u0173, garantinis laikotarpis yra 12 m\u0117nesi\u0173 nuo i\u0161siuntimo datos. Gav\u0119s baldus, pirk\u0117jas privalo patikrinti stiklo ir veidrod\u017ei\u0173 (jei buvo u\u017esakyti) vientisum\u0105, taip pat pakuot\u0117s ir detali\u0173 b\u016bkl\u0119.Prie\u0161 surinkim\u0105 pirk\u0117jas turi patikrinti, ar detal\u0117s neturi defekt\u0173. Nusta\u010dius brok\u0105, surinkim\u0105 b\u016btina sustabdyti, nes detal\u0117s [&hellip;]<\/p>","protected":false},"author":2,"featured_media":0,"parent":0,"menu_order":0,"comment_status":"closed","ping_status":"closed","template":"","meta":{"footnotes":""},"class_list":["post-1019","page","type-page","status-publish","hentry"],"yoast_head":"<!-- This site is optimized with the Yoast SEO plugin v26.2 - https:\/\/yoast.com\/wordpress\/plugins\/seo\/ -->\n<title>Garantinio aptarnavimo taisykl\u0117s - Norgcore - Virtuviniai baldai pagal u\u017esakym\u0105<\/title>\n<meta name=\"robots\" content=\"noindex, nofollow\" \/>\n<meta property=\"og:locale\" content=\"nb_NO\" \/>\n<meta property=\"og:type\" content=\"article\" \/>\n<meta property=\"og:title\" content=\"Garantinio aptarnavimo taisykl\u0117s - Norgcore - Virtuviniai baldai pagal u\u017esakym\u0105\" \/>\n<meta property=\"og:description\" content=\"GARANTINIAI \u012eSIPAREIGOJIMAI IR GARANTINIO APTARNAVIMO TAISYKL\u0116S I. Garantija Laikantis bald\u0173 naudojimo ir prie\u017ei\u016bros taisykli\u0173, garantinis laikotarpis yra 12 m\u0117nesi\u0173 nuo i\u0161siuntimo datos. Gav\u0119s baldus, pirk\u0117jas privalo patikrinti stiklo ir veidrod\u017ei\u0173 (jei buvo u\u017esakyti) vientisum\u0105, taip pat pakuot\u0117s ir detali\u0173 b\u016bkl\u0119.Prie\u0161 surinkim\u0105 pirk\u0117jas turi patikrinti, ar detal\u0117s neturi defekt\u0173. Nusta\u010dius brok\u0105, surinkim\u0105 b\u016btina sustabdyti, nes detal\u0117s [&hellip;]\" \/>\n<meta property=\"og:url\" content=\"https:\/\/norgcore.com\/no\/garantinio-aptarnavimo-taisykles\/\" \/>\n<meta property=\"og:site_name\" content=\"Norgcore - Virtuviniai baldai pagal u\u017esakym\u0105\" \/>\n<meta property=\"article:publisher\" content=\"https:\/\/www.facebook.com\/profile.php?id=61582276862439\" \/>\n<meta property=\"article:modified_time\" content=\"2025-11-25T10:19:36+00:00\" \/>\n<meta name=\"twitter:card\" content=\"summary_large_image\" \/>\n<meta name=\"twitter:label1\" content=\"Ansl. lesetid\" \/>\n\t<meta name=\"twitter:data1\" content=\"2 minutter\" \/>\n<script type=\"application\/ld+json\" class=\"yoast-schema-graph\">{\"@context\":\"https:\/\/schema.org\",\"@graph\":[{\"@type\":\"WebPage\",\"@id\":\"https:\/\/norgcore.com\/garantinio-aptarnavimo-taisykles\/\",\"url\":\"https:\/\/norgcore.com\/garantinio-aptarnavimo-taisykles\/\",\"name\":\"Garantinio aptarnavimo taisykl\u0117s - Norgcore - Virtuviniai baldai pagal u\u017esakym\u0105\",\"isPartOf\":{\"@id\":\"https:\/\/norgcore.com\/#website\"},\"datePublished\":\"2025-11-11T11:07:15+00:00\",\"dateModified\":\"2025-11-25T10:19:36+00:00\",\"breadcrumb\":{\"@id\":\"https:\/\/norgcore.com\/garantinio-aptarnavimo-taisykles\/#breadcrumb\"},\"inLanguage\":\"nb-NO\",\"potentialAction\":[{\"@type\":\"ReadAction\",\"target\":[\"https:\/\/norgcore.com\/garantinio-aptarnavimo-taisykles\/\"]}]},{\"@type\":\"BreadcrumbList\",\"@id\":\"https:\/\/norgcore.com\/garantinio-aptarnavimo-taisykles\/#breadcrumb\",\"itemListElement\":[{\"@type\":\"ListItem\",\"position\":1,\"name\":\"Home\",\"item\":\"https:\/\/norgcore.com\/\"},{\"@type\":\"ListItem\",\"position\":2,\"name\":\"Garantinio aptarnavimo taisykl\u0117s\"}]},{\"@type\":\"WebSite\",\"@id\":\"https:\/\/norgcore.com\/#website\",\"url\":\"https:\/\/norgcore.com\/\",\"name\":\"Norgcore - Virtuviniai baldai jaukiems namams\",\"description\":\"U\u017esakomieji moduliniai virtuviniai baldai ir rank\u0173 darbo virtuviniai baldai - kiekvienam siekian\u010diam kokyb\u0117s\",\"publisher\":{\"@id\":\"https:\/\/norgcore.com\/#organization\"},\"potentialAction\":[{\"@type\":\"SearchAction\",\"target\":{\"@type\":\"EntryPoint\",\"urlTemplate\":\"https:\/\/norgcore.com\/?s={search_term_string}\"},\"query-input\":{\"@type\":\"PropertyValueSpecification\",\"valueRequired\":true,\"valueName\":\"search_term_string\"}}],\"inLanguage\":\"nb-NO\"},{\"@type\":\"Organization\",\"@id\":\"https:\/\/norgcore.com\/#organization\",\"name\":\"Norgcore MB\",\"url\":\"https:\/\/norgcore.com\/\",\"logo\":{\"@type\":\"ImageObject\",\"inLanguage\":\"nb-NO\",\"@id\":\"https:\/\/norgcore.com\/#\/schema\/logo\/image\/\",\"url\":\"https:\/\/norgcore.com\/wp-content\/uploads\/2025\/10\/NORGCORE-virtuves-logotipas-juodas.png\",\"contentUrl\":\"https:\/\/norgcore.com\/wp-content\/uploads\/2025\/10\/NORGCORE-virtuves-logotipas-juodas.png\",\"width\":417,\"height\":107,\"caption\":\"Norgcore MB\"},\"image\":{\"@id\":\"https:\/\/norgcore.com\/#\/schema\/logo\/image\/\"},\"sameAs\":[\"https:\/\/www.facebook.com\/profile.php?id=61582276862439\"]}]}<\/script>\n<!-- \/ Yoast SEO plugin. -->","yoast_head_json":{"title":"Garantinio aptarnavimo taisykl\u0117s - Norgcore - Virtuviniai baldai pagal u\u017esakym\u0105","robots":{"index":"noindex","follow":"nofollow"},"og_locale":"nb_NO","og_type":"article","og_title":"Garantinio aptarnavimo taisykl\u0117s - Norgcore - Virtuviniai baldai pagal u\u017esakym\u0105","og_description":"GARANTINIAI \u012eSIPAREIGOJIMAI IR GARANTINIO APTARNAVIMO TAISYKL\u0116S I. Garantija Laikantis bald\u0173 naudojimo ir prie\u017ei\u016bros taisykli\u0173, garantinis laikotarpis yra 12 m\u0117nesi\u0173 nuo i\u0161siuntimo datos. Gav\u0119s baldus, pirk\u0117jas privalo patikrinti stiklo ir veidrod\u017ei\u0173 (jei buvo u\u017esakyti) vientisum\u0105, taip pat pakuot\u0117s ir detali\u0173 b\u016bkl\u0119.Prie\u0161 surinkim\u0105 pirk\u0117jas turi patikrinti, ar detal\u0117s neturi defekt\u0173. Nusta\u010dius brok\u0105, surinkim\u0105 b\u016btina sustabdyti, nes detal\u0117s [&hellip;]","og_url":"https:\/\/norgcore.com\/no\/garantinio-aptarnavimo-taisykles\/","og_site_name":"Norgcore - Virtuviniai baldai pagal u\u017esakym\u0105","article_publisher":"https:\/\/www.facebook.com\/profile.php?id=61582276862439","article_modified_time":"2025-11-25T10:19:36+00:00","twitter_card":"summary_large_image","twitter_misc":{"Ansl. lesetid":"2 minutter"},"schema":{"@context":"https:\/\/schema.org","@graph":[{"@type":"WebPage","@id":"https:\/\/norgcore.com\/garantinio-aptarnavimo-taisykles\/","url":"https:\/\/norgcore.com\/garantinio-aptarnavimo-taisykles\/","name":"Garantinio aptarnavimo taisykl\u0117s - Norgcore - Virtuviniai baldai pagal u\u017esakym\u0105","isPartOf":{"@id":"https:\/\/norgcore.com\/#website"},"datePublished":"2025-11-11T11:07:15+00:00","dateModified":"2025-11-25T10:19:36+00:00","breadcrumb":{"@id":"https:\/\/norgcore.com\/garantinio-aptarnavimo-taisykles\/#breadcrumb"},"inLanguage":"nb-NO","potentialAction":[{"@type":"ReadAction","target":["https:\/\/norgcore.com\/garantinio-aptarnavimo-taisykles\/"]}]},{"@type":"BreadcrumbList","@id":"https:\/\/norgcore.com\/garantinio-aptarnavimo-taisykles\/#breadcrumb","itemListElement":[{"@type":"ListItem","position":1,"name":"Home","item":"https:\/\/norgcore.com\/"},{"@type":"ListItem","position":2,"name":"Garantinio aptarnavimo taisykl\u0117s"}]},{"@type":"WebSite","@id":"https:\/\/norgcore.com\/#website","url":"https:\/\/norgcore.com\/","name":"Norgcore - Virtuviniai baldai jaukiems namams","description":"U\u017esakomieji moduliniai virtuviniai baldai ir rank\u0173 darbo virtuviniai baldai - kiekvienam siekian\u010diam kokyb\u0117s","publisher":{"@id":"https:\/\/norgcore.com\/#organization"},"potentialAction":[{"@type":"SearchAction","target":{"@type":"EntryPoint","urlTemplate":"https:\/\/norgcore.com\/?s={search_term_string}"},"query-input":{"@type":"PropertyValueSpecification","valueRequired":true,"valueName":"search_term_string"}}],"inLanguage":"nb-NO"},{"@type":"Organization","@id":"https:\/\/norgcore.com\/#organization","name":"Norgcore MB","url":"https:\/\/norgcore.com\/","logo":{"@type":"ImageObject","inLanguage":"nb-NO","@id":"https:\/\/norgcore.com\/#\/schema\/logo\/image\/","url":"https:\/\/norgcore.com\/wp-content\/uploads\/2025\/10\/NORGCORE-virtuves-logotipas-juodas.png","contentUrl":"https:\/\/norgcore.com\/wp-content\/uploads\/2025\/10\/NORGCORE-virtuves-logotipas-juodas.png","width":417,"height":107,"caption":"Norgcore MB"},"image":{"@id":"https:\/\/norgcore.com\/#\/schema\/logo\/image\/"},"sameAs":["https:\/\/www.facebook.com\/profile.php?id=61582276862439"]}]}},"_links":{"self":[{"href":"https:\/\/norgcore.com\/no\/wp-json\/wp\/v2\/pages\/1019","targetHints":{"allow":["GET"]}}],"collection":[{"href":"https:\/\/norgcore.com\/no\/wp-json\/wp\/v2\/pages"}],"about":[{"href":"https:\/\/norgcore.com\/no\/wp-json\/wp\/v2\/types\/page"}],"author":[{"embeddable":true,"href":"https:\/\/norgcore.com\/no\/wp-json\/wp\/v2\/users\/2"}],"replies":[{"embeddable":true,"href":"https:\/\/norgcore.com\/no\/wp-json\/wp\/v2\/comments?post=1019"}],"version-history":[{"count":13,"href":"https:\/\/norgcore.com\/no\/wp-json\/wp\/v2\/pages\/1019\/revisions"}],"predecessor-version":[{"id":1050,"href":"https:\/\/norgcore.com\/no\/wp-json\/wp\/v2\/pages\/1019\/revisions\/1050"}],"wp:attachment":[{"href":"https:\/\/norgcore.com\/no\/wp-json\/wp\/v2\/media?parent=1019"}],"curies":[{"name":"wp","href":"https:\/\/api.w.org\/{rel}","templated":true}]}}