{"id":1028,"date":"2025-11-11T13:32:24","date_gmt":"2025-11-11T11:32:24","guid":{"rendered":"https:\/\/norgcore.com\/?page_id=1028"},"modified":"2025-11-11T13:34:24","modified_gmt":"2025-11-11T11:34:24","slug":"baldu-priemimo-reikalavimai","status":"publish","type":"page","link":"https:\/\/norgcore.com\/no\/baldu-priemimo-reikalavimai\/","title":{"rendered":"Krav til godkjenning av m\u00f8bler"},"content":{"rendered":"<div data-elementor-type=\"wp-page\" data-elementor-id=\"1028\" class=\"elementor elementor-1028\" data-elementor-post-type=\"page\">\n\t\t\t\t\t\t<section class=\"elementor-section elementor-top-section elementor-element elementor-element-2491ad1c elementor-reverse-mobile elementor-section-boxed elementor-section-height-default elementor-section-height-default\" data-id=\"2491ad1c\" data-element_type=\"section\" data-settings=\"{&quot;background_background&quot;:&quot;classic&quot;}\">\n\t\t\t\t\t\t\t<div class=\"elementor-background-overlay\"><\/div>\n\t\t\t\t\t\t\t<div class=\"elementor-container elementor-column-gap-default\">\n\t\t\t\t\t<div class=\"elementor-column elementor-col-50 elementor-top-column elementor-element elementor-element-271c4fbb elementor-invisible\" data-id=\"271c4fbb\" data-element_type=\"column\" data-settings=\"{&quot;background_background&quot;:&quot;classic&quot;,&quot;animation&quot;:&quot;slideInUp&quot;}\">\n\t\t\t<div class=\"elementor-widget-wrap\">\n\t\t\t\t\t\t\t<\/div>\n\t\t<\/div>\n\t\t\t\t<div class=\"elementor-column elementor-col-50 elementor-top-column elementor-element elementor-element-4a2f9307\" data-id=\"4a2f9307\" data-element_type=\"column\">\n\t\t\t<div class=\"elementor-widget-wrap elementor-element-populated\">\n\t\t\t\t\t\t<section class=\"elementor-section elementor-inner-section elementor-element elementor-element-60919418 elementor-section-boxed elementor-section-height-default elementor-section-height-default\" data-id=\"60919418\" data-element_type=\"section\">\n\t\t\t\t\t\t<div class=\"elementor-container elementor-column-gap-default\">\n\t\t\t\t\t<div class=\"elementor-column elementor-col-100 elementor-inner-column elementor-element elementor-element-49ac5e2\" data-id=\"49ac5e2\" data-element_type=\"column\">\n\t\t\t<div class=\"elementor-widget-wrap elementor-element-populated\">\n\t\t\t\t\t\t<div class=\"elementor-element elementor-element-67805f9f elementor-invisible elementor-widget elementor-widget-heading\" data-id=\"67805f9f\" data-element_type=\"widget\" data-settings=\"{&quot;_animation&quot;:&quot;fadeInRight&quot;}\" data-widget_type=\"heading.default\">\n\t\t\t\t\t<h1 class=\"elementor-heading-title elementor-size-default\">Krav til godkjenning av m\u00f8bler<\/h1>\t\t\t\t<\/div>\n\t\t\t\t\t<\/div>\n\t\t<\/div>\n\t\t\t\t\t<\/div>\n\t\t<\/section>\n\t\t\t\t\t<\/div>\n\t\t<\/div>\n\t\t\t\t\t<\/div>\n\t\t<\/section>\n\t\t<div class=\"elementor-element elementor-element-698834d e-flex e-con-boxed e-con e-parent\" data-id=\"698834d\" data-element_type=\"container\">\n\t\t\t\t\t<div class=\"e-con-inner\">\n\t\t\t\t<div class=\"elementor-element elementor-element-aa08cd7 elementor-widget elementor-widget-text-editor\" data-id=\"aa08cd7\" data-element_type=\"widget\" data-widget_type=\"text-editor.default\">\n\t\t\t\t\t\t\t\t\t<p><span style=\"font-weight: 400;\">Vennligst les disse instruksjonene n\u00f8ye for \u00e5 unng\u00e5 ubehagelige konsekvenser p\u00e5 grunn av feil bruk av m\u00f8belet.<\/span><\/p><h4>1. OPPTAKSKRAV<\/h4><p><b>1.1.<\/b><span style=\"font-weight: 400;\"> Kontroller at delene er komplette og intakte n\u00e5r du pakker dem ut. Ingen kommentarer om fullstendighet eller skader etter montering vil bli akseptert. Hvis emballasjen er skadet og delene er skadet, vil de ikke bli erstattet kostnadsfritt.<\/span><span style=\"font-weight: 400;\"><br \/><\/span><b>1.2.<\/b><span style=\"font-weight: 400;\"> Etter at du har fjernet emballasjen, kan du kjenne lukten en stund - dette er ikke helseskadelig. Materialene som brukes i m\u00f8blene er sertifisert i henhold til internasjonale standarder for milj\u00f8sikkerhet.<\/span><span style=\"font-weight: 400;\"><br \/><\/span><b>1.3.<\/b><span style=\"font-weight: 400;\"> Hvis m\u00f8blene ble levert i minusgrader, m\u00e5 de varmes opp innend\u00f8rs f\u00f8r de tas i bruk.<\/span><\/p><h4>2. MILJ\u00d8MESSIGE FORHOLD FOR M\u00d8BLER<\/h4><p><b>2.1 Lys:<\/b><span style=\"font-weight: 400;\"> Unng\u00e5 eksponering for direkte sollys. Langvarig direkte lys kan endre fargen p\u00e5 visse deler av m\u00f8blene. Synlige fargeforskjeller kan oppst\u00e5 ved utskifting eller supplering av et sett - dette anses ikke som en kvalitetsfeil og blir mindre merkbart over tid.<\/span><span style=\"font-weight: 400;\"><br \/><\/span><b>2.2. Fuktighet:<\/b><span style=\"font-weight: 400;\"> anbefalt relativ luftfuktighet <\/span><b>45-70 %<\/b><span style=\"font-weight: 400;\">. \u00d8kt luftfuktighet kan over tid skade strukturen i m\u00f8belet eller enkelte deler. Hvis det kommer fuktighet p\u00e5 m\u00f8belet, b\u00f8r det t\u00f8rkes av umiddelbart. Overflaten m\u00e5 alltid v\u00e6re t\u00f8rr.<\/span><span style=\"font-weight: 400;\"><br \/><\/span><span style=\"font-weight: 400;\">Bruk av kj\u00f8kkenvifte under matlaging er avgj\u00f8rende for \u00e5 opprettholde optimal luftfuktighet og for \u00e5 unng\u00e5 direkte eksponering for damp p\u00e5 m\u00f8belkorpus og fasader, noe som kan f\u00f8re til deformasjon, delaminering av laminatet eller svelling av materialet.<\/span><span style=\"font-weight: 400;\"><br \/><\/span><b>2.3 Temperatur:<\/b><span style=\"font-weight: 400;\"> anbefalt lufttemperatur - <\/span><b>+10 \u00b0C til +35 \u00b0C<\/b><span style=\"font-weight: 400;\">. Unng\u00e5 kontakt med varme gjenstander (strykejern, gryter osv.) og eksponering for sterke lys- eller varmekilder. Kj\u00f8kkenviften m\u00e5 v\u00e6re i drift hver gang komfyren sl\u00e5s p\u00e5. M\u00f8bler som st\u00e5r i n\u00e6rheten av stekeovnen eller komfyren, b\u00f8r beskyttes med varmeisolerende lister.<\/span><\/p><h4>3. BRUK OG VEDLIKEHOLD AV BENKEPLATER<\/h4><p><b>3.1.<\/b><span style=\"font-weight: 400;\"> For \u00e5 unng\u00e5 at benkeplaten sveller og at plastkanten delaminerer, m\u00e5 det ikke samle seg vann p\u00e5 overflaten.<\/span><span style=\"font-weight: 400;\"><br \/><\/span><b>3.2.<\/b><span style=\"font-weight: 400;\"> Ikke plasser varme gjenstander, strykejern, panner eller tallerkener fra ovnen p\u00e5 benkeplaten - bruk varmebestandige skuffer.<\/span><span style=\"font-weight: 400;\"><br \/><\/span><b>3.3.<\/b><span style=\"font-weight: 400;\"> Ikke la frosne produkter ligge p\u00e5 benkeplaten over lengre tid - en plutselig temperaturendring kan skade underlaget.<\/span><span style=\"font-weight: 400;\"><br \/><\/span><b>3.4.<\/b><span style=\"font-weight: 400;\"> Hvis det kommer r\u00f8dbetjuice, konsentrater, maling, kjemikalier eller blekemidler p\u00e5 overflaten, m\u00e5 du t\u00f8rke dem av umiddelbart og skylle overflaten grundig.<\/span><\/p><h4>4. VEDLIKEHOLD AV SKROG OG FASADER (LMDP, LAKKERT, MDF MED PVC-FILM)<\/h4><p><b>4.1.<\/b><span style=\"font-weight: 400;\"> Beskytt overflatene mot aggressive v\u00e6sker (l\u00f8semidler, bensin, syrer, aceton, sterke rengj\u00f8ringsmidler) og naturlige eller kjemiske fargestoffer (kaffe, juice osv.).<\/span><span style=\"font-weight: 400;\"><br \/><\/span><b>4.2.<\/b><span style=\"font-weight: 400;\"> Rengj\u00f8r overflatene regelmessig med en fuktig, myk klut. Materialet som brukes, m\u00e5 ikke inneholde slipepartikler eller aggressive kjemiske forbindelser.<\/span><span style=\"font-weight: 400;\"><br \/><\/span><b>4.3.<\/b><span style=\"font-weight: 400;\"> Det kan forekomme sm\u00e5 fargevariasjoner n\u00e5r m\u00f8bler byttes ut eller legges til p\u00e5 forskjellige tidspunkter eller fra forskjellige partier - dette er ikke en kvalitetsfeil og blir mindre synlig med tiden.<\/span><\/p><h4>5. VEDLIKEHOLD AV GLASS- OG SPEILOVERFLATER<\/h4><p><b>5.1.<\/b><span style=\"font-weight: 400;\"> Ikke bruk metallgjenstander eller sl\u00e5 p\u00e5 tunge gjenstander. Ikke overbelast glasshyllene.<\/span><span style=\"font-weight: 400;\"><br \/><\/span><b>5.2.<\/b><span style=\"font-weight: 400;\"> Rengj\u00f8r kun med produkter som er spesielt utviklet for glass og keramikk. Ikke bruk slipende rengj\u00f8ringsmidler eller metallsvamper. Rengj\u00f8r glass og speil med en myk klut.<\/span><span style=\"font-weight: 400;\"><br \/><\/span><b>5.3.<\/b><span style=\"font-weight: 400;\"> Det anbefales ikke \u00e5 vaske speilene med vann eller vanlige vinduspussemidler, som kan for\u00e5rsake flekker og uklarheter. Det beste er \u00e5 bruke en ammoniakkl\u00f8sning eller et spesielt speilrengj\u00f8ringsmiddel.<\/span><span style=\"font-weight: 400;\"><br \/><\/span><b>5.4.<\/b><span style=\"font-weight: 400;\"> Pass p\u00e5 at du ikke f\u00e5r vann p\u00e5 kantene og baksiden av speilet, da s\u00f8lvlaget kan bli m\u00f8rkere ved kontakt med vann.<\/span><\/p><p><br \/><br \/><\/p>\t\t\t\t\t\t\t\t<\/div>\n\t\t\t\t\t<\/div>\n\t\t\t\t<\/div>\n\t\t\t\t<\/div>","protected":false},"excerpt":{"rendered":"<p>Perskaitykite \u0161i\u0105 instrukcij\u0105 atid\u017eiai \u2013 tai pad\u0117s Jums i\u0161vengti nemaloni\u0173 pasekmi\u0173 d\u0117l netinkamo bald\u0173 naudojimo. 1. PRI\u0116MIMO REIKALAVIMAI 1.1. I\u0161pakuojant patikrinkite komplektacij\u0105 ir detali\u0173 vientisum\u0105. Po surinkimo pastabos d\u0117l komplektacijos ar pa\u017eeidim\u0173 nepriimamos. Jei pakuot\u0117 pa\u017eeista ir detal\u0117s sugadintos, jos nemokamai nekei\u010diamos.1.2. Pa\u0161alinus pakuot\u0119, kur\u012f laik\u0105 gali b\u016bti juntamas kvapas \u2013 tai nekenksminga sveikatai. Bald\u0173 [&hellip;]<\/p>","protected":false},"author":2,"featured_media":0,"parent":0,"menu_order":0,"comment_status":"closed","ping_status":"closed","template":"","meta":{"footnotes":""},"class_list":["post-1028","page","type-page","status-publish","hentry"],"yoast_head":"<!-- This site is optimized with the Yoast SEO plugin v26.2 - https:\/\/yoast.com\/wordpress\/plugins\/seo\/ -->\n<title>Bald\u0173 pri\u0117mimo reikalavimai - Norgcore - Virtuviniai baldai pagal u\u017esakym\u0105<\/title>\n<meta name=\"robots\" content=\"noindex, nofollow\" \/>\n<meta property=\"og:locale\" content=\"nb_NO\" \/>\n<meta property=\"og:type\" content=\"article\" \/>\n<meta property=\"og:title\" content=\"Bald\u0173 pri\u0117mimo reikalavimai - Norgcore - Virtuviniai baldai pagal u\u017esakym\u0105\" \/>\n<meta property=\"og:description\" content=\"Perskaitykite \u0161i\u0105 instrukcij\u0105 atid\u017eiai \u2013 tai pad\u0117s Jums i\u0161vengti nemaloni\u0173 pasekmi\u0173 d\u0117l netinkamo bald\u0173 naudojimo. 1. PRI\u0116MIMO REIKALAVIMAI 1.1. I\u0161pakuojant patikrinkite komplektacij\u0105 ir detali\u0173 vientisum\u0105. Po surinkimo pastabos d\u0117l komplektacijos ar pa\u017eeidim\u0173 nepriimamos. Jei pakuot\u0117 pa\u017eeista ir detal\u0117s sugadintos, jos nemokamai nekei\u010diamos.1.2. Pa\u0161alinus pakuot\u0119, kur\u012f laik\u0105 gali b\u016bti juntamas kvapas \u2013 tai nekenksminga sveikatai. Bald\u0173 [&hellip;]\" \/>\n<meta property=\"og:url\" content=\"https:\/\/norgcore.com\/no\/baldu-priemimo-reikalavimai\/\" \/>\n<meta property=\"og:site_name\" content=\"Norgcore - Virtuviniai baldai pagal u\u017esakym\u0105\" \/>\n<meta property=\"article:publisher\" content=\"https:\/\/www.facebook.com\/profile.php?id=61582276862439\" \/>\n<meta property=\"article:modified_time\" content=\"2025-11-11T11:34:24+00:00\" \/>\n<meta name=\"twitter:card\" content=\"summary_large_image\" \/>\n<meta name=\"twitter:label1\" content=\"Ansl. lesetid\" \/>\n\t<meta name=\"twitter:data1\" content=\"3 minutter\" \/>\n<script type=\"application\/ld+json\" class=\"yoast-schema-graph\">{\"@context\":\"https:\/\/schema.org\",\"@graph\":[{\"@type\":\"WebPage\",\"@id\":\"https:\/\/norgcore.com\/baldu-priemimo-reikalavimai\/\",\"url\":\"https:\/\/norgcore.com\/baldu-priemimo-reikalavimai\/\",\"name\":\"Bald\u0173 pri\u0117mimo reikalavimai - Norgcore - Virtuviniai baldai pagal u\u017esakym\u0105\",\"isPartOf\":{\"@id\":\"https:\/\/norgcore.com\/#website\"},\"datePublished\":\"2025-11-11T11:32:24+00:00\",\"dateModified\":\"2025-11-11T11:34:24+00:00\",\"breadcrumb\":{\"@id\":\"https:\/\/norgcore.com\/baldu-priemimo-reikalavimai\/#breadcrumb\"},\"inLanguage\":\"nb-NO\",\"potentialAction\":[{\"@type\":\"ReadAction\",\"target\":[\"https:\/\/norgcore.com\/baldu-priemimo-reikalavimai\/\"]}]},{\"@type\":\"BreadcrumbList\",\"@id\":\"https:\/\/norgcore.com\/baldu-priemimo-reikalavimai\/#breadcrumb\",\"itemListElement\":[{\"@type\":\"ListItem\",\"position\":1,\"name\":\"Home\",\"item\":\"https:\/\/norgcore.com\/\"},{\"@type\":\"ListItem\",\"position\":2,\"name\":\"Bald\u0173 pri\u0117mimo reikalavimai\"}]},{\"@type\":\"WebSite\",\"@id\":\"https:\/\/norgcore.com\/#website\",\"url\":\"https:\/\/norgcore.com\/\",\"name\":\"Norgcore - Virtuviniai baldai jaukiems namams\",\"description\":\"U\u017esakomieji moduliniai virtuviniai baldai ir rank\u0173 darbo virtuviniai baldai - kiekvienam siekian\u010diam kokyb\u0117s\",\"publisher\":{\"@id\":\"https:\/\/norgcore.com\/#organization\"},\"potentialAction\":[{\"@type\":\"SearchAction\",\"target\":{\"@type\":\"EntryPoint\",\"urlTemplate\":\"https:\/\/norgcore.com\/?s={search_term_string}\"},\"query-input\":{\"@type\":\"PropertyValueSpecification\",\"valueRequired\":true,\"valueName\":\"search_term_string\"}}],\"inLanguage\":\"nb-NO\"},{\"@type\":\"Organization\",\"@id\":\"https:\/\/norgcore.com\/#organization\",\"name\":\"Norgcore MB\",\"url\":\"https:\/\/norgcore.com\/\",\"logo\":{\"@type\":\"ImageObject\",\"inLanguage\":\"nb-NO\",\"@id\":\"https:\/\/norgcore.com\/#\/schema\/logo\/image\/\",\"url\":\"https:\/\/norgcore.com\/wp-content\/uploads\/2025\/10\/NORGCORE-virtuves-logotipas-juodas.png\",\"contentUrl\":\"https:\/\/norgcore.com\/wp-content\/uploads\/2025\/10\/NORGCORE-virtuves-logotipas-juodas.png\",\"width\":417,\"height\":107,\"caption\":\"Norgcore MB\"},\"image\":{\"@id\":\"https:\/\/norgcore.com\/#\/schema\/logo\/image\/\"},\"sameAs\":[\"https:\/\/www.facebook.com\/profile.php?id=61582276862439\"]}]}<\/script>\n<!-- \/ Yoast SEO plugin. -->","yoast_head_json":{"title":"Bald\u0173 pri\u0117mimo reikalavimai - Norgcore - Virtuviniai baldai pagal u\u017esakym\u0105","robots":{"index":"noindex","follow":"nofollow"},"og_locale":"nb_NO","og_type":"article","og_title":"Bald\u0173 pri\u0117mimo reikalavimai - Norgcore - Virtuviniai baldai pagal u\u017esakym\u0105","og_description":"Perskaitykite \u0161i\u0105 instrukcij\u0105 atid\u017eiai \u2013 tai pad\u0117s Jums i\u0161vengti nemaloni\u0173 pasekmi\u0173 d\u0117l netinkamo bald\u0173 naudojimo. 1. PRI\u0116MIMO REIKALAVIMAI 1.1. I\u0161pakuojant patikrinkite komplektacij\u0105 ir detali\u0173 vientisum\u0105. Po surinkimo pastabos d\u0117l komplektacijos ar pa\u017eeidim\u0173 nepriimamos. Jei pakuot\u0117 pa\u017eeista ir detal\u0117s sugadintos, jos nemokamai nekei\u010diamos.1.2. Pa\u0161alinus pakuot\u0119, kur\u012f laik\u0105 gali b\u016bti juntamas kvapas \u2013 tai nekenksminga sveikatai. Bald\u0173 [&hellip;]","og_url":"https:\/\/norgcore.com\/no\/baldu-priemimo-reikalavimai\/","og_site_name":"Norgcore - Virtuviniai baldai pagal u\u017esakym\u0105","article_publisher":"https:\/\/www.facebook.com\/profile.php?id=61582276862439","article_modified_time":"2025-11-11T11:34:24+00:00","twitter_card":"summary_large_image","twitter_misc":{"Ansl. lesetid":"3 minutter"},"schema":{"@context":"https:\/\/schema.org","@graph":[{"@type":"WebPage","@id":"https:\/\/norgcore.com\/baldu-priemimo-reikalavimai\/","url":"https:\/\/norgcore.com\/baldu-priemimo-reikalavimai\/","name":"Bald\u0173 pri\u0117mimo reikalavimai - Norgcore - Virtuviniai baldai pagal u\u017esakym\u0105","isPartOf":{"@id":"https:\/\/norgcore.com\/#website"},"datePublished":"2025-11-11T11:32:24+00:00","dateModified":"2025-11-11T11:34:24+00:00","breadcrumb":{"@id":"https:\/\/norgcore.com\/baldu-priemimo-reikalavimai\/#breadcrumb"},"inLanguage":"nb-NO","potentialAction":[{"@type":"ReadAction","target":["https:\/\/norgcore.com\/baldu-priemimo-reikalavimai\/"]}]},{"@type":"BreadcrumbList","@id":"https:\/\/norgcore.com\/baldu-priemimo-reikalavimai\/#breadcrumb","itemListElement":[{"@type":"ListItem","position":1,"name":"Home","item":"https:\/\/norgcore.com\/"},{"@type":"ListItem","position":2,"name":"Bald\u0173 pri\u0117mimo reikalavimai"}]},{"@type":"WebSite","@id":"https:\/\/norgcore.com\/#website","url":"https:\/\/norgcore.com\/","name":"Norgcore - Virtuviniai baldai jaukiems namams","description":"U\u017esakomieji moduliniai virtuviniai baldai ir rank\u0173 darbo virtuviniai baldai - kiekvienam siekian\u010diam kokyb\u0117s","publisher":{"@id":"https:\/\/norgcore.com\/#organization"},"potentialAction":[{"@type":"SearchAction","target":{"@type":"EntryPoint","urlTemplate":"https:\/\/norgcore.com\/?s={search_term_string}"},"query-input":{"@type":"PropertyValueSpecification","valueRequired":true,"valueName":"search_term_string"}}],"inLanguage":"nb-NO"},{"@type":"Organization","@id":"https:\/\/norgcore.com\/#organization","name":"Norgcore MB","url":"https:\/\/norgcore.com\/","logo":{"@type":"ImageObject","inLanguage":"nb-NO","@id":"https:\/\/norgcore.com\/#\/schema\/logo\/image\/","url":"https:\/\/norgcore.com\/wp-content\/uploads\/2025\/10\/NORGCORE-virtuves-logotipas-juodas.png","contentUrl":"https:\/\/norgcore.com\/wp-content\/uploads\/2025\/10\/NORGCORE-virtuves-logotipas-juodas.png","width":417,"height":107,"caption":"Norgcore MB"},"image":{"@id":"https:\/\/norgcore.com\/#\/schema\/logo\/image\/"},"sameAs":["https:\/\/www.facebook.com\/profile.php?id=61582276862439"]}]}},"_links":{"self":[{"href":"https:\/\/norgcore.com\/no\/wp-json\/wp\/v2\/pages\/1028","targetHints":{"allow":["GET"]}}],"collection":[{"href":"https:\/\/norgcore.com\/no\/wp-json\/wp\/v2\/pages"}],"about":[{"href":"https:\/\/norgcore.com\/no\/wp-json\/wp\/v2\/types\/page"}],"author":[{"embeddable":true,"href":"https:\/\/norgcore.com\/no\/wp-json\/wp\/v2\/users\/2"}],"replies":[{"embeddable":true,"href":"https:\/\/norgcore.com\/no\/wp-json\/wp\/v2\/comments?post=1028"}],"version-history":[{"count":7,"href":"https:\/\/norgcore.com\/no\/wp-json\/wp\/v2\/pages\/1028\/revisions"}],"predecessor-version":[{"id":1036,"href":"https:\/\/norgcore.com\/no\/wp-json\/wp\/v2\/pages\/1028\/revisions\/1036"}],"wp:attachment":[{"href":"https:\/\/norgcore.com\/no\/wp-json\/wp\/v2\/media?parent=1028"}],"curies":[{"name":"wp","href":"https:\/\/api.w.org\/{rel}","templated":true}]}}