{"id":147,"date":"2025-10-08T07:38:20","date_gmt":"2025-10-08T07:38:20","guid":{"rendered":"https:\/\/norgcore.com\/shop\/"},"modified":"2025-10-22T15:38:02","modified_gmt":"2025-10-22T13:38:02","slug":"katalogas","status":"publish","type":"page","link":"https:\/\/norgcore.com\/no\/katalogas\/","title":{"rendered":"Katalog"},"content":{"rendered":"<div data-elementor-type=\"wp-page\" data-elementor-id=\"147\" class=\"elementor elementor-147\" data-elementor-post-type=\"page\">\n\t\t\t\t\t\t<section class=\"elementor-section elementor-top-section elementor-element elementor-element-61771f98 elementor-reverse-mobile elementor-section-boxed elementor-section-height-default elementor-section-height-default\" data-id=\"61771f98\" data-element_type=\"section\" data-settings=\"{&quot;background_background&quot;:&quot;classic&quot;}\">\n\t\t\t\t\t\t\t<div class=\"elementor-background-overlay\"><\/div>\n\t\t\t\t\t\t\t<div class=\"elementor-container elementor-column-gap-default\">\n\t\t\t\t\t<div class=\"elementor-column elementor-col-50 elementor-top-column elementor-element elementor-element-4fdc2c92 elementor-invisible\" data-id=\"4fdc2c92\" data-element_type=\"column\" data-settings=\"{&quot;background_background&quot;:&quot;classic&quot;,&quot;animation&quot;:&quot;slideInUp&quot;}\">\n\t\t\t<div class=\"elementor-widget-wrap\">\n\t\t\t\t\t\t\t<\/div>\n\t\t<\/div>\n\t\t\t\t<div class=\"elementor-column elementor-col-50 elementor-top-column elementor-element elementor-element-2c1d76a2\" data-id=\"2c1d76a2\" data-element_type=\"column\">\n\t\t\t<div class=\"elementor-widget-wrap elementor-element-populated\">\n\t\t\t\t\t\t<section class=\"elementor-section elementor-inner-section elementor-element elementor-element-4234f334 elementor-section-boxed elementor-section-height-default elementor-section-height-default\" data-id=\"4234f334\" data-element_type=\"section\">\n\t\t\t\t\t\t<div class=\"elementor-container elementor-column-gap-default\">\n\t\t\t\t\t<div class=\"elementor-column elementor-col-100 elementor-inner-column elementor-element elementor-element-5a8de380\" data-id=\"5a8de380\" data-element_type=\"column\">\n\t\t\t<div class=\"elementor-widget-wrap elementor-element-populated\">\n\t\t\t\t\t\t<div class=\"elementor-element elementor-element-4a4bfba0 elementor-widget__width-inherit elementor-invisible elementor-widget elementor-widget-heading\" data-id=\"4a4bfba0\" data-element_type=\"widget\" data-settings=\"{&quot;_animation&quot;:&quot;fadeInRight&quot;}\" data-widget_type=\"heading.default\">\n\t\t\t\t\t<h1 class=\"elementor-heading-title elementor-size-default\">Katalog<\/h1>\t\t\t\t<\/div>\n\t\t\t\t\t<\/div>\n\t\t<\/div>\n\t\t\t\t\t<\/div>\n\t\t<\/section>\n\t\t\t\t\t<\/div>\n\t\t<\/div>\n\t\t\t\t\t<\/div>\n\t\t<\/section>\n\t\t<div class=\"elementor-element elementor-element-3f34d6f e-flex e-con-boxed e-con e-parent\" data-id=\"3f34d6f\" data-element_type=\"container\">\n\t\t\t\t\t<div class=\"e-con-inner\">\n\t\t<div class=\"elementor-element elementor-element-fe85393 e-con-full e-flex e-con e-child\" data-id=\"fe85393\" data-element_type=\"container\">\n\t\t<div class=\"elementor-element elementor-element-f2dba06 e-con-full e-flex e-con e-child\" data-id=\"f2dba06\" data-element_type=\"container\">\n\t\t<div class=\"elementor-element elementor-element-bb75656 e-con-full e-flex e-con e-child\" data-id=\"bb75656\" data-element_type=\"container\">\n\t\t\t\t<div class=\"elementor-element elementor-element-e24ee25 elementor-invisible elementor-widget elementor-widget-heading\" data-id=\"e24ee25\" data-element_type=\"widget\" data-settings=\"{&quot;_animation&quot;:&quot;fadeInUp&quot;}\" data-widget_type=\"heading.default\">\n\t\t\t\t\t<h2 class=\"elementor-heading-title elementor-size-default\">V\u00e5re tjenester<\/h2>\t\t\t\t<\/div>\n\t\t\t\t<\/div>\n\t\t<div class=\"elementor-element elementor-element-c2084ca e-con-full e-flex e-con e-child\" data-id=\"c2084ca\" data-element_type=\"container\">\n\t\t\t\t<div class=\"elementor-element elementor-element-0766ca4 elementor-widget-divider--view-line elementor-widget elementor-widget-divider\" data-id=\"0766ca4\" data-element_type=\"widget\" data-widget_type=\"divider.default\">\n\t\t\t\t\t\t\t<div class=\"elementor-divider\">\n\t\t\t<span class=\"elementor-divider-separator\">\n\t\t\t\t\t\t<\/span>\n\t\t<\/div>\n\t\t\t\t\t\t<\/div>\n\t\t\t\t<div class=\"elementor-element elementor-element-d9eddc3 elementor-widget elementor-widget-text-editor\" data-id=\"d9eddc3\" data-element_type=\"widget\" data-widget_type=\"text-editor.default\">\n\t\t\t\t\t\t\t\t\t<p>Hvert interi\u00f8r er en historie fortalt av m\u00f8bler.<\/p><p>Oppdag design i Norgcore-katalogen som inspirerer, skiller seg ut med sin kvalitet og gir liv til din unike visjon - fra den f\u00f8rste ideen til den siste detaljen.<\/p>\t\t\t\t\t\t\t\t<\/div>\n\t\t\t\t<\/div>\n\t\t\t\t<\/div>\n\t\t<div class=\"elementor-element elementor-element-e0eae7d e-con-full e-flex e-con e-child\" data-id=\"e0eae7d\" data-element_type=\"container\">\n\t\t<div class=\"elementor-element elementor-element-fa56208 e-con-full e-flex elementor-invisible e-con e-child\" data-id=\"fa56208\" data-element_type=\"container\" data-settings=\"{&quot;animation&quot;:&quot;fadeInUp&quot;,&quot;animation_delay&quot;:240}\">\n\t\t\t\t<div class=\"elementor-element elementor-element-f7500fd elementor-cta--skin-cover elementor-cta--valign-bottom elementor-bg-transform elementor-bg-transform-zoom-in elementor-widget elementor-widget-call-to-action\" data-id=\"f7500fd\" data-element_type=\"widget\" data-widget_type=\"call-to-action.default\">\n\t\t\t\t\t\t\t<div class=\"elementor-cta\">\n\t\t\t\t\t<div class=\"elementor-cta__bg-wrapper\">\n\t\t\t\t<div class=\"elementor-cta__bg elementor-bg\" style=\"background-image: url(https:\/\/norgcore.com\/wp-content\/uploads\/2025\/10\/WhatsApp-Image-2025-10-20-at-18.05.10_81c8692d-1024x764.jpg);\" role=\"img\" aria-label=\"WhatsApp Bilde 2025-10-20 kl. 18.05.10_81c8692d\"><\/div>\n\t\t\t\t<div class=\"elementor-cta__bg-overlay\"><\/div>\n\t\t\t<\/div>\n\t\t\t\t\t\t\t<div class=\"elementor-cta__content\">\n\t\t\t\t\n\t\t\t\t\t\t\t\t\t<h3 class=\"elementor-cta__title elementor-cta__content-item elementor-content-item\">\n\t\t\t\t\t\tKj\u00f8kken og benkeplater\t\t\t\t\t<\/h3>\n\t\t\t\t\n\t\t\t\t\n\t\t\t\t\t\t\t\t\t<div class=\"elementor-cta__button-wrapper elementor-cta__content-item elementor-content-item\">\n\t\t\t\t\t<a class=\"elementor-cta__button elementor-button elementor-size-xs\" href=\"\/no\/katalogas\/virtuves-ir-stalvirsiai\/\">\n\t\t\t\t\t\tSe\t\t\t\t\t<\/a>\n\t\t\t\t\t<\/div>\n\t\t\t\t\t\t\t<\/div>\n\t\t\t\t\t\t<\/div>\n\t\t\t\t\t\t<\/div>\n\t\t\t\t<\/div>\n\t\t<div class=\"elementor-element elementor-element-1f38b02 e-con-full e-flex elementor-invisible e-con e-child\" data-id=\"1f38b02\" data-element_type=\"container\" data-settings=\"{&quot;animation&quot;:&quot;fadeInUp&quot;,&quot;animation_delay&quot;:240}\">\n\t\t\t\t<div class=\"elementor-element elementor-element-ab0bdc3 elementor-cta--skin-cover elementor-cta--valign-bottom elementor-bg-transform elementor-bg-transform-zoom-in elementor-widget elementor-widget-call-to-action\" data-id=\"ab0bdc3\" data-element_type=\"widget\" data-widget_type=\"call-to-action.default\">\n\t\t\t\t\t\t\t<div class=\"elementor-cta\">\n\t\t\t\t\t<div class=\"elementor-cta__bg-wrapper\">\n\t\t\t\t<div class=\"elementor-cta__bg elementor-bg\" style=\"background-image: url(https:\/\/norgcore.com\/wp-content\/uploads\/2025\/10\/crittall_style_26278a30-8b2b-4a31-ad63-2380f4faf48e_1000x.webp);\" role=\"img\" aria-label=\"crittall_style_26278a30-8b2b-4a31-ad63-2380f4faf48e_1000x\"><\/div>\n\t\t\t\t<div class=\"elementor-cta__bg-overlay\"><\/div>\n\t\t\t<\/div>\n\t\t\t\t\t\t\t<div class=\"elementor-cta__content\">\n\t\t\t\t\n\t\t\t\t\t\t\t\t\t<h3 class=\"elementor-cta__title elementor-cta__content-item elementor-content-item\">\n\t\t\t\t\t\tD\u00f8rer og vinduer\t\t\t\t\t<\/h3>\n\t\t\t\t\n\t\t\t\t\n\t\t\t\t\t\t\t\t\t<div class=\"elementor-cta__button-wrapper elementor-cta__content-item elementor-content-item\">\n\t\t\t\t\t<a class=\"elementor-cta__button elementor-button elementor-size-xs\" href=\"\/no\/katalogas\/durys-ir-langai\/\">\n\t\t\t\t\t\tSe\t\t\t\t\t<\/a>\n\t\t\t\t\t<\/div>\n\t\t\t\t\t\t\t<\/div>\n\t\t\t\t\t\t<\/div>\n\t\t\t\t\t\t<\/div>\n\t\t\t\t<\/div>\n\t\t<div class=\"elementor-element elementor-element-d2b4b7b e-con-full e-flex elementor-invisible e-con e-child\" data-id=\"d2b4b7b\" data-element_type=\"container\" data-settings=\"{&quot;animation&quot;:&quot;fadeInUp&quot;,&quot;animation_delay&quot;:480}\">\n\t\t\t\t<div class=\"elementor-element elementor-element-9e1d0f7 elementor-cta--skin-cover elementor-cta--valign-bottom elementor-bg-transform elementor-bg-transform-zoom-in elementor-widget elementor-widget-call-to-action\" data-id=\"9e1d0f7\" data-element_type=\"widget\" data-widget_type=\"call-to-action.default\">\n\t\t\t\t\t\t\t<div class=\"elementor-cta\">\n\t\t\t\t\t<div class=\"elementor-cta__bg-wrapper\">\n\t\t\t\t<div class=\"elementor-cta__bg elementor-bg\" style=\"background-image: url(https:\/\/norgcore.com\/wp-content\/uploads\/2025\/10\/65c0ca817537e3627319877d_MariellLindHansen-2992_s-p-2000-1024x683.jpg);\" role=\"img\" aria-label=\"65c0ca817537e3627319877d_MariellLindHansen-2992_s-p-2000\"><\/div>\n\t\t\t\t<div class=\"elementor-cta__bg-overlay\"><\/div>\n\t\t\t<\/div>\n\t\t\t\t\t\t\t<div class=\"elementor-cta__content\">\n\t\t\t\t\n\t\t\t\t\t\t\t\t\t<h3 class=\"elementor-cta__title elementor-cta__content-item elementor-content-item\">\n\t\t\t\t\t\tBygging og gjenoppbygging\t\t\t\t\t<\/h3>\n\t\t\t\t\n\t\t\t\t\n\t\t\t\t\t\t\t\t\t<div class=\"elementor-cta__button-wrapper elementor-cta__content-item elementor-content-item\">\n\t\t\t\t\t<a class=\"elementor-cta__button elementor-button elementor-size-xs\" href=\"\/no\/katalogas\/rekonstrukcijos-darbai\/\">\n\t\t\t\t\t\tSe\t\t\t\t\t<\/a>\n\t\t\t\t\t<\/div>\n\t\t\t\t\t\t\t<\/div>\n\t\t\t\t\t\t<\/div>\n\t\t\t\t\t\t<\/div>\n\t\t\t\t<\/div>\n\t\t\t\t<\/div>\n\t\t\t\t<\/div>\n\t\t\t\t\t<\/div>\n\t\t\t\t<\/div>\n\t\t\t\t<\/div>","protected":false},"excerpt":{"rendered":"<p>M\u016bs\u0173 paslaugos Kiekvienas interjeras \u2013 tai istorija, kuri\u0105 pasakoja baldai. Atraskite Norgcore kataloge dizainus, kurie \u012fkvepia, i\u0161siskiria kokybe ir leid\u017eia \u012fgyvendinti j\u016bs\u0173 unikali\u0105 vizij\u0105 \u2013 nuo pirmos id\u0117jos iki paskutin\u0117s detal\u0117s. Virtuv\u0117s ir stalvir\u0161iai \u017di\u016br\u0117ti Durys ir langai \u017di\u016br\u0117ti Statyba ir rekonstrukcija \u017di\u016br\u0117ti<\/p>","protected":false},"author":1,"featured_media":0,"parent":0,"menu_order":0,"comment_status":"closed","ping_status":"closed","template":"elementor_header_footer","meta":{"footnotes":""},"class_list":["post-147","page","type-page","status-publish","hentry"],"yoast_head":"<!-- This site is optimized with the Yoast SEO plugin v26.2 - https:\/\/yoast.com\/wordpress\/plugins\/seo\/ -->\n<title>Katalogas - Norgcore - Virtuviniai baldai pagal u\u017esakym\u0105<\/title>\n<meta name=\"robots\" content=\"index, follow, max-snippet:-1, max-image-preview:large, max-video-preview:-1\" \/>\n<link rel=\"canonical\" href=\"https:\/\/norgcore.com\/no\/katalogas\/\" \/>\n<meta property=\"og:locale\" content=\"nb_NO\" \/>\n<meta property=\"og:type\" content=\"article\" \/>\n<meta property=\"og:title\" content=\"Katalogas - Norgcore - Virtuviniai baldai pagal u\u017esakym\u0105\" \/>\n<meta property=\"og:description\" content=\"M\u016bs\u0173 paslaugos Kiekvienas interjeras \u2013 tai istorija, kuri\u0105 pasakoja baldai. Atraskite Norgcore kataloge dizainus, kurie \u012fkvepia, i\u0161siskiria kokybe ir leid\u017eia \u012fgyvendinti j\u016bs\u0173 unikali\u0105 vizij\u0105 \u2013 nuo pirmos id\u0117jos iki paskutin\u0117s detal\u0117s. Virtuv\u0117s ir stalvir\u0161iai \u017di\u016br\u0117ti Durys ir langai \u017di\u016br\u0117ti Statyba ir rekonstrukcija \u017di\u016br\u0117ti\" \/>\n<meta property=\"og:url\" content=\"https:\/\/norgcore.com\/no\/katalogas\/\" \/>\n<meta property=\"og:site_name\" content=\"Norgcore - Virtuviniai baldai pagal u\u017esakym\u0105\" \/>\n<meta property=\"article:publisher\" content=\"https:\/\/www.facebook.com\/profile.php?id=61582276862439\" \/>\n<meta property=\"article:modified_time\" content=\"2025-10-22T13:38:02+00:00\" \/>\n<meta name=\"twitter:card\" content=\"summary_large_image\" \/>\n<script type=\"application\/ld+json\" class=\"yoast-schema-graph\">{\"@context\":\"https:\/\/schema.org\",\"@graph\":[{\"@type\":\"WebPage\",\"@id\":\"https:\/\/norgcore.com\/katalogas\/\",\"url\":\"https:\/\/norgcore.com\/katalogas\/\",\"name\":\"Katalogas - Norgcore - Virtuviniai baldai pagal u\u017esakym\u0105\",\"isPartOf\":{\"@id\":\"https:\/\/norgcore.com\/#website\"},\"datePublished\":\"2025-10-08T07:38:20+00:00\",\"dateModified\":\"2025-10-22T13:38:02+00:00\",\"breadcrumb\":{\"@id\":\"https:\/\/norgcore.com\/katalogas\/#breadcrumb\"},\"inLanguage\":\"nb-NO\",\"potentialAction\":[{\"@type\":\"ReadAction\",\"target\":[\"https:\/\/norgcore.com\/katalogas\/\"]}]},{\"@type\":\"BreadcrumbList\",\"@id\":\"https:\/\/norgcore.com\/katalogas\/#breadcrumb\",\"itemListElement\":[{\"@type\":\"ListItem\",\"position\":1,\"name\":\"Home\",\"item\":\"https:\/\/norgcore.com\/\"},{\"@type\":\"ListItem\",\"position\":2,\"name\":\"Katalogas\"}]},{\"@type\":\"WebSite\",\"@id\":\"https:\/\/norgcore.com\/#website\",\"url\":\"https:\/\/norgcore.com\/\",\"name\":\"Norgcore - Virtuviniai baldai jaukiems namams\",\"description\":\"U\u017esakomieji moduliniai virtuviniai baldai ir rank\u0173 darbo virtuviniai baldai - kiekvienam siekian\u010diam kokyb\u0117s\",\"publisher\":{\"@id\":\"https:\/\/norgcore.com\/#organization\"},\"potentialAction\":[{\"@type\":\"SearchAction\",\"target\":{\"@type\":\"EntryPoint\",\"urlTemplate\":\"https:\/\/norgcore.com\/?s={search_term_string}\"},\"query-input\":{\"@type\":\"PropertyValueSpecification\",\"valueRequired\":true,\"valueName\":\"search_term_string\"}}],\"inLanguage\":\"nb-NO\"},{\"@type\":\"Organization\",\"@id\":\"https:\/\/norgcore.com\/#organization\",\"name\":\"Norgcore MB\",\"url\":\"https:\/\/norgcore.com\/\",\"logo\":{\"@type\":\"ImageObject\",\"inLanguage\":\"nb-NO\",\"@id\":\"https:\/\/norgcore.com\/#\/schema\/logo\/image\/\",\"url\":\"https:\/\/norgcore.com\/wp-content\/uploads\/2025\/10\/NORGCORE-virtuves-logotipas-juodas.png\",\"contentUrl\":\"https:\/\/norgcore.com\/wp-content\/uploads\/2025\/10\/NORGCORE-virtuves-logotipas-juodas.png\",\"width\":417,\"height\":107,\"caption\":\"Norgcore MB\"},\"image\":{\"@id\":\"https:\/\/norgcore.com\/#\/schema\/logo\/image\/\"},\"sameAs\":[\"https:\/\/www.facebook.com\/profile.php?id=61582276862439\"]}]}<\/script>\n<!-- \/ Yoast SEO plugin. -->","yoast_head_json":{"title":"Katalogas - Norgcore - Virtuviniai baldai pagal u\u017esakym\u0105","robots":{"index":"index","follow":"follow","max-snippet":"max-snippet:-1","max-image-preview":"max-image-preview:large","max-video-preview":"max-video-preview:-1"},"canonical":"https:\/\/norgcore.com\/no\/katalogas\/","og_locale":"nb_NO","og_type":"article","og_title":"Katalogas - Norgcore - Virtuviniai baldai pagal u\u017esakym\u0105","og_description":"M\u016bs\u0173 paslaugos Kiekvienas interjeras \u2013 tai istorija, kuri\u0105 pasakoja baldai. Atraskite Norgcore kataloge dizainus, kurie \u012fkvepia, i\u0161siskiria kokybe ir leid\u017eia \u012fgyvendinti j\u016bs\u0173 unikali\u0105 vizij\u0105 \u2013 nuo pirmos id\u0117jos iki paskutin\u0117s detal\u0117s. Virtuv\u0117s ir stalvir\u0161iai \u017di\u016br\u0117ti Durys ir langai \u017di\u016br\u0117ti Statyba ir rekonstrukcija \u017di\u016br\u0117ti","og_url":"https:\/\/norgcore.com\/no\/katalogas\/","og_site_name":"Norgcore - Virtuviniai baldai pagal u\u017esakym\u0105","article_publisher":"https:\/\/www.facebook.com\/profile.php?id=61582276862439","article_modified_time":"2025-10-22T13:38:02+00:00","twitter_card":"summary_large_image","schema":{"@context":"https:\/\/schema.org","@graph":[{"@type":"WebPage","@id":"https:\/\/norgcore.com\/katalogas\/","url":"https:\/\/norgcore.com\/katalogas\/","name":"Katalogas - Norgcore - Virtuviniai baldai pagal u\u017esakym\u0105","isPartOf":{"@id":"https:\/\/norgcore.com\/#website"},"datePublished":"2025-10-08T07:38:20+00:00","dateModified":"2025-10-22T13:38:02+00:00","breadcrumb":{"@id":"https:\/\/norgcore.com\/katalogas\/#breadcrumb"},"inLanguage":"nb-NO","potentialAction":[{"@type":"ReadAction","target":["https:\/\/norgcore.com\/katalogas\/"]}]},{"@type":"BreadcrumbList","@id":"https:\/\/norgcore.com\/katalogas\/#breadcrumb","itemListElement":[{"@type":"ListItem","position":1,"name":"Home","item":"https:\/\/norgcore.com\/"},{"@type":"ListItem","position":2,"name":"Katalogas"}]},{"@type":"WebSite","@id":"https:\/\/norgcore.com\/#website","url":"https:\/\/norgcore.com\/","name":"Norgcore - Virtuviniai baldai jaukiems namams","description":"U\u017esakomieji moduliniai virtuviniai baldai ir rank\u0173 darbo virtuviniai baldai - kiekvienam siekian\u010diam kokyb\u0117s","publisher":{"@id":"https:\/\/norgcore.com\/#organization"},"potentialAction":[{"@type":"SearchAction","target":{"@type":"EntryPoint","urlTemplate":"https:\/\/norgcore.com\/?s={search_term_string}"},"query-input":{"@type":"PropertyValueSpecification","valueRequired":true,"valueName":"search_term_string"}}],"inLanguage":"nb-NO"},{"@type":"Organization","@id":"https:\/\/norgcore.com\/#organization","name":"Norgcore MB","url":"https:\/\/norgcore.com\/","logo":{"@type":"ImageObject","inLanguage":"nb-NO","@id":"https:\/\/norgcore.com\/#\/schema\/logo\/image\/","url":"https:\/\/norgcore.com\/wp-content\/uploads\/2025\/10\/NORGCORE-virtuves-logotipas-juodas.png","contentUrl":"https:\/\/norgcore.com\/wp-content\/uploads\/2025\/10\/NORGCORE-virtuves-logotipas-juodas.png","width":417,"height":107,"caption":"Norgcore MB"},"image":{"@id":"https:\/\/norgcore.com\/#\/schema\/logo\/image\/"},"sameAs":["https:\/\/www.facebook.com\/profile.php?id=61582276862439"]}]}},"_links":{"self":[{"href":"https:\/\/norgcore.com\/no\/wp-json\/wp\/v2\/pages\/147","targetHints":{"allow":["GET"]}}],"collection":[{"href":"https:\/\/norgcore.com\/no\/wp-json\/wp\/v2\/pages"}],"about":[{"href":"https:\/\/norgcore.com\/no\/wp-json\/wp\/v2\/types\/page"}],"author":[{"embeddable":true,"href":"https:\/\/norgcore.com\/no\/wp-json\/wp\/v2\/users\/1"}],"replies":[{"embeddable":true,"href":"https:\/\/norgcore.com\/no\/wp-json\/wp\/v2\/comments?post=147"}],"version-history":[{"count":43,"href":"https:\/\/norgcore.com\/no\/wp-json\/wp\/v2\/pages\/147\/revisions"}],"predecessor-version":[{"id":886,"href":"https:\/\/norgcore.com\/no\/wp-json\/wp\/v2\/pages\/147\/revisions\/886"}],"wp:attachment":[{"href":"https:\/\/norgcore.com\/no\/wp-json\/wp\/v2\/media?parent=147"}],"curies":[{"name":"wp","href":"https:\/\/api.w.org\/{rel}","templated":true}]}}