{"id":840,"date":"2025-10-22T12:39:03","date_gmt":"2025-10-22T10:39:03","guid":{"rendered":"https:\/\/norgcore.com\/?page_id=840"},"modified":"2025-10-23T13:18:56","modified_gmt":"2025-10-23T11:18:56","slug":"virtuves-ir-stalvirsiai","status":"publish","type":"page","link":"https:\/\/norgcore.com\/no\/katalogas\/virtuves-ir-stalvirsiai\/","title":{"rendered":"Kj\u00f8kken og benkeplater"},"content":{"rendered":"<div data-elementor-type=\"wp-page\" data-elementor-id=\"840\" class=\"elementor elementor-840\" data-elementor-post-type=\"page\">\n\t\t\t\t\t\t<section class=\"elementor-section elementor-top-section elementor-element elementor-element-4b56dccc elementor-reverse-mobile elementor-section-boxed elementor-section-height-default elementor-section-height-default\" data-id=\"4b56dccc\" data-element_type=\"section\" data-settings=\"{&quot;background_background&quot;:&quot;classic&quot;}\">\n\t\t\t\t\t\t\t<div class=\"elementor-background-overlay\"><\/div>\n\t\t\t\t\t\t\t<div class=\"elementor-container elementor-column-gap-default\">\n\t\t\t\t\t<div class=\"elementor-column elementor-col-50 elementor-top-column elementor-element elementor-element-7bde70a7 elementor-invisible\" data-id=\"7bde70a7\" data-element_type=\"column\" data-settings=\"{&quot;background_background&quot;:&quot;classic&quot;,&quot;animation&quot;:&quot;slideInUp&quot;}\">\n\t\t\t<div class=\"elementor-widget-wrap\">\n\t\t\t\t\t\t\t<\/div>\n\t\t<\/div>\n\t\t\t\t<div class=\"elementor-column elementor-col-50 elementor-top-column elementor-element elementor-element-7a1b816f\" data-id=\"7a1b816f\" data-element_type=\"column\">\n\t\t\t<div class=\"elementor-widget-wrap elementor-element-populated\">\n\t\t\t\t\t\t<section class=\"elementor-section elementor-inner-section elementor-element elementor-element-6fd94c20 elementor-section-boxed elementor-section-height-default elementor-section-height-default\" data-id=\"6fd94c20\" data-element_type=\"section\">\n\t\t\t\t\t\t<div class=\"elementor-container elementor-column-gap-default\">\n\t\t\t\t\t<div class=\"elementor-column elementor-col-100 elementor-inner-column elementor-element elementor-element-3f4bcb4c\" data-id=\"3f4bcb4c\" data-element_type=\"column\">\n\t\t\t<div class=\"elementor-widget-wrap elementor-element-populated\">\n\t\t\t\t\t\t<div class=\"elementor-element elementor-element-2a5113f0 elementor-widget__width-inherit elementor-invisible elementor-widget elementor-widget-heading\" data-id=\"2a5113f0\" data-element_type=\"widget\" data-settings=\"{&quot;_animation&quot;:&quot;fadeInRight&quot;}\" data-widget_type=\"heading.default\">\n\t\t\t\t\t<h1 class=\"elementor-heading-title elementor-size-default\">Kj\u00f8kken og benkeplater<\/h1>\t\t\t\t<\/div>\n\t\t\t\t\t<\/div>\n\t\t<\/div>\n\t\t\t\t\t<\/div>\n\t\t<\/section>\n\t\t\t\t\t<\/div>\n\t\t<\/div>\n\t\t\t\t\t<\/div>\n\t\t<\/section>\n\t\t<div class=\"elementor-element elementor-element-156d3629 e-flex e-con-boxed e-con e-parent\" data-id=\"156d3629\" data-element_type=\"container\">\n\t\t\t\t\t<div class=\"e-con-inner\">\n\t\t<div class=\"elementor-element elementor-element-4f5dd762 e-con-full e-flex e-con e-child\" data-id=\"4f5dd762\" data-element_type=\"container\">\n\t\t<div class=\"elementor-element elementor-element-486f27f7 e-con-full e-flex e-con e-child\" data-id=\"486f27f7\" data-element_type=\"container\">\n\t\t<div class=\"elementor-element elementor-element-52d9269e e-con-full e-flex e-con e-child\" data-id=\"52d9269e\" data-element_type=\"container\">\n\t\t\t\t<div class=\"elementor-element elementor-element-1ffb2378 elementor-invisible elementor-widget elementor-widget-heading\" data-id=\"1ffb2378\" data-element_type=\"widget\" data-settings=\"{&quot;_animation&quot;:&quot;fadeInUp&quot;}\" data-widget_type=\"heading.default\">\n\t\t\t\t\t<h2 class=\"elementor-heading-title elementor-size-default\">Skreddersydde kj\u00f8kken<\/h2>\t\t\t\t<\/div>\n\t\t\t\t<\/div>\n\t\t<div class=\"elementor-element elementor-element-34d19c37 e-con-full e-flex e-con e-child\" data-id=\"34d19c37\" data-element_type=\"container\">\n\t\t\t\t<div class=\"elementor-element elementor-element-ba6e1ed elementor-widget-divider--view-line elementor-widget elementor-widget-divider\" data-id=\"ba6e1ed\" data-element_type=\"widget\" data-widget_type=\"divider.default\">\n\t\t\t\t\t\t\t<div class=\"elementor-divider\">\n\t\t\t<span class=\"elementor-divider-separator\">\n\t\t\t\t\t\t<\/span>\n\t\t<\/div>\n\t\t\t\t\t\t<\/div>\n\t\t\t\t<div class=\"elementor-element elementor-element-11b142da elementor-widget elementor-widget-text-editor\" data-id=\"11b142da\" data-element_type=\"widget\" data-widget_type=\"text-editor.default\">\n\t\t\t\t\t\t\t\t\t<p>Hvert interi\u00f8r er en historie fortalt av m\u00f8bler.<\/p><p>Oppdag design i Norgcore-katalogen som inspirerer, skiller seg ut med sin kvalitet og gir liv til din unike visjon - fra den f\u00f8rste ideen til den siste detaljen.<\/p>\t\t\t\t\t\t\t\t<\/div>\n\t\t\t\t<\/div>\n\t\t\t\t<\/div>\n\t\t<div class=\"elementor-element elementor-element-1168a4a6 e-con-full e-flex e-con e-child\" data-id=\"1168a4a6\" data-element_type=\"container\">\n\t\t<div class=\"elementor-element elementor-element-3f7195a7 e-con-full e-flex elementor-invisible e-con e-child\" data-id=\"3f7195a7\" data-element_type=\"container\" data-settings=\"{&quot;animation&quot;:&quot;fadeInUp&quot;,&quot;animation_delay&quot;:240}\">\n\t\t\t\t<div class=\"elementor-element elementor-element-601082df elementor-cta--skin-cover elementor-cta--valign-bottom elementor-bg-transform elementor-bg-transform-zoom-in elementor-widget elementor-widget-call-to-action\" data-id=\"601082df\" data-element_type=\"widget\" data-widget_type=\"call-to-action.default\">\n\t\t\t\t\t\t\t<div class=\"elementor-cta\">\n\t\t\t\t\t<div class=\"elementor-cta__bg-wrapper\">\n\t\t\t\t<div class=\"elementor-cta__bg elementor-bg\" style=\"background-image: url(https:\/\/norgcore.com\/wp-content\/uploads\/2025\/10\/WhatsApp-Image-2025-10-20-at-18.05.10_81c8692d-1024x764.jpg);\" role=\"img\" aria-label=\"WhatsApp Bilde 2025-10-20 kl. 18.05.10_81c8692d\"><\/div>\n\t\t\t\t<div class=\"elementor-cta__bg-overlay\"><\/div>\n\t\t\t<\/div>\n\t\t\t\t\t\t\t<div class=\"elementor-cta__content\">\n\t\t\t\t\n\t\t\t\t\t\t\t\t\t<h3 class=\"elementor-cta__title elementor-cta__content-item elementor-content-item\">\n\t\t\t\t\t\tModul\u00e6re kj\u00f8kken\t\t\t\t\t<\/h3>\n\t\t\t\t\n\t\t\t\t\n\t\t\t\t\t\t\t\t\t<div class=\"elementor-cta__button-wrapper elementor-cta__content-item elementor-content-item\">\n\t\t\t\t\t<a class=\"elementor-cta__button elementor-button elementor-size-xs\" href=\"\/no\/katalogas\/virtuves-ir-stalvirsiai\/modulines-virtuves\/\">\n\t\t\t\t\t\tSe\t\t\t\t\t<\/a>\n\t\t\t\t\t<\/div>\n\t\t\t\t\t\t\t<\/div>\n\t\t\t\t\t\t<\/div>\n\t\t\t\t\t\t<\/div>\n\t\t\t\t<\/div>\n\t\t<div class=\"elementor-element elementor-element-6af7e232 e-con-full e-flex elementor-invisible e-con e-child\" data-id=\"6af7e232\" data-element_type=\"container\" data-settings=\"{&quot;animation&quot;:&quot;fadeInUp&quot;,&quot;animation_delay&quot;:480}\">\n\t\t\t\t<div class=\"elementor-element elementor-element-59270e56 elementor-cta--skin-cover elementor-cta--valign-bottom elementor-bg-transform elementor-bg-transform-zoom-in elementor-widget elementor-widget-call-to-action\" data-id=\"59270e56\" data-element_type=\"widget\" data-widget_type=\"call-to-action.default\">\n\t\t\t\t\t\t\t<div class=\"elementor-cta\">\n\t\t\t\t\t<div class=\"elementor-cta__bg-wrapper\">\n\t\t\t\t<div class=\"elementor-cta__bg elementor-bg\" style=\"background-image: url(https:\/\/norgcore.com\/wp-content\/uploads\/2025\/10\/6870e4c03e09f1bd3871ec9b_Orchard-3-p-2000-1024x768.jpeg);\" role=\"img\" aria-label=\"6870e4c03e09f1bd3871ec9b_Orchard-3-p-2000\"><\/div>\n\t\t\t\t<div class=\"elementor-cta__bg-overlay\"><\/div>\n\t\t\t<\/div>\n\t\t\t\t\t\t\t<div class=\"elementor-cta__content\">\n\t\t\t\t\n\t\t\t\t\t\t\t\t\t<h3 class=\"elementor-cta__title elementor-cta__content-item elementor-content-item\">\n\t\t\t\t\t\tH\u00e5ndlagde kj\u00f8kken\t\t\t\t\t<\/h3>\n\t\t\t\t\n\t\t\t\t\n\t\t\t\t\t\t\t\t\t<div class=\"elementor-cta__button-wrapper elementor-cta__content-item elementor-content-item\">\n\t\t\t\t\t<a class=\"elementor-cta__button elementor-button elementor-size-xs\" href=\"\/no\/katalogas\/virtuves-ir-stalvirsiai\/ranku-darbo-virtuves\/\">\n\t\t\t\t\t\tSe\t\t\t\t\t<\/a>\n\t\t\t\t\t<\/div>\n\t\t\t\t\t\t\t<\/div>\n\t\t\t\t\t\t<\/div>\n\t\t\t\t\t\t<\/div>\n\t\t\t\t<\/div>\n\t\t<div class=\"elementor-element elementor-element-61cc7a3 e-con-full e-flex elementor-invisible e-con e-child\" data-id=\"61cc7a3\" data-element_type=\"container\" data-settings=\"{&quot;animation&quot;:&quot;fadeInUp&quot;,&quot;animation_delay&quot;:240}\">\n\t\t\t\t<div class=\"elementor-element elementor-element-822abac elementor-cta--skin-cover elementor-cta--valign-bottom elementor-bg-transform elementor-bg-transform-zoom-in elementor-widget elementor-widget-call-to-action\" data-id=\"822abac\" data-element_type=\"widget\" data-widget_type=\"call-to-action.default\">\n\t\t\t\t\t\t\t<div class=\"elementor-cta\">\n\t\t\t\t\t<div class=\"elementor-cta__bg-wrapper\">\n\t\t\t\t<div class=\"elementor-cta__bg elementor-bg\" style=\"background-image: url(https:\/\/norgcore.com\/wp-content\/uploads\/2025\/10\/WhatsApp-Image-2025-10-21-at-20.32.00_a7f3f1de.jpg);\" role=\"img\" aria-label=\"WhatsApp Bilde 2025-10-21 kl 20.32.00_a7f3f1de\"><\/div>\n\t\t\t\t<div class=\"elementor-cta__bg-overlay\"><\/div>\n\t\t\t<\/div>\n\t\t\t\t\t\t\t<div class=\"elementor-cta__content\">\n\t\t\t\t\n\t\t\t\t\t\t\t\t\t<h3 class=\"elementor-cta__title elementor-cta__content-item elementor-content-item\">\n\t\t\t\t\t\tProduksjon av benkeplater\t\t\t\t\t<\/h3>\n\t\t\t\t\n\t\t\t\t\n\t\t\t\t\t\t\t\t\t<div class=\"elementor-cta__button-wrapper elementor-cta__content-item elementor-content-item\">\n\t\t\t\t\t<a class=\"elementor-cta__button elementor-button elementor-size-xs\" href=\"\/no\/katalogas\/virtuves-ir-stalvirsiai\/stalvirsiu-gamyba\/\">\n\t\t\t\t\t\tSe\t\t\t\t\t<\/a>\n\t\t\t\t\t<\/div>\n\t\t\t\t\t\t\t<\/div>\n\t\t\t\t\t\t<\/div>\n\t\t\t\t\t\t<\/div>\n\t\t\t\t<\/div>\n\t\t\t\t<\/div>\n\t\t\t\t<\/div>\n\t\t\t\t\t<\/div>\n\t\t\t\t<\/div>\n\t\t\t\t<\/div>","protected":false},"excerpt":{"rendered":"<p>Virtuv\u0117s pagal u\u017esakym\u0105 Kiekvienas interjeras \u2013 tai istorija, kuri\u0105 pasakoja baldai. Atraskite Norgcore kataloge dizainus, kurie \u012fkvepia, i\u0161siskiria kokybe ir leid\u017eia \u012fgyvendinti j\u016bs\u0173 unikali\u0105 vizij\u0105 \u2013 nuo pirmos id\u0117jos iki paskutin\u0117s detal\u0117s. Modulin\u0117s virtuv\u0117s \u017di\u016br\u0117ti Rank\u0173 darbo virtuv\u0117s \u017di\u016br\u0117ti Stalvir\u0161i\u0173 gamyba \u017di\u016br\u0117ti<\/p>","protected":false},"author":2,"featured_media":0,"parent":147,"menu_order":0,"comment_status":"closed","ping_status":"closed","template":"elementor_header_footer","meta":{"footnotes":""},"class_list":["post-840","page","type-page","status-publish","hentry"],"yoast_head":"<!-- This site is optimized with the Yoast SEO plugin v26.2 - https:\/\/yoast.com\/wordpress\/plugins\/seo\/ -->\n<title>Virtuv\u0117s ir stalvir\u0161iai - Norgcore - Virtuviniai baldai pagal u\u017esakym\u0105<\/title>\n<meta name=\"robots\" content=\"index, follow, max-snippet:-1, max-image-preview:large, max-video-preview:-1\" \/>\n<link rel=\"canonical\" href=\"https:\/\/norgcore.com\/no\/katalogas\/virtuves-ir-stalvirsiai\/\" \/>\n<meta property=\"og:locale\" content=\"nb_NO\" \/>\n<meta property=\"og:type\" content=\"article\" \/>\n<meta property=\"og:title\" content=\"Virtuv\u0117s ir stalvir\u0161iai - Norgcore - Virtuviniai baldai pagal u\u017esakym\u0105\" \/>\n<meta property=\"og:description\" content=\"Virtuv\u0117s pagal u\u017esakym\u0105 Kiekvienas interjeras \u2013 tai istorija, kuri\u0105 pasakoja baldai. Atraskite Norgcore kataloge dizainus, kurie \u012fkvepia, i\u0161siskiria kokybe ir leid\u017eia \u012fgyvendinti j\u016bs\u0173 unikali\u0105 vizij\u0105 \u2013 nuo pirmos id\u0117jos iki paskutin\u0117s detal\u0117s. Modulin\u0117s virtuv\u0117s \u017di\u016br\u0117ti Rank\u0173 darbo virtuv\u0117s \u017di\u016br\u0117ti Stalvir\u0161i\u0173 gamyba \u017di\u016br\u0117ti\" \/>\n<meta property=\"og:url\" content=\"https:\/\/norgcore.com\/no\/katalogas\/virtuves-ir-stalvirsiai\/\" \/>\n<meta property=\"og:site_name\" content=\"Norgcore - Virtuviniai baldai pagal u\u017esakym\u0105\" \/>\n<meta property=\"article:publisher\" content=\"https:\/\/www.facebook.com\/profile.php?id=61582276862439\" \/>\n<meta property=\"article:modified_time\" content=\"2025-10-23T11:18:56+00:00\" \/>\n<meta name=\"twitter:card\" content=\"summary_large_image\" \/>\n<script type=\"application\/ld+json\" class=\"yoast-schema-graph\">{\"@context\":\"https:\/\/schema.org\",\"@graph\":[{\"@type\":\"WebPage\",\"@id\":\"https:\/\/norgcore.com\/katalogas\/virtuves-ir-stalvirsiai\/\",\"url\":\"https:\/\/norgcore.com\/katalogas\/virtuves-ir-stalvirsiai\/\",\"name\":\"Virtuv\u0117s ir stalvir\u0161iai - Norgcore - Virtuviniai baldai pagal u\u017esakym\u0105\",\"isPartOf\":{\"@id\":\"https:\/\/norgcore.com\/#website\"},\"datePublished\":\"2025-10-22T10:39:03+00:00\",\"dateModified\":\"2025-10-23T11:18:56+00:00\",\"breadcrumb\":{\"@id\":\"https:\/\/norgcore.com\/katalogas\/virtuves-ir-stalvirsiai\/#breadcrumb\"},\"inLanguage\":\"nb-NO\",\"potentialAction\":[{\"@type\":\"ReadAction\",\"target\":[\"https:\/\/norgcore.com\/katalogas\/virtuves-ir-stalvirsiai\/\"]}]},{\"@type\":\"BreadcrumbList\",\"@id\":\"https:\/\/norgcore.com\/katalogas\/virtuves-ir-stalvirsiai\/#breadcrumb\",\"itemListElement\":[{\"@type\":\"ListItem\",\"position\":1,\"name\":\"Home\",\"item\":\"https:\/\/norgcore.com\/\"},{\"@type\":\"ListItem\",\"position\":2,\"name\":\"Katalogas\",\"item\":\"https:\/\/norgcore.com\/katalogas\/\"},{\"@type\":\"ListItem\",\"position\":3,\"name\":\"Virtuv\u0117s ir stalvir\u0161iai\"}]},{\"@type\":\"WebSite\",\"@id\":\"https:\/\/norgcore.com\/#website\",\"url\":\"https:\/\/norgcore.com\/\",\"name\":\"Norgcore - Virtuviniai baldai jaukiems namams\",\"description\":\"U\u017esakomieji moduliniai virtuviniai baldai ir rank\u0173 darbo virtuviniai baldai - kiekvienam siekian\u010diam kokyb\u0117s\",\"publisher\":{\"@id\":\"https:\/\/norgcore.com\/#organization\"},\"potentialAction\":[{\"@type\":\"SearchAction\",\"target\":{\"@type\":\"EntryPoint\",\"urlTemplate\":\"https:\/\/norgcore.com\/?s={search_term_string}\"},\"query-input\":{\"@type\":\"PropertyValueSpecification\",\"valueRequired\":true,\"valueName\":\"search_term_string\"}}],\"inLanguage\":\"nb-NO\"},{\"@type\":\"Organization\",\"@id\":\"https:\/\/norgcore.com\/#organization\",\"name\":\"Norgcore MB\",\"url\":\"https:\/\/norgcore.com\/\",\"logo\":{\"@type\":\"ImageObject\",\"inLanguage\":\"nb-NO\",\"@id\":\"https:\/\/norgcore.com\/#\/schema\/logo\/image\/\",\"url\":\"https:\/\/norgcore.com\/wp-content\/uploads\/2025\/10\/NORGCORE-virtuves-logotipas-juodas.png\",\"contentUrl\":\"https:\/\/norgcore.com\/wp-content\/uploads\/2025\/10\/NORGCORE-virtuves-logotipas-juodas.png\",\"width\":417,\"height\":107,\"caption\":\"Norgcore MB\"},\"image\":{\"@id\":\"https:\/\/norgcore.com\/#\/schema\/logo\/image\/\"},\"sameAs\":[\"https:\/\/www.facebook.com\/profile.php?id=61582276862439\"]}]}<\/script>\n<!-- \/ Yoast SEO plugin. -->","yoast_head_json":{"title":"Virtuv\u0117s ir stalvir\u0161iai - Norgcore - Virtuviniai baldai pagal u\u017esakym\u0105","robots":{"index":"index","follow":"follow","max-snippet":"max-snippet:-1","max-image-preview":"max-image-preview:large","max-video-preview":"max-video-preview:-1"},"canonical":"https:\/\/norgcore.com\/no\/katalogas\/virtuves-ir-stalvirsiai\/","og_locale":"nb_NO","og_type":"article","og_title":"Virtuv\u0117s ir stalvir\u0161iai - Norgcore - Virtuviniai baldai pagal u\u017esakym\u0105","og_description":"Virtuv\u0117s pagal u\u017esakym\u0105 Kiekvienas interjeras \u2013 tai istorija, kuri\u0105 pasakoja baldai. Atraskite Norgcore kataloge dizainus, kurie \u012fkvepia, i\u0161siskiria kokybe ir leid\u017eia \u012fgyvendinti j\u016bs\u0173 unikali\u0105 vizij\u0105 \u2013 nuo pirmos id\u0117jos iki paskutin\u0117s detal\u0117s. Modulin\u0117s virtuv\u0117s \u017di\u016br\u0117ti Rank\u0173 darbo virtuv\u0117s \u017di\u016br\u0117ti Stalvir\u0161i\u0173 gamyba \u017di\u016br\u0117ti","og_url":"https:\/\/norgcore.com\/no\/katalogas\/virtuves-ir-stalvirsiai\/","og_site_name":"Norgcore - Virtuviniai baldai pagal u\u017esakym\u0105","article_publisher":"https:\/\/www.facebook.com\/profile.php?id=61582276862439","article_modified_time":"2025-10-23T11:18:56+00:00","twitter_card":"summary_large_image","schema":{"@context":"https:\/\/schema.org","@graph":[{"@type":"WebPage","@id":"https:\/\/norgcore.com\/katalogas\/virtuves-ir-stalvirsiai\/","url":"https:\/\/norgcore.com\/katalogas\/virtuves-ir-stalvirsiai\/","name":"Virtuv\u0117s ir stalvir\u0161iai - Norgcore - Virtuviniai baldai pagal u\u017esakym\u0105","isPartOf":{"@id":"https:\/\/norgcore.com\/#website"},"datePublished":"2025-10-22T10:39:03+00:00","dateModified":"2025-10-23T11:18:56+00:00","breadcrumb":{"@id":"https:\/\/norgcore.com\/katalogas\/virtuves-ir-stalvirsiai\/#breadcrumb"},"inLanguage":"nb-NO","potentialAction":[{"@type":"ReadAction","target":["https:\/\/norgcore.com\/katalogas\/virtuves-ir-stalvirsiai\/"]}]},{"@type":"BreadcrumbList","@id":"https:\/\/norgcore.com\/katalogas\/virtuves-ir-stalvirsiai\/#breadcrumb","itemListElement":[{"@type":"ListItem","position":1,"name":"Home","item":"https:\/\/norgcore.com\/"},{"@type":"ListItem","position":2,"name":"Katalogas","item":"https:\/\/norgcore.com\/katalogas\/"},{"@type":"ListItem","position":3,"name":"Virtuv\u0117s ir stalvir\u0161iai"}]},{"@type":"WebSite","@id":"https:\/\/norgcore.com\/#website","url":"https:\/\/norgcore.com\/","name":"Norgcore - Virtuviniai baldai jaukiems namams","description":"U\u017esakomieji moduliniai virtuviniai baldai ir rank\u0173 darbo virtuviniai baldai - kiekvienam siekian\u010diam kokyb\u0117s","publisher":{"@id":"https:\/\/norgcore.com\/#organization"},"potentialAction":[{"@type":"SearchAction","target":{"@type":"EntryPoint","urlTemplate":"https:\/\/norgcore.com\/?s={search_term_string}"},"query-input":{"@type":"PropertyValueSpecification","valueRequired":true,"valueName":"search_term_string"}}],"inLanguage":"nb-NO"},{"@type":"Organization","@id":"https:\/\/norgcore.com\/#organization","name":"Norgcore MB","url":"https:\/\/norgcore.com\/","logo":{"@type":"ImageObject","inLanguage":"nb-NO","@id":"https:\/\/norgcore.com\/#\/schema\/logo\/image\/","url":"https:\/\/norgcore.com\/wp-content\/uploads\/2025\/10\/NORGCORE-virtuves-logotipas-juodas.png","contentUrl":"https:\/\/norgcore.com\/wp-content\/uploads\/2025\/10\/NORGCORE-virtuves-logotipas-juodas.png","width":417,"height":107,"caption":"Norgcore MB"},"image":{"@id":"https:\/\/norgcore.com\/#\/schema\/logo\/image\/"},"sameAs":["https:\/\/www.facebook.com\/profile.php?id=61582276862439"]}]}},"_links":{"self":[{"href":"https:\/\/norgcore.com\/no\/wp-json\/wp\/v2\/pages\/840","targetHints":{"allow":["GET"]}}],"collection":[{"href":"https:\/\/norgcore.com\/no\/wp-json\/wp\/v2\/pages"}],"about":[{"href":"https:\/\/norgcore.com\/no\/wp-json\/wp\/v2\/types\/page"}],"author":[{"embeddable":true,"href":"https:\/\/norgcore.com\/no\/wp-json\/wp\/v2\/users\/2"}],"replies":[{"embeddable":true,"href":"https:\/\/norgcore.com\/no\/wp-json\/wp\/v2\/comments?post=840"}],"version-history":[{"count":7,"href":"https:\/\/norgcore.com\/no\/wp-json\/wp\/v2\/pages\/840\/revisions"}],"predecessor-version":[{"id":922,"href":"https:\/\/norgcore.com\/no\/wp-json\/wp\/v2\/pages\/840\/revisions\/922"}],"up":[{"embeddable":true,"href":"https:\/\/norgcore.com\/no\/wp-json\/wp\/v2\/pages\/147"}],"wp:attachment":[{"href":"https:\/\/norgcore.com\/no\/wp-json\/wp\/v2\/media?parent=840"}],"curies":[{"name":"wp","href":"https:\/\/api.w.org\/{rel}","templated":true}]}}